{"id":8588,"date":"2023-11-10T17:37:00","date_gmt":"2023-11-10T09:37:00","guid":{"rendered":"https:\/\/acenoxkitchenequipment.com\/?post_type=product&#038;p=8588"},"modified":"2024-09-13T22:39:26","modified_gmt":"2024-09-13T14:39:26","slug":"sweet-counter","status":"publish","type":"product","link":"https:\/\/acenoxkitchenequipment.com\/de\/produkt\/sweet-counter\/","title":{"rendered":"S\u00fc\u00dfwarentheke"},"content":{"rendered":"<h3>S\u00fc\u00dfwarentheke Hersteller:<\/h3>\n<p>Die S\u00fc\u00dfwarentheke ist eine K\u00fchltheke.<\/p>\n<p>Wof\u00fcr wird eine S\u00fc\u00dfigkeitentheke verwendet? Sie wird normalerweise zur Pr\u00e4sentation von Desserts, S\u00fc\u00dfigkeiten, Schokolade, Kuchen oder Eiscreme verwendet.<\/p>\n<p>Als Hersteller von S\u00fc\u00dfwarentheken bieten wir viele Ausf\u00fchrungen an:<\/p>\n<ul>\n<li>Farbe: Edelstahlfarbe\/Schwarzfarbe\/Goldfarbe\/Wei\u00dffarbe<\/li>\n<li>Materialien: beschichteter Stahl\/Edelstahl\/Marmor<\/li>\n<li>Regale: 2 Schichten\/3 Schichten<\/li>\n<li>Temperatur: 0 ~ 8 \u2103<\/li>\n<li>K\u00fchleinheiten: Kompressoren von Embraco (brasilianische Marke)\/Secop (deutsche Marke)\/Donper (China) als Option<\/li>\n<li>Digitaler Temperaturregler: Wir haben drei Optionen: Marke Angle (bekannte chinesische Marke)\/Italien Dixell\/Italien Carel. Alle diese digitalen Temperaturregler sind von langlebiger Qualit\u00e4t und stammen von renommierten Lieferanten, die klare und detaillierte Anweisungen und einen Kundendienst bieten.<\/li>\n<li>L\u00e4nge: 900mm\/1000mm\/1200mm\/1500mm\/1800mm\/2000mm<\/li>\n<li>Tiefe: 700mm<\/li>\n<li>H\u00f6he: 1270mm<\/li>\n<\/ul>\n<p>Neben den oben genannten Designs bieten wir mehrere Designs f\u00fcr die Funktion der S\u00fc\u00dfigkeitentheke an. Verschiedene kundenspezifische Designs sind hier verf\u00fcgbar.<\/p>\n<h3>Fotos der S\u00fc\u00dfigkeitentheke:<\/h3>\n<p><img fetchpriority=\"high\" decoding=\"async\" class=\"alignnone wp-image-9995\" src=\"https:\/\/acenoxkitchenequipment.com\/wp-content\/uploads\/2023\/11\/sweet-display-counter-supplier.webp\" alt=\"sweet display counter\" width=\"710\" height=\"532\" srcset=\"https:\/\/acenoxkitchenequipment.com\/wp-content\/uploads\/2023\/11\/sweet-display-counter-supplier.webp 1000w, https:\/\/acenoxkitchenequipment.com\/wp-content\/uploads\/2023\/11\/sweet-display-counter-supplier-300x225.webp 300w, https:\/\/acenoxkitchenequipment.com\/wp-content\/uploads\/2023\/11\/sweet-display-counter-supplier-768x576.webp 768w, https:\/\/acenoxkitchenequipment.com\/wp-content\/uploads\/2023\/11\/sweet-display-counter-supplier-16x12.webp 16w, https:\/\/acenoxkitchenequipment.com\/wp-content\/uploads\/2023\/11\/sweet-display-counter-supplier-600x450.webp 600w\" sizes=\"(max-width: 710px) 100vw, 710px\" \/><\/p>\n<p><img decoding=\"async\" class=\"alignnone wp-image-9996\" src=\"https:\/\/acenoxkitchenequipment.com\/wp-content\/uploads\/2023\/11\/display-counter-fridges.webp\" alt=\"sweet display counter\" width=\"706\" height=\"529\" srcset=\"https:\/\/acenoxkitchenequipment.com\/wp-content\/uploads\/2023\/11\/display-counter-fridges.webp 1000w, https:\/\/acenoxkitchenequipment.com\/wp-content\/uploads\/2023\/11\/display-counter-fridges-300x225.webp 300w, https:\/\/acenoxkitchenequipment.com\/wp-content\/uploads\/2023\/11\/display-counter-fridges-768x576.webp 768w, https:\/\/acenoxkitchenequipment.com\/wp-content\/uploads\/2023\/11\/display-counter-fridges-16x12.webp 16w, https:\/\/acenoxkitchenequipment.com\/wp-content\/uploads\/2023\/11\/display-counter-fridges-600x450.webp 600w\" sizes=\"(max-width: 706px) 100vw, 706px\" \/><\/p>\n<p><img decoding=\"async\" class=\"alignnone wp-image-9997\" src=\"https:\/\/acenoxkitchenequipment.com\/wp-content\/uploads\/2023\/11\/sweet-display-counter-design.webp\" alt=\"sweet display counter\" width=\"707\" height=\"610\" srcset=\"https:\/\/acenoxkitchenequipment.com\/wp-content\/uploads\/2023\/11\/sweet-display-counter-design.webp 1000w, https:\/\/acenoxkitchenequipment.com\/wp-content\/uploads\/2023\/11\/sweet-display-counter-design-300x259.webp 300w, https:\/\/acenoxkitchenequipment.com\/wp-content\/uploads\/2023\/11\/sweet-display-counter-design-768x663.webp 768w, https:\/\/acenoxkitchenequipment.com\/wp-content\/uploads\/2023\/11\/sweet-display-counter-design-14x12.webp 14w, https:\/\/acenoxkitchenequipment.com\/wp-content\/uploads\/2023\/11\/sweet-display-counter-design-600x518.webp 600w\" sizes=\"(max-width: 707px) 100vw, 707px\" \/><\/p>\n<p>&nbsp;<\/p>\n<p>&nbsp;<\/p>\n<p>&nbsp;<\/p>\n<p>&nbsp;<\/p>\n<p>&nbsp;<\/p>","protected":false},"excerpt":{"rendered":"<p>Dies ist eine s\u00fc\u00dfe Verkaufstheke mit abgeschr\u00e4gter Form. Die abgeschr\u00e4gten Frontgl\u00e4ser bieten den Kunden eine bessere und neue Sicht, tragen zu mehr Blicken und maximaler Sichtbarkeit der Displays bei.<\/p>","protected":false},"featured_media":10520,"comment_status":"closed","ping_status":"closed","template":"","meta":{"_seopress_robots_primary_cat":"none","_seopress_titles_title":"Sweet Display Counter Manufacturer %%sep%%Wholesale Price","_seopress_titles_desc":"Chhose Acenox As your Supplier of Sweet Display counter, We are the manufacturer for large distributors in India and South Asia,etc. Very Competitive Price Durable Quality","_seopress_robots_index":""},"product_cat":[59],"product_tag":[],"_links":{"self":[{"href":"https:\/\/acenoxkitchenequipment.com\/de\/wp-json\/wp\/v2\/product\/8588"}],"collection":[{"href":"https:\/\/acenoxkitchenequipment.com\/de\/wp-json\/wp\/v2\/product"}],"about":[{"href":"https:\/\/acenoxkitchenequipment.com\/de\/wp-json\/wp\/v2\/types\/product"}],"replies":[{"embeddable":true,"href":"https:\/\/acenoxkitchenequipment.com\/de\/wp-json\/wp\/v2\/comments?post=8588"}],"version-history":[{"count":0,"href":"https:\/\/acenoxkitchenequipment.com\/de\/wp-json\/wp\/v2\/product\/8588\/revisions"}],"wp:featuredmedia":[{"embeddable":true,"href":"https:\/\/acenoxkitchenequipment.com\/de\/wp-json\/wp\/v2\/media\/10520"}],"wp:attachment":[{"href":"https:\/\/acenoxkitchenequipment.com\/de\/wp-json\/wp\/v2\/media?parent=8588"}],"wp:term":[{"taxonomy":"product_cat","embeddable":true,"href":"https:\/\/acenoxkitchenequipment.com\/de\/wp-json\/wp\/v2\/product_cat?post=8588"},{"taxonomy":"product_tag","embeddable":true,"href":"https:\/\/acenoxkitchenequipment.com\/de\/wp-json\/wp\/v2\/product_tag?post=8588"}],"curies":[{"name":"wp","href":"https:\/\/api.w.org\/{rel}","templated":true}]}}