{"id":8567,"date":"2023-10-24T21:45:09","date_gmt":"2023-10-24T13:45:09","guid":{"rendered":"https:\/\/acenoxkitchenequipment.com\/?post_type=product&#038;p=8567"},"modified":"2024-07-14T16:01:40","modified_gmt":"2024-07-14T08:01:40","slug":"bakery-display-counter","status":"publish","type":"product","link":"https:\/\/acenoxkitchenequipment.com\/de\/produkt\/bakery-display-counter\/","title":{"rendered":"B\u00e4ckerei-Ausstellungstheke"},"content":{"rendered":"<h3><strong>Merkmale der B\u00e4ckereitheken:<\/strong><\/h3>\n<p>Als professioneller Hersteller von B\u00e4ckereitheken haben wir f\u00fcr dieses Modell ein schlichtes Design entworfen.<\/p>\n<p>Es handelt sich um eine B\u00e4ckertheke zur Pr\u00e4sentation von Geb\u00e4ck in unterschiedlichen Betrieben.<\/p>\n<p>Diese B\u00e4ckerei-Ausstellungstheke hat schwarze Seiten aus geh\u00e4rtetem Glas und sieht von der Seite betrachtet wundersch\u00f6n und einheitlich aus.<\/p>\n<ul>\n<li>Abmessungen von B\u00e4ckereitheken<\/li>\n<li>Normalerweise betr\u00e4gt die Tiefe der B\u00e4ckereitheke 600 mm bis 750 mm und die L\u00e4nge 900 mm bis 2200 mm.<\/li>\n<li>Der Unterbau der B\u00e4ckereitheke wird durch Formenbau hergestellt, der von einer automatischen Maschine aufgesch\u00e4umt wird.<\/li>\n<li>Der Vorteil dieser Verkaufstheke liegt in der guten Abdichtung, die eine niedrige Temperatur im Inneren aufrechterh\u00e4lt und das Entweichen kalter Luft verhindert, wodurch ein hervorragender Energiespareffekt erzielt wird.<\/li>\n<li>Die Preise f\u00fcr B\u00e4ckereitheken variieren stark, was haupts\u00e4chlich auf die unterschiedlichen Materialien und elektrischen Komponenten zur\u00fcckzuf\u00fchren ist. So spielen beispielsweise Faktoren wie Materialst\u00e4rke, K\u00fchlleistung und Marke des K\u00fchlsystems eine wichtige Rolle bei der Preisbestimmung.<\/li>\n<li>Bei der Herstellung dieser B\u00e4ckereitheke wurde Wert auf Energieeinsparung \u00fcber viele Jahre hinweg gelegt.<\/li>\n<\/ul>\n<h3>Spezifikationen der B\u00e4ckereitheke:<\/h3>\n<p><img fetchpriority=\"high\" decoding=\"async\" class=\"alignnone size-full wp-image-9130\" src=\"https:\/\/acenoxkitchenequipment.com\/wp-content\/uploads\/2023\/10\/specifications-of-bakery-display-counter.png\" alt=\"bakery display counter\" width=\"815\" height=\"279\" srcset=\"https:\/\/acenoxkitchenequipment.com\/wp-content\/uploads\/2023\/10\/specifications-of-bakery-display-counter.png 815w, https:\/\/acenoxkitchenequipment.com\/wp-content\/uploads\/2023\/10\/specifications-of-bakery-display-counter-300x103.png 300w, https:\/\/acenoxkitchenequipment.com\/wp-content\/uploads\/2023\/10\/specifications-of-bakery-display-counter-768x263.png 768w, https:\/\/acenoxkitchenequipment.com\/wp-content\/uploads\/2023\/10\/specifications-of-bakery-display-counter-600x205.png 600w\" sizes=\"(max-width: 815px) 100vw, 815px\" \/><\/p>\n<h3>Fotos der B\u00e4ckereitheke:<\/h3>\n<p><img decoding=\"async\" class=\"alignnone  wp-image-4720\" src=\"https:\/\/acenoxkitchenequipment.com\/wp-content\/uploads\/2022\/04\/Commercial-Bakery-Cabinet-1024x768.jpg\" alt=\"refrigerated cake display right angel\" width=\"611\" height=\"458\" srcset=\"https:\/\/acenoxkitchenequipment.com\/wp-content\/uploads\/2022\/04\/Commercial-Bakery-Cabinet-1024x768.jpg 1024w, https:\/\/acenoxkitchenequipment.com\/wp-content\/uploads\/2022\/04\/Commercial-Bakery-Cabinet-300x225.jpg 300w, https:\/\/acenoxkitchenequipment.com\/wp-content\/uploads\/2022\/04\/Commercial-Bakery-Cabinet-768x576.jpg 768w, https:\/\/acenoxkitchenequipment.com\/wp-content\/uploads\/2022\/04\/Commercial-Bakery-Cabinet-1536x1152.jpg 1536w, https:\/\/acenoxkitchenequipment.com\/wp-content\/uploads\/2022\/04\/Commercial-Bakery-Cabinet-600x450.jpg 600w, https:\/\/acenoxkitchenequipment.com\/wp-content\/uploads\/2022\/04\/Commercial-Bakery-Cabinet.jpg 2000w\" sizes=\"(max-width: 611px) 100vw, 611px\" \/><\/p>\n<p><img decoding=\"async\" class=\"alignnone wp-image-6569\" src=\"https:\/\/acenoxkitchenequipment.com\/wp-content\/uploads\/2023\/05\/cake-display-refrigerator03-e1692243841962-300x200.jpg\" alt=\"cake display refrigerator03\" width=\"608\" height=\"406\" srcset=\"https:\/\/acenoxkitchenequipment.com\/wp-content\/uploads\/2023\/05\/cake-display-refrigerator03-e1692243841962-300x200.jpg 300w, https:\/\/acenoxkitchenequipment.com\/wp-content\/uploads\/2023\/05\/cake-display-refrigerator03-e1692243841962-768x512.jpg 768w, https:\/\/acenoxkitchenequipment.com\/wp-content\/uploads\/2023\/05\/cake-display-refrigerator03-e1692243841962-600x400.jpg 600w, https:\/\/acenoxkitchenequipment.com\/wp-content\/uploads\/2023\/05\/cake-display-refrigerator03-e1692243841962.jpg 800w\" sizes=\"(max-width: 608px) 100vw, 608px\" \/><\/p>\n<p>&nbsp;<\/p>\n<p>&nbsp;<\/p>","protected":false},"excerpt":{"rendered":"<p>Diese B\u00e4ckereitheke ist die unverzichtbare B\u00e4ckereiausstattung, die B\u00e4ckereien ben\u00f6tigen. Sie hat schwarze Seiten aus geh\u00e4rtetem Glas und sieht von der Seite betrachtet wundersch\u00f6n und einheitlich aus. Robuste Konfiguration, hohes Anzeigevolumen, konstante Temperatur 2 \u2103 ~ 8 \u2103<\/p>","protected":false},"featured_media":8568,"comment_status":"closed","ping_status":"closed","template":"","meta":{"_seopress_robots_primary_cat":"none","_seopress_titles_title":"Bakery Display Counter Manufacturer %%sep%%Affordable Price","_seopress_titles_desc":"Bakery display counter price and specifications: made of premium Stainless Steel, black color, tempered glasses, three shelves, competitive price from manufacturer","_seopress_robots_index":""},"product_cat":[59],"product_tag":[235],"_links":{"self":[{"href":"https:\/\/acenoxkitchenequipment.com\/de\/wp-json\/wp\/v2\/product\/8567"}],"collection":[{"href":"https:\/\/acenoxkitchenequipment.com\/de\/wp-json\/wp\/v2\/product"}],"about":[{"href":"https:\/\/acenoxkitchenequipment.com\/de\/wp-json\/wp\/v2\/types\/product"}],"replies":[{"embeddable":true,"href":"https:\/\/acenoxkitchenequipment.com\/de\/wp-json\/wp\/v2\/comments?post=8567"}],"version-history":[{"count":0,"href":"https:\/\/acenoxkitchenequipment.com\/de\/wp-json\/wp\/v2\/product\/8567\/revisions"}],"wp:featuredmedia":[{"embeddable":true,"href":"https:\/\/acenoxkitchenequipment.com\/de\/wp-json\/wp\/v2\/media\/8568"}],"wp:attachment":[{"href":"https:\/\/acenoxkitchenequipment.com\/de\/wp-json\/wp\/v2\/media?parent=8567"}],"wp:term":[{"taxonomy":"product_cat","embeddable":true,"href":"https:\/\/acenoxkitchenequipment.com\/de\/wp-json\/wp\/v2\/product_cat?post=8567"},{"taxonomy":"product_tag","embeddable":true,"href":"https:\/\/acenoxkitchenequipment.com\/de\/wp-json\/wp\/v2\/product_tag?post=8567"}],"curies":[{"name":"wp","href":"https:\/\/api.w.org\/{rel}","templated":true}]}}