{"id":8463,"date":"2023-10-08T14:38:20","date_gmt":"2023-10-08T06:38:20","guid":{"rendered":"https:\/\/acenoxkitchenequipment.com\/?post_type=product&#038;p=8463"},"modified":"2023-10-08T15:20:56","modified_gmt":"2023-10-08T07:20:56","slug":"countertop-ice-cream-freezer","status":"publish","type":"product","link":"https:\/\/acenoxkitchenequipment.com\/de\/produkt\/countertop-ice-cream-freezer\/","title":{"rendered":"Eiscreme-Gefrierschrank f\u00fcr die Arbeitsplatte"},"content":{"rendered":"<h2>Eiscreme-Gefrierschrank f\u00fcr die Arbeitsplatte<\/h2>\n<p>Eiscreme-Gefrierschr\u00e4nke f\u00fcr die Arbeitsplatte haben eine kompakte Gr\u00f6\u00dfe und sind weniger teuer als gro\u00dfe kommerzielle Eiscreme-Gefrierschr\u00e4nke.<\/p>\n<p>Es eignet sich ideal f\u00fcr kleinere Unternehmen und kann tragbar sein, um bei einigen Veranstaltungen eingesetzt zu werden und so Ihr Gesch\u00e4ft anzukurbeln.<\/p>\n<p>Vielseitig einsetzbar, beispielsweise f\u00fcr gefrorenen Joghurt, Eis am Stiel, Gelato oder manche Desserts mit Schokolade.<\/p>\n<p>Es ist leicht zug\u00e4nglich, um viele Kunden zu bedienen<\/p>\n<p><strong>Merkmale:<\/strong><\/p>\n<p>\u25a0<strong> Gr\u00f6\u00dfe:<\/strong> 670 mm (L) \u00d7 750 mm (T) \u00d7 360 mm (H)<\/p>\n<p>\u25a0<strong> Gl\u00e4ser:<\/strong> Schwebende Glast\u00fcren, elektrischer Heizdraht, beschlagfrei<\/p>\n<p>\u25a0<strong> Gute Isolationseigenschaft: <\/strong>Cyclopentan-Schaummittel, umweltfreundlich.<\/p>\n<p>\u25a0<strong> K\u00fchlung:<\/strong> Statisch, K\u00e4ltemittel R290, vollst\u00e4ndig kupferhaltiges Kondensat und Verdampfer.<\/p>\n<p>\u25a0<strong>Temperatur:<\/strong> -22\u2103 ~ -16\u2103<\/p>\n<p>\u25a0<strong> Automatisches Abtauen: <\/strong>Abtauen mit umgekehrtem Zyklus<\/p>\n<p>\u25a0 <strong>Pfannen:<\/strong> kommt mit 3 St\u00fcck GN 1\/3 Pfannen oder Acryl-Boxen zur Auswahl<\/p>\n<p>\u25a0 <strong>Lichter LED:<\/strong> Hochwertige LED-Lichtstreifen zur hervorragenden Beleuchtung des Gelato<\/p>\n<p>Wir akzeptieren individuelles Erscheinungsbild Bilddesign<\/p>\n<figure id=\"attachment_8465\" aria-describedby=\"caption-attachment-8465\" style=\"width: 638px\" class=\"wp-caption alignnone\"><img fetchpriority=\"high\" decoding=\"async\" class=\"wp-image-8465\" src=\"https:\/\/acenoxkitchenequipment.com\/wp-content\/uploads\/2023\/10\/countertop-ice-cream-freezer-for-sale.jpg\" alt=\"countertop ice cream freezer\" width=\"638\" height=\"478\" srcset=\"https:\/\/acenoxkitchenequipment.com\/wp-content\/uploads\/2023\/10\/countertop-ice-cream-freezer-for-sale.jpg 900w, https:\/\/acenoxkitchenequipment.com\/wp-content\/uploads\/2023\/10\/countertop-ice-cream-freezer-for-sale-300x225.jpg 300w, https:\/\/acenoxkitchenequipment.com\/wp-content\/uploads\/2023\/10\/countertop-ice-cream-freezer-for-sale-768x576.jpg 768w, https:\/\/acenoxkitchenequipment.com\/wp-content\/uploads\/2023\/10\/countertop-ice-cream-freezer-for-sale-600x450.jpg 600w\" sizes=\"(max-width: 638px) 100vw, 638px\" \/><figcaption id=\"caption-attachment-8465\" class=\"wp-caption-text\">Eiscreme-Gefrierschrank f\u00fcr die Arbeitsplatte zu verkaufen<\/figcaption><\/figure>\n<p>&nbsp;<\/p>\n<p>&nbsp;<\/p>\n<p>&nbsp;<\/p>","protected":false},"excerpt":{"rendered":"<p>Gr\u00f6\u00dfe: 670 mm (L) \u00d7 750 mm (T) \u00d7 360 mm (H); Die Eiscreme-Gefriervitrine besteht aus mehreren Teilen, wie z. B. Gl\u00e4sern, Isolierung, K\u00fchlsystem, Temperaturregler, Lichtern usw. Mindestbestellmenge: 2 St\u00fcck; Gro\u00dfhandelspreis: 550\u2013650 USD, sprechen Sie mit uns \u00fcber einen g\u00fcnstigen Preis!<\/p>","protected":false},"featured_media":8464,"comment_status":"open","ping_status":"closed","template":"","meta":{"_seopress_robots_primary_cat":"none","_seopress_titles_title":"Countertop Ice Cream Freezer%%sep%%ice cream freezer","_seopress_titles_desc":"Countertop ice cream freezer comes in a compact size with less cost than a large commercial stand ice cream freezer.temperature: -22\u2103 ~ -16\u2103","_seopress_robots_index":""},"product_cat":[142],"product_tag":[233],"_links":{"self":[{"href":"https:\/\/acenoxkitchenequipment.com\/de\/wp-json\/wp\/v2\/product\/8463"}],"collection":[{"href":"https:\/\/acenoxkitchenequipment.com\/de\/wp-json\/wp\/v2\/product"}],"about":[{"href":"https:\/\/acenoxkitchenequipment.com\/de\/wp-json\/wp\/v2\/types\/product"}],"replies":[{"embeddable":true,"href":"https:\/\/acenoxkitchenequipment.com\/de\/wp-json\/wp\/v2\/comments?post=8463"}],"version-history":[{"count":0,"href":"https:\/\/acenoxkitchenequipment.com\/de\/wp-json\/wp\/v2\/product\/8463\/revisions"}],"wp:featuredmedia":[{"embeddable":true,"href":"https:\/\/acenoxkitchenequipment.com\/de\/wp-json\/wp\/v2\/media\/8464"}],"wp:attachment":[{"href":"https:\/\/acenoxkitchenequipment.com\/de\/wp-json\/wp\/v2\/media?parent=8463"}],"wp:term":[{"taxonomy":"product_cat","embeddable":true,"href":"https:\/\/acenoxkitchenequipment.com\/de\/wp-json\/wp\/v2\/product_cat?post=8463"},{"taxonomy":"product_tag","embeddable":true,"href":"https:\/\/acenoxkitchenequipment.com\/de\/wp-json\/wp\/v2\/product_tag?post=8463"}],"curies":[{"name":"wp","href":"https:\/\/api.w.org\/{rel}","templated":true}]}}