{"id":8362,"date":"2023-09-23T19:27:38","date_gmt":"2023-09-23T11:27:38","guid":{"rendered":"https:\/\/acenoxkitchenequipment.com\/?post_type=product&#038;p=8362"},"modified":"2023-09-29T22:38:54","modified_gmt":"2023-09-29T14:38:54","slug":"cake-display-cabinets","status":"publish","type":"product","link":"https:\/\/acenoxkitchenequipment.com\/de\/produkt\/cake-display-cabinets\/","title":{"rendered":"Tortenvitrine Edelstahl"},"content":{"rendered":"<p><strong>Merkmale:<\/strong><\/p>\n<ul>\n<li>Kuchenvitrinen k\u00f6nnen aus verschiedenen Materialien wie Glas, Holz oder Acryl hergestellt werden<\/li>\n<li>Als Hersteller verf\u00fcgen wir \u00fcber mehr als f\u00fcnf Jahre Erfahrung in der Produktion von Tortenvitrinen.<\/li>\n<li>K\u00fchlvitrinen f\u00fcr Kuchen und Umgebungstemperatur-Vitrinen f\u00fcr Kuchen.<\/li>\n<li>Gr\u00f6\u00dfe, Farbe und Materialien des Schranks werden individuell an Ihren lokalen Markt angepasst.<\/li>\n<\/ul>\n<p><strong>Wie w\u00e4hlt man eine Konditorei-Vitrine aus?<\/strong><\/p>\n<ol>\n<li><span data-preserver-spaces=\"true\">W\u00e4hlen Sie zun\u00e4chst die richtige Funktion f\u00fcr das Lebensmittel aus, das Sie pr\u00e4sentieren m\u00f6chten. Brot, Eis, Sushi, Kuchen, Sandwiches oder Dessert?<\/span><\/li>\n<\/ol>\n<p><span data-preserver-spaces=\"true\">\u00a0 \u00a0 \u00a0 2. Einfach ausgedr\u00fcckt gibt es zwei Arten von Kuchenvitrinen: statische K\u00fchlung und bel\u00fcftete K\u00fchlung. Wir empfehlen keine statische K\u00fchlung. Obwohl sie billig ist, ist die K\u00fchlung nicht gleichm\u00e4\u00dfig. Die Stellen, die mit K\u00fchlrohren in Ber\u00fchrung kommen, werden k\u00e4lter, w\u00e4hrend andere Bereiche hohe Temperaturen erreichen. Daher ist eine bel\u00fcftete K\u00fchlung erforderlich.<\/span><\/p>\n<p><span data-preserver-spaces=\"true\">\u00a0 \u00a0 3. Das K\u00fchlaggregat ist das kritische Teil. Dabei kommt es nicht nur auf die Marke an, auch die Leistung des Kompressors ist entscheidend.<\/span><\/p>\n<p>&nbsp;<\/p>\n<p>&nbsp;<\/p>\n<p>&nbsp;<\/p>\n<p>&nbsp;<\/p>\n<p>&nbsp;<\/p>\n<p>&nbsp;<\/p>\n<p>&nbsp;<\/p>","protected":false},"excerpt":{"rendered":"<p>Das schlanke Au\u00dfendesign dieser Kuchenvitrine ist derzeit der beliebteste Stil, langlebige Konfiguration, hohes Ausstellungsvolumen, konstante Temperatur 2\u2103~8\u2103<\/p>","protected":false},"featured_media":8375,"comment_status":"closed","ping_status":"closed","template":"","meta":{"_seopress_robots_primary_cat":"none","_seopress_titles_title":"Cake Display Cabinet %%sep%%Custom Design and Orders %%sep%%Acenox","_seopress_titles_desc":"Cake Display Cabinets can be made of different materials, such as glass, wooden or acrylic. As a manufacturer, we have 5+ years producing experiences of cake display cabinets.","_seopress_robots_index":""},"product_cat":[59],"product_tag":[215],"_links":{"self":[{"href":"https:\/\/acenoxkitchenequipment.com\/de\/wp-json\/wp\/v2\/product\/8362"}],"collection":[{"href":"https:\/\/acenoxkitchenequipment.com\/de\/wp-json\/wp\/v2\/product"}],"about":[{"href":"https:\/\/acenoxkitchenequipment.com\/de\/wp-json\/wp\/v2\/types\/product"}],"replies":[{"embeddable":true,"href":"https:\/\/acenoxkitchenequipment.com\/de\/wp-json\/wp\/v2\/comments?post=8362"}],"version-history":[{"count":0,"href":"https:\/\/acenoxkitchenequipment.com\/de\/wp-json\/wp\/v2\/product\/8362\/revisions"}],"wp:featuredmedia":[{"embeddable":true,"href":"https:\/\/acenoxkitchenequipment.com\/de\/wp-json\/wp\/v2\/media\/8375"}],"wp:attachment":[{"href":"https:\/\/acenoxkitchenequipment.com\/de\/wp-json\/wp\/v2\/media?parent=8362"}],"wp:term":[{"taxonomy":"product_cat","embeddable":true,"href":"https:\/\/acenoxkitchenequipment.com\/de\/wp-json\/wp\/v2\/product_cat?post=8362"},{"taxonomy":"product_tag","embeddable":true,"href":"https:\/\/acenoxkitchenequipment.com\/de\/wp-json\/wp\/v2\/product_tag?post=8362"}],"curies":[{"name":"wp","href":"https:\/\/api.w.org\/{rel}","templated":true}]}}