{"id":8347,"date":"2023-09-07T15:57:35","date_gmt":"2023-09-07T07:57:35","guid":{"rendered":"https:\/\/acenoxkitchenequipment.com\/?post_type=product&#038;p=8347"},"modified":"2023-09-29T22:40:09","modified_gmt":"2023-09-29T14:40:09","slug":"refrigerated-countertop-display","status":"publish","type":"product","link":"https:\/\/acenoxkitchenequipment.com\/de\/produkt\/refrigerated-countertop-display\/","title":{"rendered":"K\u00fchlthekendisplay"},"content":{"rendered":"<h3>K\u00fchlthekendisplay<\/h3>\n<p><strong>Merkmale:<\/strong><\/p>\n<p>Bei der gek\u00fchlten Thekenvitrine handelt es sich um eine Tischk\u00fchlvitrine.<\/p>\n<p>Wir nennen es oft Feinkostthekendisplay, also eine K\u00fchltheke oder eine warme Feinkosttheke. Es wird verwendet, um eine Vielzahl frischer Lebensmittel auszustellen, haupts\u00e4chlich vorgekochte Lebensmittel, aber auch Sandwiches, K\u00e4se, Salate, Fleisch usw.<\/p>\n<p>Offensichtlich ist es klein. Normalerweise wird es auf einer Theke platziert, die sich auf gleicher H\u00f6he mit den Augen der Leute befindet. Die Leute k\u00f6nnen es direkt sehen, wenn sie in Einrichtungen wie Caf\u00e9s, Dessertl\u00e4den, Konditoreien usw. gehen.<\/p>\n<ul>\n<li>Dieser Typ hat einen wettbewerbsf\u00e4higeren Preis<\/li>\n<li>Der Keller besteht aus Plastic Master Batch, einem Material mit hoher Dichte und Festigkeit, aber geringen Kosten.<\/li>\n<li>Doppelschichtglas zur Isolierung der W\u00e4rme von au\u00dfen<\/li>\n<li>Leistungsstarke K\u00fchleinheit, Kompressormarke kann angepasst werden. Als unser Standard verwenden wir normalerweise Secop\/Embraco\/Donper<\/li>\n<li>Digitale Temperaturregelung<\/li>\n<\/ul>\n<p>&nbsp;<\/p>\n<p>&nbsp;<\/p>\n<p>&nbsp;<\/p>\n<p>&nbsp;<\/p>\n<p>&nbsp;<\/p>\n<p>&nbsp;<\/p>","protected":false},"excerpt":{"rendered":"<p>Bei der gek\u00fchlten Thekenvitrine handelt es sich um eine Tischk\u00fchlvitrine. Dieser Typ ist preislich konkurrenzf\u00e4higer; der Unterbau besteht aus Plastic Master Batch, einem Material mit hoher Dichte und Festigkeit, aber niedrigen Kosten.<\/p>","protected":false},"featured_media":8353,"comment_status":"open","ping_status":"closed","template":"","meta":{"_seopress_robots_primary_cat":"none","_seopress_titles_title":"Refrigerated Countertop Display %%sep%% Manufacturer &amp; Supplier","_seopress_titles_desc":"It has a compact size, and the usage is flexible; restaurants, hotels, grocery stores, cafes, bakery shops, etc. use this small cake display counter to display some snacks or desserts.","_seopress_robots_index":""},"product_cat":[59],"product_tag":[222],"_links":{"self":[{"href":"https:\/\/acenoxkitchenequipment.com\/de\/wp-json\/wp\/v2\/product\/8347"}],"collection":[{"href":"https:\/\/acenoxkitchenequipment.com\/de\/wp-json\/wp\/v2\/product"}],"about":[{"href":"https:\/\/acenoxkitchenequipment.com\/de\/wp-json\/wp\/v2\/types\/product"}],"replies":[{"embeddable":true,"href":"https:\/\/acenoxkitchenequipment.com\/de\/wp-json\/wp\/v2\/comments?post=8347"}],"version-history":[{"count":0,"href":"https:\/\/acenoxkitchenequipment.com\/de\/wp-json\/wp\/v2\/product\/8347\/revisions"}],"wp:featuredmedia":[{"embeddable":true,"href":"https:\/\/acenoxkitchenequipment.com\/de\/wp-json\/wp\/v2\/media\/8353"}],"wp:attachment":[{"href":"https:\/\/acenoxkitchenequipment.com\/de\/wp-json\/wp\/v2\/media?parent=8347"}],"wp:term":[{"taxonomy":"product_cat","embeddable":true,"href":"https:\/\/acenoxkitchenequipment.com\/de\/wp-json\/wp\/v2\/product_cat?post=8347"},{"taxonomy":"product_tag","embeddable":true,"href":"https:\/\/acenoxkitchenequipment.com\/de\/wp-json\/wp\/v2\/product_tag?post=8347"}],"curies":[{"name":"wp","href":"https:\/\/api.w.org\/{rel}","templated":true}]}}