{"id":8312,"date":"2023-08-30T09:56:15","date_gmt":"2023-08-30T01:56:15","guid":{"rendered":"https:\/\/acenoxkitchenequipment.com\/?post_type=product&#038;p=8312"},"modified":"2023-09-30T12:02:29","modified_gmt":"2023-09-30T04:02:29","slug":"commercial-drinks-fridge","status":"publish","type":"product","link":"https:\/\/acenoxkitchenequipment.com\/de\/produkt\/commercial-drinks-fridge\/","title":{"rendered":"Kommerzieller Getr\u00e4nkek\u00fchlschrank"},"content":{"rendered":"<h3>Kommerzieller Getr\u00e4nkek\u00fchlschrank<\/h3>\n<p>Dies ist ein Getr\u00e4nkek\u00fchlschrank mit einer T\u00fcr f\u00fcr gewerbliche Zwecke, Glast\u00fcr mit Scharnieren und zweischichtigem, beschlagfreiem Glas.<\/p>\n<p><strong>Merkmale:<\/strong><\/p>\n<ul>\n<li>Gr\u00f6\u00dfe: 745 mm \u00d7 700 mm \u00d7 2100 mm<\/li>\n<li>Materialien: beschichteter Stahl<\/li>\n<li>T\u00fcren: lackierte Aluminiumlegierung<\/li>\n<li>Schaumdicke: 45mm<\/li>\n<li>Oben: Lampenkasten<\/li>\n<li>Unten: Platzierung der K\u00e4lteaggregate wie Kompressor und Kondensatabscheider<\/li>\n<li>Innen: kunststoffbeschichtete Stahlregale, robust, langlebig und h\u00f6henverstellbar; hochwertige LED-Lichtleiste im Lieferumfang enthalten<\/li>\n<li>Gl\u00e4ser: geh\u00e4rtete Gl\u00e4ser h\u00f6chster Qualit\u00e4t<\/li>\n<li>Hinweis: Anwendbare Umgebung: Umgebungstemperatur unter 32 \u00b0C.<\/li>\n<\/ul>\n<p>&nbsp;<\/p>","protected":false},"excerpt":{"rendered":"<p>Bel\u00fcftete K\u00fchlung; Einzelglast\u00fcr, benutzerdefinierte Kompressormarke und benutzerdefiniertes Erscheinungsbild f\u00fcr den Gro\u00dfhandelsk\u00fchlschrank f\u00fcr Getr\u00e4nke<\/p>","protected":false},"featured_media":8313,"comment_status":"open","ping_status":"closed","template":"","meta":{"_seopress_robots_primary_cat":"none","_seopress_titles_title":"Commercial Drinks Fridge%%sep%%beverage fridge%%sep%%Acenox Manufacturing","_seopress_titles_desc":"single door Commercial Drinks Fridge, glass hinged door with two layer non-fogging glasses.Size: 745mm\u00d7700mm\u00d72100mm","_seopress_robots_index":""},"product_cat":[60],"product_tag":[214],"_links":{"self":[{"href":"https:\/\/acenoxkitchenequipment.com\/de\/wp-json\/wp\/v2\/product\/8312"}],"collection":[{"href":"https:\/\/acenoxkitchenequipment.com\/de\/wp-json\/wp\/v2\/product"}],"about":[{"href":"https:\/\/acenoxkitchenequipment.com\/de\/wp-json\/wp\/v2\/types\/product"}],"replies":[{"embeddable":true,"href":"https:\/\/acenoxkitchenequipment.com\/de\/wp-json\/wp\/v2\/comments?post=8312"}],"version-history":[{"count":0,"href":"https:\/\/acenoxkitchenequipment.com\/de\/wp-json\/wp\/v2\/product\/8312\/revisions"}],"wp:featuredmedia":[{"embeddable":true,"href":"https:\/\/acenoxkitchenequipment.com\/de\/wp-json\/wp\/v2\/media\/8313"}],"wp:attachment":[{"href":"https:\/\/acenoxkitchenequipment.com\/de\/wp-json\/wp\/v2\/media?parent=8312"}],"wp:term":[{"taxonomy":"product_cat","embeddable":true,"href":"https:\/\/acenoxkitchenequipment.com\/de\/wp-json\/wp\/v2\/product_cat?post=8312"},{"taxonomy":"product_tag","embeddable":true,"href":"https:\/\/acenoxkitchenequipment.com\/de\/wp-json\/wp\/v2\/product_tag?post=8312"}],"curies":[{"name":"wp","href":"https:\/\/api.w.org\/{rel}","templated":true}]}}