{"id":7490,"date":"2023-08-03T20:06:29","date_gmt":"2023-08-03T12:06:29","guid":{"rendered":"https:\/\/acenoxkitchenequipment.com\/?post_type=product&#038;p=7490"},"modified":"2023-10-16T16:02:07","modified_gmt":"2023-10-16T08:02:07","slug":"4-side-glass-chiller","status":"publish","type":"product","link":"https:\/\/acenoxkitchenequipment.com\/de\/produkt\/4-side-glass-chiller\/","title":{"rendered":"4-seitiger Glask\u00fchler"},"content":{"rendered":"<h3>4-seitiger Glask\u00fchler<\/h3>\n<p>Es verf\u00fcgt \u00fcber 4-seitige Gl\u00e4ser, Doppelschichten und beschlagfrei<br \/>\nK\u00fchlvitrinen aus Glas bieten eine attraktivere Optik zur Pr\u00e4sentation von Getr\u00e4nken, Bier, Kakao, Cola und allen anderen Getr\u00e4nken.<\/p>\n<p><strong>Merkmale:<\/strong><\/p>\n<ul>\n<li>220 V\/50 Hz, +2 \u00b0C \u2013 +8 \u00b0C<\/li>\n<li>2 oder 4 vertikale LED-Leuchten zur Beleuchtung der Warenpr\u00e4sentation<\/li>\n<li>Transparente Antibeschlaggl\u00e4ser, geh\u00e4rtete Gl\u00e4ser<\/li>\n<li>Umluftk\u00fchlung<\/li>\n<li>Automatisches Abtauen<\/li>\n<li>Digitale Thermostatanzeige<\/li>\n<li>Selbstschlie\u00dfende T\u00fcren<\/li>\n<li>Verchromte Regale oder Kunststoffregale als Optionen<\/li>\n<\/ul>\n<p>Anwendung: Temperatur \u2264 32 \u00b0C, Luftfeuchtigkeit unter 651 TP3T<\/p>\n<h3>Technische Information<\/h3>\n<p>&nbsp;<\/p>","protected":false},"excerpt":{"rendered":"<p>Es verf\u00fcgt \u00fcber 4-seitige Gl\u00e4ser, Doppelschichten und beschlagfrei<br \/>\nK\u00fchlvitrinen aus Glas bieten eine attraktivere Optik zur Pr\u00e4sentation von Getr\u00e4nken, Bier, Kakao, Cola und allen anderen Getr\u00e4nken.<\/p>","protected":false},"featured_media":7667,"comment_status":"open","ping_status":"closed","template":"","meta":{"_seopress_robots_primary_cat":"none","_seopress_titles_title":"4 Side Glass Chiller %%sep%%Glass Door Display Chiller %%sep%%Acenox","_seopress_titles_desc":"","_seopress_robots_index":""},"product_cat":[60],"product_tag":[135],"_links":{"self":[{"href":"https:\/\/acenoxkitchenequipment.com\/de\/wp-json\/wp\/v2\/product\/7490"}],"collection":[{"href":"https:\/\/acenoxkitchenequipment.com\/de\/wp-json\/wp\/v2\/product"}],"about":[{"href":"https:\/\/acenoxkitchenequipment.com\/de\/wp-json\/wp\/v2\/types\/product"}],"replies":[{"embeddable":true,"href":"https:\/\/acenoxkitchenequipment.com\/de\/wp-json\/wp\/v2\/comments?post=7490"}],"version-history":[{"count":0,"href":"https:\/\/acenoxkitchenequipment.com\/de\/wp-json\/wp\/v2\/product\/7490\/revisions"}],"wp:featuredmedia":[{"embeddable":true,"href":"https:\/\/acenoxkitchenequipment.com\/de\/wp-json\/wp\/v2\/media\/7667"}],"wp:attachment":[{"href":"https:\/\/acenoxkitchenequipment.com\/de\/wp-json\/wp\/v2\/media?parent=7490"}],"wp:term":[{"taxonomy":"product_cat","embeddable":true,"href":"https:\/\/acenoxkitchenequipment.com\/de\/wp-json\/wp\/v2\/product_cat?post=7490"},{"taxonomy":"product_tag","embeddable":true,"href":"https:\/\/acenoxkitchenequipment.com\/de\/wp-json\/wp\/v2\/product_tag?post=7490"}],"curies":[{"name":"wp","href":"https:\/\/api.w.org\/{rel}","templated":true}]}}