{"id":6855,"date":"2023-07-10T16:44:30","date_gmt":"2023-07-10T08:44:30","guid":{"rendered":"https:\/\/acenoxkitchenequipment.com\/?post_type=product&#038;p=6855"},"modified":"2024-03-10T00:05:01","modified_gmt":"2024-03-09T16:05:01","slug":"glass-display-freezer","status":"publish","type":"product","link":"https:\/\/acenoxkitchenequipment.com\/de\/produkt\/glass-display-freezer\/","title":{"rendered":"Gefrierschrank mit 2 T\u00fcren"},"content":{"rendered":"<h3>Gefrierschrank anzeigen<\/h3>\n<p>In der Gefriervitrine k\u00f6nnen Sie verschiedenste Tiefk\u00fchlwaren wie Geb\u00e4ck, Fleisch, Meeresfr\u00fcchte und andere Lebensmittel pr\u00e4sentieren, die bei niedrigen Temperaturen gelagert werden m\u00fcssen.<\/p>\n<p>Ein Gefrierschrank mit aufrecht stehender Glast\u00fcr ist ein gewerbliches K\u00fchlger\u00e4t, das h\u00e4ufig in Lebensmittelgesch\u00e4ften, Convenience Stores, Superm\u00e4rkten und anderen Einzelhandelsumgebungen verwendet wird.<\/p>\n<p>\u25a0 Gl\u00e4ser: Dreischichtiges geh\u00e4rtetes Glas, Heizdraht zur Vermeidung von Beschlagen, selbstschlie\u00dfende T\u00fcren<\/p>\n<p>\u25a0 Gute Isoliereigenschaft: Cyclopentan-Sch\u00e4umung, umweltfreundlich.<\/p>\n<p>Zum Aufsch\u00e4umen verwenden wir Formen, die in einem einmaligen Vorgang automatisch und ohne manuelle Bedienung erfolgen. Dadurch wird eine bessere Isolationsleistung gew\u00e4hrleistet.<\/p>\n<p>\u25a0 220 V\/50 Hz; 110 V\/60 Hz<\/p>\n<p>\u25a0 Bel\u00fcftet, Donper- oder Scope-Kompressor, R290\/R404a<\/p>\n<p>\u25a0 Automatisches Abtauen<\/p>\n<p>\u25a0 Vollst\u00e4ndig kupferhaltiges Kondensat und Verdampfer<\/p>\n<p>\u25a0 Temperaturregler einer Marke oder italienischen Marke, -18 \u00b0C bis -22 \u00b0C.<\/p>\n<p>\u25a0 Rahmen und T\u00fcren aus Aluminiumlegierung<\/p>\n<p>\u25a0 Innen mit vier Schichten PVC-Beschichtung Regale<\/p>\n<p>\u25a0 Universelle TPR-R\u00e4der, zwei mit Bremsen.<\/p>\n<p>\u25a0 Jede T\u00fcr verf\u00fcgt \u00fcber vertikale LED-Lichtleisten mit guter Qualit\u00e4t, um die Waren hervorragend zu beleuchten<\/p>\n<p>\u25a0 Beschichteter Stahlkeller, kosteng\u00fcnstige Kosten, aber langlebige Qualit\u00e4t.<\/p>\n<p>Anpassbare Optionen: 1. Farbe 2. Kompressormarke 3. Heizdrahtgl\u00e4ser<\/p>\n<h3>Technische Information<\/h3>\n<p>&nbsp;<\/p>","protected":false},"excerpt":{"rendered":"<p>In der Gefriervitrine k\u00f6nnen Sie verschiedenste Tiefk\u00fchlwaren wie Geb\u00e4ck, Fleisch, Meeresfr\u00fcchte und andere Lebensmittel pr\u00e4sentieren, die bei niedrigen Temperaturen gelagert werden m\u00fcssen.<\/p>","protected":false},"featured_media":9056,"comment_status":"open","ping_status":"closed","template":"","meta":{"_seopress_robots_primary_cat":"none","_seopress_titles_title":"Display Freezer Manufacturer %%sep%%2 Doors and 3 Doors","_seopress_titles_desc":"The display freezer is used to showcase a variety of frozen goods such as pastries, meat, seafood, and other food that need to be stored at low temperatures -18\u2103~-22\u2103.","_seopress_robots_index":""},"product_cat":[60],"product_tag":[271],"_links":{"self":[{"href":"https:\/\/acenoxkitchenequipment.com\/de\/wp-json\/wp\/v2\/product\/6855"}],"collection":[{"href":"https:\/\/acenoxkitchenequipment.com\/de\/wp-json\/wp\/v2\/product"}],"about":[{"href":"https:\/\/acenoxkitchenequipment.com\/de\/wp-json\/wp\/v2\/types\/product"}],"replies":[{"embeddable":true,"href":"https:\/\/acenoxkitchenequipment.com\/de\/wp-json\/wp\/v2\/comments?post=6855"}],"version-history":[{"count":0,"href":"https:\/\/acenoxkitchenequipment.com\/de\/wp-json\/wp\/v2\/product\/6855\/revisions"}],"wp:featuredmedia":[{"embeddable":true,"href":"https:\/\/acenoxkitchenequipment.com\/de\/wp-json\/wp\/v2\/media\/9056"}],"wp:attachment":[{"href":"https:\/\/acenoxkitchenequipment.com\/de\/wp-json\/wp\/v2\/media?parent=6855"}],"wp:term":[{"taxonomy":"product_cat","embeddable":true,"href":"https:\/\/acenoxkitchenequipment.com\/de\/wp-json\/wp\/v2\/product_cat?post=6855"},{"taxonomy":"product_tag","embeddable":true,"href":"https:\/\/acenoxkitchenequipment.com\/de\/wp-json\/wp\/v2\/product_tag?post=6855"}],"curies":[{"name":"wp","href":"https:\/\/api.w.org\/{rel}","templated":true}]}}