{"id":6785,"date":"2023-07-04T10:34:14","date_gmt":"2023-07-04T02:34:14","guid":{"rendered":"https:\/\/acenoxkitchenequipment.com\/?post_type=product&#038;p=6785"},"modified":"2024-03-08T17:49:05","modified_gmt":"2024-03-08T09:49:05","slug":"commercial-glass-door-refrigerator","status":"publish","type":"product","link":"https:\/\/acenoxkitchenequipment.com\/de\/produkt\/commercial-glass-door-refrigerator\/","title":{"rendered":"Kommerzieller K\u00fchlschrank mit Glast\u00fcr"},"content":{"rendered":"<h3>Merkmale des kommerziellen K\u00fchlschranks mit Glast\u00fcr:<\/h3>\n<p>Der gewerbliche K\u00fchlschrank mit 3 Glast\u00fcren bietet viel Lagerkapazit\u00e4t. Er wird h\u00e4ufig in Weinhandlungen, Bierbars, Superm\u00e4rkten usw. verwendet.<\/p>\n<p>Lassen Sie uns die Vorteile dieses kommerziellen K\u00fchlschranks mit drei T\u00fcren und Glast\u00fcren entdecken:<\/p>\n<ul>\n<li><strong>Grosse Kapazit\u00e4t:\u00a0<\/strong><\/li>\n<\/ul>\n<p>1450 l, f\u00fcnf Schichten verchromter Regale, sind sehr belastbar und k\u00f6nnen mit gro\u00dfen Mengen Bier, Getr\u00e4nken und Wasser bef\u00fcllt werden.<\/p>\n<ul>\n<li><strong>Dicke und hochklare Gl\u00e4ser:\u00a0<\/strong><\/li>\n<\/ul>\n<p>Wir verwenden sehr dickes und robustes Glas, das zudem eine sehr klare Sicht bietet. Das doppelschichtige Glas bietet eine hohe Isolierleistung und spart so effektiv Energie.<\/p>\n<ul>\n<li><strong>Bekannter Kompressor:\u00a0<\/strong><\/li>\n<\/ul>\n<p>Donper Compressor, die ber\u00fchmte Kompressorenmarke mit langlebiger Qualit\u00e4t und umweltfreundlichem K\u00e4ltemittel R290<\/p>\n<ul>\n<li><strong>Umluftk\u00fchlung<\/strong><\/li>\n<\/ul>\n<p>Durch die aktive Zirkulation wird im gesamten K\u00fchlraum eine konstante Temperatur aufrechterhalten, wodurch eine gleichm\u00e4\u00dfige K\u00fchlung gew\u00e4hrleistet und Temperaturgradienten minimiert werden.<\/p>\n<ul>\n<li><strong>Attraktive Lampenbox auf der Oberseite:<\/strong><\/li>\n<\/ul>\n<p>Wir haben individuelle Werbung auf den oberen Lampenkasten gedruckt, was eindrucksvoll und attraktiv ist. Die K\u00fchleinheiten befinden sich oben hinter dem Lampenkasten.<\/p>\n<ul>\n<li><strong>Super dicke Isolierung:<\/strong><\/li>\n<\/ul>\n<p>Der K\u00fchlschrank verf\u00fcgt \u00fcber einen 7,5 cm starken Isolierschaum, der f\u00fcr gute Isoliereigenschaften sorgen kann.<\/p>\n<ul>\n<li><strong>Digitaler Temperaturregler:\u00a0<\/strong><\/li>\n<\/ul>\n<p>Einfache Temperatureinstellung<\/p>\n<ul>\n<li><strong>Schwerlastr\u00e4der:\u00a0<\/strong><\/li>\n<\/ul>\n<p>Dank der Universalr\u00e4der mit Bremsen k\u00f6nnen Sie den K\u00fchlschrank ohne Hindernisse am richtigen Ort platzieren.<\/p>\n<p>&nbsp;<\/p>\n<p>Wir verf\u00fcgen \u00fcber mehr als ein Jahrzehnt Erfahrung in der Herstellung kommerzieller Glask\u00fchlschr\u00e4nke. Die oben genannten hervorragenden Eigenschaften gew\u00e4hrleisten die Qualit\u00e4t unserer K\u00fchlschr\u00e4nke. Um den internationalen Markt zu erschlie\u00dfen, bieten wir jedoch \u00e4u\u00dferst wettbewerbsf\u00e4hige Preise an. Bitte kontaktieren Sie uns f\u00fcr die neuesten Preisinformationen.<\/p>\n<p>&nbsp;<\/p>\n<p>&nbsp;<\/p>","protected":false},"excerpt":{"rendered":"<p>Das einfache, aber stilvolle Design dieses K\u00fchlschranks mit einer Glast\u00fcr ist in vielen L\u00e4ndern wie Europa, Australien und Malaysia usw. beliebt. Er wird zur Pr\u00e4sentation von Kaltgetr\u00e4nken, Bier usw. verwendet. Bitte beachten Sie, dass Gr\u00f6\u00dfe und Form individuell angepasst werden k\u00f6nnen. Ein Werbeaufkleber mit Ihrem Firmenlogo kann gedruckt und auf der Oberseite des K\u00fchlschranks angebracht werden.<\/p>","protected":false},"featured_media":9022,"comment_status":"open","ping_status":"closed","template":"","meta":{"_seopress_robots_primary_cat":"none","_seopress_titles_title":"Commercial Glass Door Refrigerators From Reliable Factory","_seopress_titles_desc":"We are offering highly competitive prices of 2 doors and 3 doors Commercial Glass Door Refrigerators, digital temperature control: +2\u2103~+8\u2103\uff1bVentilated cooling","_seopress_robots_index":""},"product_cat":[60],"product_tag":[179],"_links":{"self":[{"href":"https:\/\/acenoxkitchenequipment.com\/de\/wp-json\/wp\/v2\/product\/6785"}],"collection":[{"href":"https:\/\/acenoxkitchenequipment.com\/de\/wp-json\/wp\/v2\/product"}],"about":[{"href":"https:\/\/acenoxkitchenequipment.com\/de\/wp-json\/wp\/v2\/types\/product"}],"replies":[{"embeddable":true,"href":"https:\/\/acenoxkitchenequipment.com\/de\/wp-json\/wp\/v2\/comments?post=6785"}],"version-history":[{"count":0,"href":"https:\/\/acenoxkitchenequipment.com\/de\/wp-json\/wp\/v2\/product\/6785\/revisions"}],"wp:featuredmedia":[{"embeddable":true,"href":"https:\/\/acenoxkitchenequipment.com\/de\/wp-json\/wp\/v2\/media\/9022"}],"wp:attachment":[{"href":"https:\/\/acenoxkitchenequipment.com\/de\/wp-json\/wp\/v2\/media?parent=6785"}],"wp:term":[{"taxonomy":"product_cat","embeddable":true,"href":"https:\/\/acenoxkitchenequipment.com\/de\/wp-json\/wp\/v2\/product_cat?post=6785"},{"taxonomy":"product_tag","embeddable":true,"href":"https:\/\/acenoxkitchenequipment.com\/de\/wp-json\/wp\/v2\/product_tag?post=6785"}],"curies":[{"name":"wp","href":"https:\/\/api.w.org\/{rel}","templated":true}]}}