{"id":4727,"date":"2023-04-12T10:08:25","date_gmt":"2023-04-12T02:08:25","guid":{"rendered":"https:\/\/acenoxkitchenequipment.com\/?post_type=product&#038;p=4727"},"modified":"2023-10-18T20:35:40","modified_gmt":"2023-10-18T12:35:40","slug":"refrigerated-display-counter-white-color","status":"publish","type":"product","link":"https:\/\/acenoxkitchenequipment.com\/de\/produkt\/refrigerated-display-counter-white-color\/","title":{"rendered":"K\u00fchltheke in Wei\u00df"},"content":{"rendered":"<h3>K\u00fchltheke in Wei\u00df<\/h3>\n<p><strong>Merkmale:<\/strong><\/p>\n<p>K\u00fchltheken werden h\u00e4ufig in Caf\u00e9s, Lebensmittelgesch\u00e4ften und B\u00e4ckereien zum Pr\u00e4sentieren von Sandwiches und Geb\u00e4ck usw. verwendet. Form und Farbe k\u00f6nnen von uns individuell angepasst werden.<\/p>\n<p>Gebogene Gl\u00e4ser sehen wundersch\u00f6n und stilvoll aus. Die Farbe des Edelstahls kann individuell angepasst werden, beispielsweise Gold, Schwarz, Ros\u00e9gold usw.<\/p>\n<ol>\n<li><strong>Kompressor:<\/strong> Kompressor der Marke Embraco oder Donper zur Auswahl (R134a\/R290)<\/li>\n<li><strong>Temperaturregler:<\/strong> Italienische Marke Dixell oder Carel<\/li>\n<li><strong>Keller:<\/strong> Lackierter Stahl, Farbe wei\u00df<\/li>\n<li><strong>Gl\u00e4ser:<\/strong> Fortschrittliche, automatisch beschlagfreie Low-Emissivity-Brille<\/li>\n<li>Doppelschichtiges hohles geh\u00e4rtetes Glas (Low-E-Glas), explosionsgesch\u00fctzt<\/li>\n<li><strong>Andere Elemente:<\/strong> Vollst\u00e4ndig kupferhaltiges Kondensat und Verdampfer<\/li>\n<li><strong>Regale:<\/strong> Regale aus verchromtem Stahl<\/li>\n<li><strong>T\u00fcren:<\/strong> Zwei Antibeschlag-Glasschiebet\u00fcren mit guter Abdichtungseigenschaft<\/li>\n<li><strong>Licht:<\/strong> Warm- oder kaltwei\u00dfes LED-Licht zur Auswahl<\/li>\n<\/ol>\n<p>Klicken Sie bitte auf die Spezifikation, um die verschiedenen Gr\u00f6\u00dfen zu pr\u00fcfen<\/p>\n<p>Hinweis: Anwendbare Umgebung: Umgebungstemperatur unter 32 \u00b0C.<\/p>\n<p>&nbsp;<\/p>\n<p>&nbsp;<\/p>\n<p>&nbsp;<\/p>\n<p>&nbsp;<\/p>\n<p>&nbsp;<\/p>\n<p>&nbsp;<\/p>","protected":false},"excerpt":{"rendered":"<p>Entworfen und hergestellt im Werk, bel\u00fcftete K\u00fchlung, Edelstahlmaterialien, Antibeschlaggl\u00e4ser, Form und Farbe k\u00f6nnen von uns angepasst werden. Dies ist jetzt ein stilvolles Modell<\/p>","protected":false},"featured_media":5429,"comment_status":"open","ping_status":"closed","template":"","meta":{"_seopress_robots_primary_cat":"none","_seopress_titles_title":"","_seopress_titles_desc":"","_seopress_robots_index":""},"product_cat":[59],"product_tag":[137],"_links":{"self":[{"href":"https:\/\/acenoxkitchenequipment.com\/de\/wp-json\/wp\/v2\/product\/4727"}],"collection":[{"href":"https:\/\/acenoxkitchenequipment.com\/de\/wp-json\/wp\/v2\/product"}],"about":[{"href":"https:\/\/acenoxkitchenequipment.com\/de\/wp-json\/wp\/v2\/types\/product"}],"replies":[{"embeddable":true,"href":"https:\/\/acenoxkitchenequipment.com\/de\/wp-json\/wp\/v2\/comments?post=4727"}],"version-history":[{"count":0,"href":"https:\/\/acenoxkitchenequipment.com\/de\/wp-json\/wp\/v2\/product\/4727\/revisions"}],"wp:featuredmedia":[{"embeddable":true,"href":"https:\/\/acenoxkitchenequipment.com\/de\/wp-json\/wp\/v2\/media\/5429"}],"wp:attachment":[{"href":"https:\/\/acenoxkitchenequipment.com\/de\/wp-json\/wp\/v2\/media?parent=4727"}],"wp:term":[{"taxonomy":"product_cat","embeddable":true,"href":"https:\/\/acenoxkitchenequipment.com\/de\/wp-json\/wp\/v2\/product_cat?post=4727"},{"taxonomy":"product_tag","embeddable":true,"href":"https:\/\/acenoxkitchenequipment.com\/de\/wp-json\/wp\/v2\/product_tag?post=4727"}],"curies":[{"name":"wp","href":"https:\/\/api.w.org\/{rel}","templated":true}]}}