{"id":4725,"date":"2023-04-12T08:54:37","date_gmt":"2023-04-12T00:54:37","guid":{"rendered":"https:\/\/acenoxkitchenequipment.com\/?post_type=product&#038;p=4725"},"modified":"2023-10-18T20:36:20","modified_gmt":"2023-10-18T12:36:20","slug":"countertop-display-refrigerator","status":"publish","type":"product","link":"https:\/\/acenoxkitchenequipment.com\/de\/produkt\/countertop-display-refrigerator\/","title":{"rendered":"K\u00fchlschrank mit Thekendisplay f\u00fcr Kuchen"},"content":{"rendered":"<h3>K\u00fchlschrank mit Thekendisplay f\u00fcr Kuchen<\/h3>\n<p><strong>Merkmale:<\/strong><\/p>\n<p>Die K\u00fchlvitrine auf der Theke ist klein und nimmt weniger Platz ein. Form und Farbe k\u00f6nnen von uns individuell angepasst werden.<\/p>\n<p>Gebogene Gl\u00e4ser sehen wundersch\u00f6n und stilvoll aus. Die Farbe des Edelstahls kann individuell angepasst werden, beispielsweise Gold, Schwarz, Ros\u00e9gold usw.<\/p>\n<ol>\n<li><strong>Kompressor:<\/strong> Kompressor der Marke Embraco oder Donper zur Auswahl (R134a\/R290)<\/li>\n<li><strong>Temperaturregler:<\/strong> Italienische Marke Dixell oder Carel<\/li>\n<li><strong>Keller:<\/strong> 430 Edelstahl \/ 201 Edelstahl-Keller mit integriertem Cyclopentan-Schaum im Inneren, Farbe schwarz<\/li>\n<li><strong>Gl\u00e4ser:<\/strong> Fortschrittliche, automatisch beschlagfreie Low-Emissivity-Brille<\/li>\n<li>Doppelschichtiges hohles geh\u00e4rtetes Glas (Low-E-Glas), explosionsgesch\u00fctzt<\/li>\n<li><strong>Andere Elemente:<\/strong> Vollst\u00e4ndig kupferhaltiges Kondensat und Verdampfer<\/li>\n<li><strong>Regale:<\/strong> Drei Lagenregale komplett aus Edelstahl und Aluminium<\/li>\n<li><strong>T\u00fcren:<\/strong> Zwei Antibeschlag-Glasschiebet\u00fcren mit guter Abdichtungseigenschaft<\/li>\n<li><strong>Licht:<\/strong> Warm- oder kaltwei\u00dfes LED-Licht zur Auswahl<\/li>\n<\/ol>\n<p>Klicken Sie bitte auf die Spezifikation, um die verschiedenen Gr\u00f6\u00dfen zu pr\u00fcfen<\/p>\n<p>Hinweis: Anwendbare Umgebung: Umgebungstemperatur unter 32 \u00b0C.<\/p>\n<p>&nbsp;<\/p>\n<p>&nbsp;<\/p>\n<p>&nbsp;<\/p>\n<p>&nbsp;<\/p>\n<p>&nbsp;<\/p>","protected":false},"excerpt":{"rendered":"<p>Die K\u00fchlvitrine f\u00fcr die Theke ist klein und nimmt weniger Platz ein. Form und Farbe k\u00f6nnen von uns individuell angepasst werden. OEM- und ODM-Service ist verf\u00fcgbar.<\/p>","protected":false},"featured_media":6038,"comment_status":"open","ping_status":"closed","template":"","meta":{"_seopress_robots_primary_cat":"none","_seopress_titles_title":"Countertop Display Refrigerator For Cakes %%sitetitle%%","_seopress_titles_desc":"Countertop Display Refrigerator is small and occupy less spaces, shape and color could be customized by us. OEM&amp;ODM service. Delivery by sea from China Port.","_seopress_robots_index":""},"product_cat":[59],"product_tag":[137],"_links":{"self":[{"href":"https:\/\/acenoxkitchenequipment.com\/de\/wp-json\/wp\/v2\/product\/4725"}],"collection":[{"href":"https:\/\/acenoxkitchenequipment.com\/de\/wp-json\/wp\/v2\/product"}],"about":[{"href":"https:\/\/acenoxkitchenequipment.com\/de\/wp-json\/wp\/v2\/types\/product"}],"replies":[{"embeddable":true,"href":"https:\/\/acenoxkitchenequipment.com\/de\/wp-json\/wp\/v2\/comments?post=4725"}],"version-history":[{"count":0,"href":"https:\/\/acenoxkitchenequipment.com\/de\/wp-json\/wp\/v2\/product\/4725\/revisions"}],"wp:featuredmedia":[{"embeddable":true,"href":"https:\/\/acenoxkitchenequipment.com\/de\/wp-json\/wp\/v2\/media\/6038"}],"wp:attachment":[{"href":"https:\/\/acenoxkitchenequipment.com\/de\/wp-json\/wp\/v2\/media?parent=4725"}],"wp:term":[{"taxonomy":"product_cat","embeddable":true,"href":"https:\/\/acenoxkitchenequipment.com\/de\/wp-json\/wp\/v2\/product_cat?post=4725"},{"taxonomy":"product_tag","embeddable":true,"href":"https:\/\/acenoxkitchenequipment.com\/de\/wp-json\/wp\/v2\/product_tag?post=4725"}],"curies":[{"name":"wp","href":"https:\/\/api.w.org\/{rel}","templated":true}]}}