{"id":4723,"date":"2023-04-11T14:23:04","date_gmt":"2023-04-11T06:23:04","guid":{"rendered":"https:\/\/acenoxkitchenequipment.com\/?post_type=product&#038;p=4723"},"modified":"2024-01-29T21:34:13","modified_gmt":"2024-01-29T13:34:13","slug":"counter-top-cake-display-fridge","status":"publish","type":"product","link":"https:\/\/acenoxkitchenequipment.com\/de\/produkt\/counter-top-cake-display-fridge\/","title":{"rendered":"Kuchenk\u00fchlschrank f\u00fcr die Arbeitsplatte"},"content":{"rendered":"<h3>Kuchenk\u00fchlschrank f\u00fcr die Arbeitsplatte<\/h3>\n<p>Dieser Kuchenk\u00fchlschrank ist eine Mehrzweckoption f\u00fcr Unternehmen. Aufgrund seiner geringen Gr\u00f6\u00dfe kann er auf einer Arbeitsplatte oder einem Tisch aufgestellt werden. Er bietet Platz f\u00fcr Erfrischungen, S\u00fc\u00dfigkeiten, Getr\u00e4nke und sogar Kosmetika. Der K\u00fchlschrank zeigt ganz einfach, wie gut Ihr Unternehmen organisiert ist. Au\u00dferdem macht diese Organisation alle Produkte f\u00fcr K\u00e4ufer attraktiver.<\/p>\n<p>Die Hauptfunktion des Auftischk\u00fchlschranks besteht darin, die Sichtbarkeit aller Produkte zu verbessern. Auf diese Weise verbessert er das Einkaufserlebnis aller Kunden. Dadurch wandelt die Lebensmittelindustrie mehr Leads in potenzielle Verk\u00e4ufe um. Mit einer attraktiveren Produktpr\u00e4sentation k\u00f6nnen Unternehmen mehr Kunden anziehen.<\/p>\n<p>Es handelt sich derzeit um das neuste Modell mit rechtwinkliger Glasverbindung, sieht elegant aus. Die Edelstahlfarbe kann individuell angepasst werden.<\/p>\n<h3><strong>Merkmale des Kuchenk\u00fchlschranks f\u00fcr die Arbeitsplatte:<\/strong><\/h3>\n<ol>\n<li><strong>Kompressor:<\/strong> Kompressor der Marke Embraco oder Donper zur Auswahl (R134a\/R290)<\/li>\n<li><strong>Temperaturregler:<\/strong> Italienische Marke Dixell oder Carel<\/li>\n<li><strong>Keller:<\/strong> 430 Edelstahl \/ 201 Edelstahl-Keller mit integriertem Cyclopentan-Schaum im Inneren, Farbe schwarz<\/li>\n<li><strong>Gl\u00e4ser:<\/strong> Fortschrittliche, automatisch beschlagfreie Low-Emissivity-Brille<\/li>\n<li>Doppelschichtiges hohles geh\u00e4rtetes Glas (Low-E-Glas), explosionsgesch\u00fctzt<\/li>\n<li><strong>Andere Elemente:<\/strong> Vollst\u00e4ndig kupferhaltiges Kondensat und Verdampfer<\/li>\n<li><strong>Regale:<\/strong> Drei Lagenregale komplett aus Edelstahl und Aluminium<\/li>\n<li><strong>T\u00fcren:<\/strong> Zwei Antibeschlag-Glasschiebet\u00fcren mit guter Abdichtungseigenschaft<\/li>\n<li><strong>Licht:<\/strong> Warm- oder kaltwei\u00dfes LED-Licht zur Auswahl<\/li>\n<\/ol>\n<p>Klicken Sie bitte auf die Spezifikation, um die verschiedenen Gr\u00f6\u00dfen zu pr\u00fcfen<\/p>\n<p>Anwendbare Umgebung: Umgebungstemperatur unter 35 \u00b0C.<\/p>\n<h4><strong>Vorteile:<\/strong><\/h4>\n<p>Die leicht zug\u00e4nglichen und verzehrfertigen Produkte bringen mehr Kunden. Die Produktsichtbarkeit und dieser Thekenk\u00fchlschrank verbessern auch Ihr Markenimage. Er wird Ihnen helfen, bei den Kunden einen positiven Eindruck zu hinterlassen und letztendlich den Umsatz zu steigern.<\/p>\n<p>Die Glast\u00fcren und -regale dieses K\u00fchlschranks erm\u00f6glichen es den Kunden, alle Produkte von au\u00dfen zu sehen. So bekommen sie eine Vorstellung davon, was sie kaufen m\u00fcssen. Sie sollten diese L\u00f6sung zum Aufbau von Kundenbeziehungen niemals vernachl\u00e4ssigen.<\/p>\n<p>&nbsp;<\/p>\n<p>&nbsp;<\/p>\n<p>&nbsp;<\/p>\n<p>&nbsp;<\/p>\n<p>&nbsp;<\/p>","protected":false},"excerpt":{"rendered":"<p>K\u00fchlschr\u00e4nke f\u00fcr die Kuchenpr\u00e4sentation auf der Arbeitsplatte sind kompakt und k\u00f6nnen auf Arbeitsplatten oder kleineren Fl\u00e4chen aufgestellt werden, wodurch die Raumausnutzung maximiert wird. Die geringere Gr\u00f6\u00dfe macht sie zu einer kosteng\u00fcnstigen Option f\u00fcr Unternehmen mit Budgetbeschr\u00e4nkungen<\/p>","protected":false},"featured_media":7722,"comment_status":"open","ping_status":"closed","template":"","meta":{"_seopress_robots_primary_cat":"none"},"product_cat":[59],"product_tag":[138],"_links":{"self":[{"href":"https:\/\/acenoxkitchenequipment.com\/de\/wp-json\/wp\/v2\/product\/4723"}],"collection":[{"href":"https:\/\/acenoxkitchenequipment.com\/de\/wp-json\/wp\/v2\/product"}],"about":[{"href":"https:\/\/acenoxkitchenequipment.com\/de\/wp-json\/wp\/v2\/types\/product"}],"replies":[{"embeddable":true,"href":"https:\/\/acenoxkitchenequipment.com\/de\/wp-json\/wp\/v2\/comments?post=4723"}],"version-history":[{"count":0,"href":"https:\/\/acenoxkitchenequipment.com\/de\/wp-json\/wp\/v2\/product\/4723\/revisions"}],"wp:featuredmedia":[{"embeddable":true,"href":"https:\/\/acenoxkitchenequipment.com\/de\/wp-json\/wp\/v2\/media\/7722"}],"wp:attachment":[{"href":"https:\/\/acenoxkitchenequipment.com\/de\/wp-json\/wp\/v2\/media?parent=4723"}],"wp:term":[{"taxonomy":"product_cat","embeddable":true,"href":"https:\/\/acenoxkitchenequipment.com\/de\/wp-json\/wp\/v2\/product_cat?post=4723"},{"taxonomy":"product_tag","embeddable":true,"href":"https:\/\/acenoxkitchenequipment.com\/de\/wp-json\/wp\/v2\/product_tag?post=4723"}],"curies":[{"name":"wp","href":"https:\/\/api.w.org\/{rel}","templated":true}]}}