{"id":4717,"date":"2023-03-26T17:41:29","date_gmt":"2023-03-26T09:41:29","guid":{"rendered":"https:\/\/acenoxkitchenequipment.com\/?post_type=product&#038;p=4717"},"modified":"2023-10-18T20:37:06","modified_gmt":"2023-10-18T12:37:06","slug":"refrigerated-pastry-cabinet-golden-color","status":"publish","type":"product","link":"https:\/\/acenoxkitchenequipment.com\/de\/produkt\/refrigerated-pastry-cabinet-golden-color\/","title":{"rendered":"Gek\u00fchlter Konditoreischrank, Farbe Gold"},"content":{"rendered":"<h3>Gek\u00fchlte Geb\u00e4ckvitrine, goldene Farbe<\/h3>\n<p><strong>Merkmale:<\/strong><\/p>\n<p>Keller aus Edelstahl in goldener Farbe<\/p>\n<p>Dieser Geb\u00e4ckschrank ist derzeit das neuste Modell, mit rechtwinkliger Glasverbindung, sieht elegant aus. Die Edelstahlfarbe kann individuell angepasst werden.<\/p>\n<ol>\n<li><strong>Kompressor:<\/strong> Kompressor der Marke Embraco oder Donper zur Auswahl (R134a\/R290)<\/li>\n<li><strong>Temperaturregler:<\/strong> Italienische Marke Dixell oder Carel<\/li>\n<li><strong>Keller:<\/strong> 430 Edelstahl \/ 201 Edelstahl-Keller mit integriertem Cyclopentan-Schaum im Inneren, Farbe schwarz<\/li>\n<li><strong>Gl\u00e4ser:<\/strong> Fortschrittliche, automatisch beschlagfreie Low-Emissivity-Brille<\/li>\n<li>Doppelschichtiges hohles geh\u00e4rtetes Glas (Low-E-Glas), explosionsgesch\u00fctzt<\/li>\n<li><strong>Andere Elemente:<\/strong> Vollst\u00e4ndig kupferhaltiges Kondensat und Verdampfer<\/li>\n<li><strong>Regale:<\/strong> Drei Lagenregale komplett aus Edelstahl und Aluminium<\/li>\n<li><strong>T\u00fcren:<\/strong> Zwei Antibeschlag-Glasschiebet\u00fcren mit guter Abdichtungseigenschaft<\/li>\n<li><strong>Licht:<\/strong> Warm- oder kaltwei\u00dfes LED-Licht zur Auswahl<\/li>\n<\/ol>\n<p>Klicken Sie bitte auf die Spezifikation, um die verschiedenen Gr\u00f6\u00dfen zu pr\u00fcfen<\/p>\n<p>Hinweis: Anwendbare Umgebung: Umgebungstemperatur unter 32 \u00b0C.<\/p>\n<p>&nbsp;<\/p>\n<p>&nbsp;<\/p>\n<p>&nbsp;<\/p>\n<p>&nbsp;<\/p>\n<p>&nbsp;<\/p>\n<p>&nbsp;<\/p>\n<p>&nbsp;<\/p>","protected":false},"excerpt":{"rendered":"<p>Gek\u00fchlter Geb\u00e4ckschrank mit Ventilatork\u00fchlung, gro\u00dfem Ausstellungsvolumen, beschlagfreien Gl\u00e4sern und einer gut abgedichteten Form zur Schaumbildung im Keller, die f\u00fcr einen Kreislauf der k\u00fchlen Luft im Inneren sorgt und den Energieverlust verringert.<\/p>","protected":false},"featured_media":6026,"comment_status":"open","ping_status":"closed","template":"","meta":{"_seopress_robots_primary_cat":"none","_seopress_titles_title":"","_seopress_titles_desc":"Fan cooling Refrigerated Pastry Cabinet &amp; case, with high display volume, anti-fog glasses, basement foaming is made by mould with good sealing","_seopress_robots_index":""},"product_cat":[59],"product_tag":[51],"_links":{"self":[{"href":"https:\/\/acenoxkitchenequipment.com\/de\/wp-json\/wp\/v2\/product\/4717"}],"collection":[{"href":"https:\/\/acenoxkitchenequipment.com\/de\/wp-json\/wp\/v2\/product"}],"about":[{"href":"https:\/\/acenoxkitchenequipment.com\/de\/wp-json\/wp\/v2\/types\/product"}],"replies":[{"embeddable":true,"href":"https:\/\/acenoxkitchenequipment.com\/de\/wp-json\/wp\/v2\/comments?post=4717"}],"version-history":[{"count":0,"href":"https:\/\/acenoxkitchenequipment.com\/de\/wp-json\/wp\/v2\/product\/4717\/revisions"}],"wp:featuredmedia":[{"embeddable":true,"href":"https:\/\/acenoxkitchenequipment.com\/de\/wp-json\/wp\/v2\/media\/6026"}],"wp:attachment":[{"href":"https:\/\/acenoxkitchenequipment.com\/de\/wp-json\/wp\/v2\/media?parent=4717"}],"wp:term":[{"taxonomy":"product_cat","embeddable":true,"href":"https:\/\/acenoxkitchenequipment.com\/de\/wp-json\/wp\/v2\/product_cat?post=4717"},{"taxonomy":"product_tag","embeddable":true,"href":"https:\/\/acenoxkitchenequipment.com\/de\/wp-json\/wp\/v2\/product_tag?post=4717"}],"curies":[{"name":"wp","href":"https:\/\/api.w.org\/{rel}","templated":true}]}}