{"id":4624,"date":"2023-02-09T20:48:04","date_gmt":"2023-02-09T12:48:04","guid":{"rendered":"https:\/\/acenoxkitchenequipment.com\/?post_type=product&#038;p=4624"},"modified":"2023-02-09T21:00:01","modified_gmt":"2023-02-09T13:00:01","slug":"wall-type-extraction-canopy-with-grease-filters","status":"publish","type":"product","link":"https:\/\/acenoxkitchenequipment.com\/de\/produkt\/wall-type-extraction-canopy-with-grease-filters\/","title":{"rendered":"Wand-Absaughaube mit Fettfiltern"},"content":{"rendered":"<p>Hierbei handelt es sich um eine gewerbliche Abzugshaube in Wandausf\u00fchrung, die die von Kochger\u00e4ten erzeugte Hitze, den Rauch und das Fett abf\u00fchrt.<\/p>\n<p>Merkmale:<\/p>\n<ul>\n<li>Materialien: Konstruktion aus rostfreiem Stahl 100%, Stahl 304, Stahl 201, Stahl 430 zur Auswahl.<\/li>\n<li>Komplett aus Edelstahl gefertigt<\/li>\n<li>Gr\u00f6\u00dfe wird individuell angepasst<\/li>\n<li>Sch\u00f6ne Schwei\u00dfoptik<\/li>\n<li>Prallfilter aus Edelstahl im Lieferumfang enthalten<\/li>\n<li>Aufh\u00e4ngeklammern<\/li>\n<li>Fettwanne und -becher aus Edelstahl<\/li>\n<li>Edelstahlfilter inklusive<\/li>\n<\/ul>\n<p>Optionen:<\/p>\n<ul>\n<li>L\u00fcfter- und Drehzahlregler<\/li>\n<li>Spannung und Leistung: 220\/240 V, 250 W. 320 W bei L\u00e4ngen \u00fcber 2,0 Meter<\/li>\n<li>Mit Beleuchtung: herk\u00f6mmliche Beleuchtung oder LED-Beleuchtung zur Auswahl<\/li>\n<\/ul>\n<p>Die Form der Dunstabzugshauben kann an den lokalen Markt des Kunden angepasst werden.<\/p>","protected":false},"excerpt":{"rendered":"<p>Dies ist eine kommerzielle Wandabsaughaube mit Filter, Ventilator, LED-Licht und Geschwindigkeitsregelung. Die Leistung betr\u00e4gt 250 W, die Materialien k\u00f6nnen individuell angepasst werden.<\/p>","protected":false},"featured_media":4625,"comment_status":"closed","ping_status":"closed","template":"","meta":{"_seopress_robots_primary_cat":"none"},"product_cat":[35],"product_tag":[86],"_links":{"self":[{"href":"https:\/\/acenoxkitchenequipment.com\/de\/wp-json\/wp\/v2\/product\/4624"}],"collection":[{"href":"https:\/\/acenoxkitchenequipment.com\/de\/wp-json\/wp\/v2\/product"}],"about":[{"href":"https:\/\/acenoxkitchenequipment.com\/de\/wp-json\/wp\/v2\/types\/product"}],"replies":[{"embeddable":true,"href":"https:\/\/acenoxkitchenequipment.com\/de\/wp-json\/wp\/v2\/comments?post=4624"}],"version-history":[{"count":0,"href":"https:\/\/acenoxkitchenequipment.com\/de\/wp-json\/wp\/v2\/product\/4624\/revisions"}],"wp:featuredmedia":[{"embeddable":true,"href":"https:\/\/acenoxkitchenequipment.com\/de\/wp-json\/wp\/v2\/media\/4625"}],"wp:attachment":[{"href":"https:\/\/acenoxkitchenequipment.com\/de\/wp-json\/wp\/v2\/media?parent=4624"}],"wp:term":[{"taxonomy":"product_cat","embeddable":true,"href":"https:\/\/acenoxkitchenequipment.com\/de\/wp-json\/wp\/v2\/product_cat?post=4624"},{"taxonomy":"product_tag","embeddable":true,"href":"https:\/\/acenoxkitchenequipment.com\/de\/wp-json\/wp\/v2\/product_tag?post=4624"}],"curies":[{"name":"wp","href":"https:\/\/api.w.org\/{rel}","templated":true}]}}