{"id":4603,"date":"2023-01-24T17:17:55","date_gmt":"2023-01-24T09:17:55","guid":{"rendered":"https:\/\/acenoxkitchenequipment.com\/?post_type=product&#038;p=4603"},"modified":"2023-05-31T16:52:17","modified_gmt":"2023-05-31T08:52:17","slug":"knee-operated-hand-wash-sink","status":"publish","type":"product","link":"https:\/\/acenoxkitchenequipment.com\/de\/produkt\/knee-operated-hand-wash-sink\/","title":{"rendered":"Kniebedientes Handwaschbecken mit verchromtem Wasserhahn"},"content":{"rendered":"<p><strong><b>Merkmale:<\/b><\/strong><\/p>\n<p>Dieses kniebediente Handwaschbecken ist komplett aus Edelstahl gefertigt und zeichnet sich durch hohe Hygiene aus, nimmt wenig Platz ein, hat eine hohe Spritzschutzplatte und erm\u00f6glicht die Freihandbedienung.<\/p>\n<p>Die Sp\u00fclbecken sind modular aufgebaut, ohne Schwei\u00dfnarben, gutes Aussehen.<\/p>\n<p>rechteckige Form, Edelstahl 304 ist die bessere Wahl, 0,8 mm dick.<\/p>\n<p>Zur Auswahl stehen Wasserh\u00e4hne in verschiedenen Qualit\u00e4ten. Die H\u00f6he der R\u00fcckspritzer kann individuell angepasst werden.<\/p>\n<p><strong><b>Spezifikation:<\/b><\/strong><br \/>\nMaterial: Edelstahl 304 und 201 zur Auswahl.<br \/>\nAbmessungen (L \/ B \/ H): 400\u00d7340\u00d7(200+384)mm<br \/>\nOperation: Knieoperation<\/p>\n<p><strong><b>Das Paket beinhaltet:<\/b><\/strong><br \/>\n1x Sp\u00fcle<br \/>\n1x Wandhalterung<\/p>\n<p>1x mechanisches Mischventil<br \/>\n1x Schlauch<br \/>\n1x Edelstahl-Abfluss und Kunststoffrohr<br \/>\n1x mechanisches Mischventil<\/p>\n<p>1x verchromter Wasserhahn, Ventileinsatz aus Messing<\/p>\n<p><strong><b>Andere Optionen: <\/b><\/strong>Seifenspender und Taschentuchbox aus 304 Stahl<\/p>\n<p>&nbsp;<\/p>","protected":false},"excerpt":{"rendered":"<p>Gr\u00f6\u00dfe ist variabel, Form ist ebenfalls variabel. Sondergr\u00f6\u00dfen sind m\u00f6glich.<\/p>","protected":false},"featured_media":5405,"comment_status":"closed","ping_status":"closed","template":"","meta":{"_seopress_robots_primary_cat":"none","_seopress_titles_title":"","_seopress_titles_desc":"Stainless Steel 304 is the better choice,0.8mm thick. There&#039;re several different taps for choice. Height of back splash could be customized.MOQ: 5pcs.","_seopress_robots_index":""},"product_cat":[53],"product_tag":[146],"_links":{"self":[{"href":"https:\/\/acenoxkitchenequipment.com\/de\/wp-json\/wp\/v2\/product\/4603"}],"collection":[{"href":"https:\/\/acenoxkitchenequipment.com\/de\/wp-json\/wp\/v2\/product"}],"about":[{"href":"https:\/\/acenoxkitchenequipment.com\/de\/wp-json\/wp\/v2\/types\/product"}],"replies":[{"embeddable":true,"href":"https:\/\/acenoxkitchenequipment.com\/de\/wp-json\/wp\/v2\/comments?post=4603"}],"version-history":[{"count":0,"href":"https:\/\/acenoxkitchenequipment.com\/de\/wp-json\/wp\/v2\/product\/4603\/revisions"}],"wp:featuredmedia":[{"embeddable":true,"href":"https:\/\/acenoxkitchenequipment.com\/de\/wp-json\/wp\/v2\/media\/5405"}],"wp:attachment":[{"href":"https:\/\/acenoxkitchenequipment.com\/de\/wp-json\/wp\/v2\/media?parent=4603"}],"wp:term":[{"taxonomy":"product_cat","embeddable":true,"href":"https:\/\/acenoxkitchenequipment.com\/de\/wp-json\/wp\/v2\/product_cat?post=4603"},{"taxonomy":"product_tag","embeddable":true,"href":"https:\/\/acenoxkitchenequipment.com\/de\/wp-json\/wp\/v2\/product_tag?post=4603"}],"curies":[{"name":"wp","href":"https:\/\/api.w.org\/{rel}","templated":true}]}}