{"id":3965,"date":"2023-01-04T19:52:06","date_gmt":"2023-01-04T11:52:06","guid":{"rendered":"https:\/\/acenoxkitchenequipment.com\/?post_type=product&#038;p=3965"},"modified":"2024-03-07T17:18:57","modified_gmt":"2024-03-07T09:18:57","slug":"commercial-display-refrigerator-with-single-glass-door-2","status":"publish","type":"product","link":"https:\/\/acenoxkitchenequipment.com\/de\/produkt\/commercial-display-refrigerator-with-single-glass-door-2\/","title":{"rendered":"Glast\u00fcrk\u00fchlschrank mit Einzelt\u00fcr"},"content":{"rendered":"<p><strong>Kommerzieller K\u00fchlvitrine mit Einzelglast\u00fcren, Fl\u00fcgelt\u00fcren mit guter Abdichtung<\/strong><\/p>\n<p><strong>Merkmale:<\/strong><\/p>\n<p>Modell: VGD-1B<\/p>\n<p>\u25a0 Farbe: Schwarz<\/p>\n<p>\u25a0 Gr\u00f6\u00dfe: 620 mm \u00d7 635 mm \u00d7 1995 mm<\/p>\n<p>\u25a0 Materialien: Lackierter Stahl<\/p>\n<p>\u25a0 Low-E-Gl\u00e4ser, Doppelschichten explosionsgesch\u00fctzt<\/p>\n<p>\u25a0 220 V\/50 Hz, +2 \u00b0C bis +8 \u00b0C,<\/p>\n<p>\u25a0 Umluftk\u00fchlung, Donper-Kompressor\/ Embraco-Kompressor<\/p>\n<p>\u25a0 Innen mit vier Schichten PVC-Beschichtung Regale<\/p>\n<p>\u25a0 Temperaturregler der Marke Hongke (China) \/ Marke Carel aus Italien<\/p>\n<p>\u25a0 Leise R\u00e4der, zwei davon mit Bremse<\/p>\n<p>\u25a0 LED-Lampenband inklusive<\/p>\n<p>\u25a0 Anwendung: Temperatur \u2264 32 \u00b0C, Luftfeuchtigkeit unter 65 \u00b0C, kein Nebel<\/p>\n<p>Bei unterschiedlicher Konfiguration fallen die Kosten deutlich unterschiedlich aus.<\/p>\n<p>&nbsp;<\/p>\n<p>&nbsp;<\/p>","protected":false},"excerpt":{"rendered":"<p>Es wird verwendet, um kalte Getr\u00e4nke, B\u00e4ren usw. anzuzeigen. Bitte beachten Sie, dass Gr\u00f6\u00dfe und Form angepasst werden k\u00f6nnen. Ihr Firmenlogo kann auf Werbepapier gedruckt werden, um es oben auf dem K\u00fchler anzubringen.<\/p>","protected":false},"featured_media":9011,"comment_status":"open","ping_status":"closed","template":"","meta":{"_seopress_robots_primary_cat":"none","_seopress_titles_title":"Glass Door Refrigerator Suppliers %%sep%%Commercial Glass refrigerators","_seopress_titles_desc":"We manufacture various glass door commercial refrigerators, It is used to display Cold Beverages, Bear, etc. Explore cost-effective refrigeration solutions.","_seopress_robots_index":""},"product_cat":[60],"product_tag":[258],"_links":{"self":[{"href":"https:\/\/acenoxkitchenequipment.com\/de\/wp-json\/wp\/v2\/product\/3965"}],"collection":[{"href":"https:\/\/acenoxkitchenequipment.com\/de\/wp-json\/wp\/v2\/product"}],"about":[{"href":"https:\/\/acenoxkitchenequipment.com\/de\/wp-json\/wp\/v2\/types\/product"}],"replies":[{"embeddable":true,"href":"https:\/\/acenoxkitchenequipment.com\/de\/wp-json\/wp\/v2\/comments?post=3965"}],"version-history":[{"count":0,"href":"https:\/\/acenoxkitchenequipment.com\/de\/wp-json\/wp\/v2\/product\/3965\/revisions"}],"wp:featuredmedia":[{"embeddable":true,"href":"https:\/\/acenoxkitchenequipment.com\/de\/wp-json\/wp\/v2\/media\/9011"}],"wp:attachment":[{"href":"https:\/\/acenoxkitchenequipment.com\/de\/wp-json\/wp\/v2\/media?parent=3965"}],"wp:term":[{"taxonomy":"product_cat","embeddable":true,"href":"https:\/\/acenoxkitchenequipment.com\/de\/wp-json\/wp\/v2\/product_cat?post=3965"},{"taxonomy":"product_tag","embeddable":true,"href":"https:\/\/acenoxkitchenequipment.com\/de\/wp-json\/wp\/v2\/product_tag?post=3965"}],"curies":[{"name":"wp","href":"https:\/\/api.w.org\/{rel}","templated":true}]}}