{"id":3964,"date":"2023-01-04T19:17:12","date_gmt":"2023-01-04T11:17:12","guid":{"rendered":"https:\/\/acenoxkitchenequipment.com\/?post_type=product&#038;p=3964"},"modified":"2024-03-21T18:21:33","modified_gmt":"2024-03-21T10:21:33","slug":"commercial-display-refrigerator-with-single-glass-door","status":"publish","type":"product","link":"https:\/\/acenoxkitchenequipment.com\/de\/produkt\/commercial-display-refrigerator-with-single-glass-door\/","title":{"rendered":"Getr\u00e4nkek\u00fchlschrank mit einfacher Glast\u00fcr"},"content":{"rendered":"<h3>Getr\u00e4nkek\u00fchlschrank und K\u00fchlschrank mit einfacher Glast\u00fcr<\/h3>\n<p>Das einfache, aber stilvolle Design dieses K\u00fchlschranks mit einer Glast\u00fcr ist in vielen L\u00e4ndern wie Europa, Australien und Malaysia usw. beliebt. Er wird zur Pr\u00e4sentation von Kaltgetr\u00e4nken, Bier usw. verwendet. Bitte beachten Sie, dass Gr\u00f6\u00dfe und Form individuell angepasst werden k\u00f6nnen. Ein Werbeaufkleber mit Ihrem Firmenlogo kann gedruckt und auf der Oberseite des K\u00fchlschranks angebracht werden.<\/p>\n<p><strong>Merkmale:<\/strong><\/p>\n<p>Modell: VGD-1B<\/p>\n<p>\u25a0T\u00fcrrahmen aus Aluminiumlegierung, geb\u00fcrstete Oberfl\u00e4che; Unterbau aus beschichtetem Stahl<\/p>\n<p>\u25a0 Selbstschlie\u00dfende T\u00fcren mit guter Abdichtung, Low-E-Glas, Doppelschichten explosionsgesch\u00fctzt<\/p>\n<p>\u25a0220\u00a0V\/50\u00a0Hz, +2\u00a0\u00b0C bis +8\u00a0\u00b0C<\/p>\n<p>\u25a0Hochwertiger digitaler Temperaturregler<\/p>\n<p>\u25a0Umluftk\u00fchlung, Donper-Kompressor, R290\/Embraco-Kompressor<\/p>\n<p>\u25a0Innen mit vier Schichten PVC-Beschichtung Regale<\/p>\n<p>\u25a0 Leise R\u00e4der, zwei davon mit Bremse<\/p>\n<p>\u25a0 Helles LED-Lampenband inklusive<\/p>\n<p>\u25a0 Automatische Abtauung<\/p>\n<p>\u25a0 Anwendung: Temperatur \u2264 32 \u00b0C, Luftfeuchtigkeit unter 65 \u00b0C<\/p>\n<p>&nbsp;<\/p>\n<p>&nbsp;<\/p>","protected":false},"excerpt":{"rendered":"<p>Dieser K\u00fchlschrank mit einer T\u00fcr wird typischerweise zur Pr\u00e4sentation von kalten Getr\u00e4nken, Bier, Wasser usw. verwendet.<\/p>","protected":false},"featured_media":9020,"comment_status":"open","ping_status":"closed","template":"","meta":{"_seopress_robots_primary_cat":"none","_seopress_titles_title":"Drinks Display Fridge Refrigerator For Grocery Stores ","_seopress_titles_desc":"Produced by the reliable manufacturer of Acenox, who specialize in producing drinks fridges and all kinds of chillers and freezers, single door and double doors.","_seopress_robots_index":""},"product_cat":[60],"product_tag":[262],"_links":{"self":[{"href":"https:\/\/acenoxkitchenequipment.com\/de\/wp-json\/wp\/v2\/product\/3964"}],"collection":[{"href":"https:\/\/acenoxkitchenequipment.com\/de\/wp-json\/wp\/v2\/product"}],"about":[{"href":"https:\/\/acenoxkitchenequipment.com\/de\/wp-json\/wp\/v2\/types\/product"}],"replies":[{"embeddable":true,"href":"https:\/\/acenoxkitchenequipment.com\/de\/wp-json\/wp\/v2\/comments?post=3964"}],"version-history":[{"count":0,"href":"https:\/\/acenoxkitchenequipment.com\/de\/wp-json\/wp\/v2\/product\/3964\/revisions"}],"wp:featuredmedia":[{"embeddable":true,"href":"https:\/\/acenoxkitchenequipment.com\/de\/wp-json\/wp\/v2\/media\/9020"}],"wp:attachment":[{"href":"https:\/\/acenoxkitchenequipment.com\/de\/wp-json\/wp\/v2\/media?parent=3964"}],"wp:term":[{"taxonomy":"product_cat","embeddable":true,"href":"https:\/\/acenoxkitchenequipment.com\/de\/wp-json\/wp\/v2\/product_cat?post=3964"},{"taxonomy":"product_tag","embeddable":true,"href":"https:\/\/acenoxkitchenequipment.com\/de\/wp-json\/wp\/v2\/product_tag?post=3964"}],"curies":[{"name":"wp","href":"https:\/\/api.w.org\/{rel}","templated":true}]}}