{"id":3953,"date":"2023-01-04T17:07:14","date_gmt":"2023-01-04T09:07:14","guid":{"rendered":"https:\/\/acenoxkitchenequipment.com\/?post_type=product&#038;p=3953"},"modified":"2024-03-09T16:55:12","modified_gmt":"2024-03-09T08:55:12","slug":"commercial-glass-door-display-chiller","status":"publish","type":"product","link":"https:\/\/acenoxkitchenequipment.com\/de\/produkt\/commercial-glass-door-display-chiller\/","title":{"rendered":"Glast\u00fcr f\u00fcr K\u00fchlvitrine"},"content":{"rendered":"<h3>K\u00fchlvitrine<\/h3>\n<p>Dieses Standk\u00fchlvitrine-Modell mit Glast\u00fcr wird h\u00e4ufig in verschiedenen Gesch\u00e4ftsumgebungen zu K\u00fchl- und Pr\u00e4sentationszwecken eingesetzt.<\/p>\n<p><strong>Merkmale:<\/strong><\/p>\n<p>Modell: VGD-3W<\/p>\n<p>\u25a0 Materialien: Lackierter Stahl, T\u00fcrrahmen aus Aluminium<\/p>\n<p>\u25a0 Gr\u00f6\u00dfe: 1880 mm \u00d7 735 mm \u00d7 2090 mm<\/p>\n<p>\u25a0 Selbstschlie\u00dfende T\u00fcren, doppelschichtige explosionssichere Low-E-Brille<\/p>\n<p>\u25a0 220 V\/50 Hz, +2 \u00b0C \u2013 +8 \u00b0C<\/p>\n<p>\u25a0 Umluftk\u00fchlung, Donper Kompressor\/Embraco Kompressor<\/p>\n<p>\u25a0 Innen mit vier Schichten PVC-Beschichtung Regale<\/p>\n<p>\u25a0 Digitaler Temperaturregler der Marke, der pr\u00e4zise Temperatureinstellungen erm\u00f6glicht und eine genauere Kontrolle der Temperatur im K\u00fchlschrank erm\u00f6glicht. Dies ist entscheidend f\u00fcr die Aufrechterhaltung optimaler Bedingungen f\u00fcr die Lagerung von Getr\u00e4nken oder Lebensmitteln.<\/p>\n<p>\u25a0 Leise R\u00e4der, zwei davon mit Bremse<\/p>\n<p>\u25a0 Jede T\u00fcr verf\u00fcgt \u00fcber zwei vertikale LED-Lichtleisten, um die Ware optimal auszuleuchten<\/p>\n<p>\u25a0 Beschichteter Stahlkeller, kosteng\u00fcnstige und dennoch langlebige Qualit\u00e4t<\/p>\n<p>\u25a0 Anwendung: Temperatur \u2264 32 \u00b0C, Luftfeuchtigkeit unter 65 \u00b0C<\/p>\n<p>Hinweis: Anwendbare Umgebung: Umgebungstemperatur unter 32 \u00b0C.<\/p>\n<p>&nbsp;<\/p>","protected":false},"excerpt":{"rendered":"<p>Dieser aufrechte K\u00fchlvitrinenschrank hat drei Glast\u00fcren und kann wei\u00df, schwarz oder in einer anderen kundenspezifischen Farbe sein. Ideale Gr\u00f6\u00dfe zur Pr\u00e4sentation von Kaltgetr\u00e4nken, Bier usw. Ihr Markenlogo und Ihr Werbeaufkleber k\u00f6nnen gedruckt und auf der Oberseite des K\u00fchlvitrinenschranks angebracht werden.<\/p>","protected":false},"featured_media":9036,"comment_status":"open","ping_status":"closed","template":"","meta":{"_seopress_robots_primary_cat":"none","_seopress_titles_title":"Display Chiller Manufacturer %%sep%%Glass Door Chiller","_seopress_titles_desc":"A perfect display chiller in retail establishments, including supermarkets, grocery stores, and convenience stores. Order in bulk for exclusive discounts.","_seopress_robots_index":""},"product_cat":[60],"product_tag":[135],"_links":{"self":[{"href":"https:\/\/acenoxkitchenequipment.com\/de\/wp-json\/wp\/v2\/product\/3953"}],"collection":[{"href":"https:\/\/acenoxkitchenequipment.com\/de\/wp-json\/wp\/v2\/product"}],"about":[{"href":"https:\/\/acenoxkitchenequipment.com\/de\/wp-json\/wp\/v2\/types\/product"}],"replies":[{"embeddable":true,"href":"https:\/\/acenoxkitchenequipment.com\/de\/wp-json\/wp\/v2\/comments?post=3953"}],"version-history":[{"count":0,"href":"https:\/\/acenoxkitchenequipment.com\/de\/wp-json\/wp\/v2\/product\/3953\/revisions"}],"wp:featuredmedia":[{"embeddable":true,"href":"https:\/\/acenoxkitchenequipment.com\/de\/wp-json\/wp\/v2\/media\/9036"}],"wp:attachment":[{"href":"https:\/\/acenoxkitchenequipment.com\/de\/wp-json\/wp\/v2\/media?parent=3953"}],"wp:term":[{"taxonomy":"product_cat","embeddable":true,"href":"https:\/\/acenoxkitchenequipment.com\/de\/wp-json\/wp\/v2\/product_cat?post=3953"},{"taxonomy":"product_tag","embeddable":true,"href":"https:\/\/acenoxkitchenequipment.com\/de\/wp-json\/wp\/v2\/product_tag?post=3953"}],"curies":[{"name":"wp","href":"https:\/\/api.w.org\/{rel}","templated":true}]}}