{"id":3605,"date":"2022-12-13T14:12:43","date_gmt":"2022-12-13T06:12:43","guid":{"rendered":"https:\/\/acenoxkitchenequipment.com\/?post_type=product&#038;p=3605"},"modified":"2023-02-12T15:17:41","modified_gmt":"2023-02-12T07:17:41","slug":"commercial-box-grease-exhaust-hood","status":"publish","type":"product","link":"https:\/\/acenoxkitchenequipment.com\/de\/produkt\/commercial-box-grease-exhaust-hood\/","title":{"rendered":"Handels\u00fcbliche Fettabsaughaube"},"content":{"rendered":"<p>Diese kastenf\u00f6rmige Fettabsaugung saugt die von Kochger\u00e4ten erzeugte Hitze, den Rauch und das Fett ab.<\/p>\n<p>Merkmale:<\/p>\n<ul>\n<li>Materialien: Konstruktion aus rostfreiem Stahl 100%, Stahl 304, Stahl 201, Stahl 430 zur Auswahl.<\/li>\n<li>Komplett aus Edelstahl gefertigt<\/li>\n<li>Gr\u00f6\u00dfe wird individuell angepasst<\/li>\n<li>Sch\u00f6ne Schwei\u00dfoptik<\/li>\n<li>Prallfilter aus Edelstahl im Lieferumfang enthalten<\/li>\n<li>Aufh\u00e4ngeklammern<\/li>\n<li>Fettwanne und -becher aus Edelstahl<\/li>\n<li>Edelstahlfilter inklusive<\/li>\n<\/ul>\n<p>Optionen:<\/p>\n<ul>\n<li>L\u00fcfter- und Drehzahlregler<\/li>\n<li>Spannung und Leistung: 220\/240 V, 250 W. 320 W bei L\u00e4ngen \u00fcber 2,0 Meter<\/li>\n<li>Mit Beleuchtung: herk\u00f6mmliche Beleuchtung oder LED-Beleuchtung zur Auswahl<\/li>\n<\/ul>\n<p>Die Form der Dunstabzugshauben kann an den lokalen Markt des Kunden angepasst werden.<\/p>","protected":false},"excerpt":{"rendered":"<p>Dies ist eine Fettabsaugung in Kastenform mit Filter, L\u00fcfter, LED-Licht und Geschwindigkeitsregelung. Die Leistung betr\u00e4gt 250 W, die Materialien k\u00f6nnen individuell angepasst werden.<\/p>","protected":false},"featured_media":3606,"comment_status":"closed","ping_status":"closed","template":"","meta":{"_seopress_robots_primary_cat":"none","_seopress_titles_title":"","_seopress_titles_desc":"","_seopress_robots_index":""},"product_cat":[35],"product_tag":[86],"_links":{"self":[{"href":"https:\/\/acenoxkitchenequipment.com\/de\/wp-json\/wp\/v2\/product\/3605"}],"collection":[{"href":"https:\/\/acenoxkitchenequipment.com\/de\/wp-json\/wp\/v2\/product"}],"about":[{"href":"https:\/\/acenoxkitchenequipment.com\/de\/wp-json\/wp\/v2\/types\/product"}],"replies":[{"embeddable":true,"href":"https:\/\/acenoxkitchenequipment.com\/de\/wp-json\/wp\/v2\/comments?post=3605"}],"version-history":[{"count":0,"href":"https:\/\/acenoxkitchenequipment.com\/de\/wp-json\/wp\/v2\/product\/3605\/revisions"}],"wp:featuredmedia":[{"embeddable":true,"href":"https:\/\/acenoxkitchenequipment.com\/de\/wp-json\/wp\/v2\/media\/3606"}],"wp:attachment":[{"href":"https:\/\/acenoxkitchenequipment.com\/de\/wp-json\/wp\/v2\/media?parent=3605"}],"wp:term":[{"taxonomy":"product_cat","embeddable":true,"href":"https:\/\/acenoxkitchenequipment.com\/de\/wp-json\/wp\/v2\/product_cat?post=3605"},{"taxonomy":"product_tag","embeddable":true,"href":"https:\/\/acenoxkitchenequipment.com\/de\/wp-json\/wp\/v2\/product_tag?post=3605"}],"curies":[{"name":"wp","href":"https:\/\/api.w.org\/{rel}","templated":true}]}}