{"id":2531,"date":"2022-10-28T13:24:35","date_gmt":"2022-10-28T05:24:35","guid":{"rendered":"http:\/\/acenoxkitchenequipment.com\/?post_type=product&#038;p=2531"},"modified":"2023-07-05T18:38:52","modified_gmt":"2023-07-05T10:38:52","slug":"janitorial-hand-washing-mop-sink","status":"publish","type":"product","link":"https:\/\/acenoxkitchenequipment.com\/de\/produkt\/janitorial-hand-washing-mop-sink\/","title":{"rendered":"Hausmeister-H\u00e4ndewaschbecken und Wischmopp"},"content":{"rendered":"<h3>Merkmale des Hausmeister-Handwaschbeckens und Wischmopps:<\/h3>\n<ul>\n<li><strong><span data-preserver-spaces=\"true\">Materialien:\u00a0<\/span><\/strong><span data-preserver-spaces=\"true\">wir empfehlen die Verwendung von Edelstahl 304 mit guten Rostschutzeigenschaften oder Edelstahl 201 als kosteng\u00fcnstige Hochleistungsausf\u00fchrung, da es sich um ein Reinigungssp\u00fclbecken mit mehreren Funktionen handelt und die Hochleistungsausf\u00fchrung f\u00fcr ausreichende Stabilit\u00e4t sorgt.<\/span><\/li>\n<li><strong><span data-preserver-spaces=\"true\">Obere Sch\u00fcssel:\u00a0\u00a0<\/span><\/strong><span data-preserver-spaces=\"true\">390 mm \u00d7 240 mm \u00d7 120 mm, Abfluss inbegriffen.<\/span><\/li>\n<li><strong><span data-preserver-spaces=\"true\">Unterschale:\u00a0<\/span><\/strong><span data-preserver-spaces=\"true\">400 mm \u00d7 300 mm \u00d7 200 mm (Standard), Abfluss enthalten<\/span><\/li>\n<li><strong><span data-preserver-spaces=\"true\">Struktur:\u00a0<\/span><\/strong><span data-preserver-spaces=\"true\">Nicht zusammenbaubarer Typ, Flachpackung.<\/span><\/li>\n<li><strong><span data-preserver-spaces=\"true\">Packungsgr\u00f6\u00dfe:\u00a0<\/span><\/strong><span data-preserver-spaces=\"true\">\u00a0530 mm \u00d7 620 mm \u00d7 620 mm<\/span><\/li>\n<li><strong><span data-preserver-spaces=\"true\">Installation:\u00a0<\/span><\/strong><span data-preserver-spaces=\"true\">freistehend mit vier Beinen, F\u00fc\u00dfe k\u00f6nnen verstellbar sein.\u00a0<\/span><\/li>\n<li><strong><span data-preserver-spaces=\"true\">Andere:\u00a0<\/span><\/strong><span data-preserver-spaces=\"true\">Ein St\u00fctzgitter ist vorhanden, dieses kann aber auch abgenommen werden.<\/span><\/li>\n<\/ul>","protected":false},"excerpt":{"rendered":"<p>Diese Hausmeister-Waschbeckenkombination hat mehrere Funktionen: zum H\u00e4ndewaschen, zum Eimerreinigen oder als Wischbecken, aus Edelstahl 304, Form und Gr\u00f6\u00dfe k\u00f6nnen individuell angepasst werden.<\/p>","protected":false},"featured_media":5407,"comment_status":"open","ping_status":"closed","template":"","meta":{"_seopress_robots_primary_cat":"none","_seopress_titles_title":"Janitorial Hand Washing &amp; mop Sink %%sep%%Acenox Manufacturing","_seopress_titles_desc":"MOQ: 5 Pcs; This janitorial sink combination has multiple functions, hand washing, bucket cleaning or as a mop sink, made of stainless steel 304.","_seopress_robots_index":""},"product_cat":[53],"product_tag":[181],"_links":{"self":[{"href":"https:\/\/acenoxkitchenequipment.com\/de\/wp-json\/wp\/v2\/product\/2531"}],"collection":[{"href":"https:\/\/acenoxkitchenequipment.com\/de\/wp-json\/wp\/v2\/product"}],"about":[{"href":"https:\/\/acenoxkitchenequipment.com\/de\/wp-json\/wp\/v2\/types\/product"}],"replies":[{"embeddable":true,"href":"https:\/\/acenoxkitchenequipment.com\/de\/wp-json\/wp\/v2\/comments?post=2531"}],"version-history":[{"count":0,"href":"https:\/\/acenoxkitchenequipment.com\/de\/wp-json\/wp\/v2\/product\/2531\/revisions"}],"wp:featuredmedia":[{"embeddable":true,"href":"https:\/\/acenoxkitchenequipment.com\/de\/wp-json\/wp\/v2\/media\/5407"}],"wp:attachment":[{"href":"https:\/\/acenoxkitchenequipment.com\/de\/wp-json\/wp\/v2\/media?parent=2531"}],"wp:term":[{"taxonomy":"product_cat","embeddable":true,"href":"https:\/\/acenoxkitchenequipment.com\/de\/wp-json\/wp\/v2\/product_cat?post=2531"},{"taxonomy":"product_tag","embeddable":true,"href":"https:\/\/acenoxkitchenequipment.com\/de\/wp-json\/wp\/v2\/product_tag?post=2531"}],"curies":[{"name":"wp","href":"https:\/\/api.w.org\/{rel}","templated":true}]}}