{"id":2422,"date":"2022-10-13T15:02:54","date_gmt":"2022-10-13T07:02:54","guid":{"rendered":"http:\/\/acenoxkitchenequipment.com\/?post_type=product&#038;p=2422"},"modified":"2023-07-23T20:33:54","modified_gmt":"2023-07-23T12:33:54","slug":"stainless-steel-hood-filters","status":"publish","type":"product","link":"https:\/\/acenoxkitchenequipment.com\/de\/produkt\/stainless-steel-hood-filters\/","title":{"rendered":"Prallblech-Fettfilter"},"content":{"rendered":"<p>Prallfilter aus Edelstahl f\u00fcr Dunstabzugshauben<\/p>\n<p>Die Schallwand wird im Gussverfahren hergestellt, daher sind alle Schallw\u00e4nde Standardschallw\u00e4nde mit einheitlichem Aussehen.<\/p>\n<p><strong><b>Merkmale:<\/b><\/strong><\/p>\n<ul>\n<li><strong>Materialien: <\/strong>Aus 430er Edelstahl. Hochglanzpoliert.<strong><br \/>\n<\/strong><\/li>\n<li><strong><strong>Leistung: <\/strong><\/strong>Rostschutz und glatte Oberfl\u00e4che<\/li>\n<li><strong>Struktur:<\/strong>Es ist durch Nieten zusammengebaut, keine Schwei\u00dfnarben au\u00dfen<\/li>\n<li><strong>Handwerk: <\/strong>keine scharfen Kanten, keine Kratzer<\/li>\n<li>Benutzerdefinierte Gr\u00f6\u00dfe ist verf\u00fcgbar<\/li>\n<\/ul>\n<p><strong>Mindestbestellmenge<\/strong><\/p>\n<p>Die Mindestbestellmenge betr\u00e4gt 50 St\u00fcck<\/p>\n<p>Damit Sie sich von unserer Qualit\u00e4t \u00fcberzeugen k\u00f6nnen, erhalten Sie eine kostenlose Probe!<\/p>","protected":false},"excerpt":{"rendered":"<p>Die Schallwand und der Rahmen bestehen aus Edelstahl 430 oder 201. Hochglanzpoliert. Rostfreie und glatte Oberfl\u00e4che.<br \/>\nDie Montage erfolgt durch Nieten, 6 St\u00fcck in einem Karton, Mindestbestellmenge: 50 St\u00fcck, Gr\u00f6\u00dfe ist individuell.<\/p>","protected":false},"featured_media":3612,"comment_status":"closed","ping_status":"closed","template":"","meta":{"_seopress_robots_primary_cat":"none","_seopress_titles_title":"","_seopress_titles_desc":"","_seopress_robots_index":""},"product_cat":[35],"product_tag":[86],"_links":{"self":[{"href":"https:\/\/acenoxkitchenequipment.com\/de\/wp-json\/wp\/v2\/product\/2422"}],"collection":[{"href":"https:\/\/acenoxkitchenequipment.com\/de\/wp-json\/wp\/v2\/product"}],"about":[{"href":"https:\/\/acenoxkitchenequipment.com\/de\/wp-json\/wp\/v2\/types\/product"}],"replies":[{"embeddable":true,"href":"https:\/\/acenoxkitchenequipment.com\/de\/wp-json\/wp\/v2\/comments?post=2422"}],"version-history":[{"count":0,"href":"https:\/\/acenoxkitchenequipment.com\/de\/wp-json\/wp\/v2\/product\/2422\/revisions"}],"wp:featuredmedia":[{"embeddable":true,"href":"https:\/\/acenoxkitchenequipment.com\/de\/wp-json\/wp\/v2\/media\/3612"}],"wp:attachment":[{"href":"https:\/\/acenoxkitchenequipment.com\/de\/wp-json\/wp\/v2\/media?parent=2422"}],"wp:term":[{"taxonomy":"product_cat","embeddable":true,"href":"https:\/\/acenoxkitchenequipment.com\/de\/wp-json\/wp\/v2\/product_cat?post=2422"},{"taxonomy":"product_tag","embeddable":true,"href":"https:\/\/acenoxkitchenequipment.com\/de\/wp-json\/wp\/v2\/product_tag?post=2422"}],"curies":[{"name":"wp","href":"https:\/\/api.w.org\/{rel}","templated":true}]}}