{"id":2395,"date":"2022-10-13T10:18:16","date_gmt":"2022-10-13T02:18:16","guid":{"rendered":"http:\/\/acenoxkitchenequipment.com\/?post_type=product&#038;p=2395"},"modified":"2023-02-08T17:09:57","modified_gmt":"2023-02-08T09:09:57","slug":"commercial-exhaust-hood-with-makeup-air","status":"publish","type":"product","link":"https:\/\/acenoxkitchenequipment.com\/de\/produkt\/commercial-exhaust-hood-with-makeup-air\/","title":{"rendered":"Gewerbliche Dunstabzugshaube mit Frischluft"},"content":{"rendered":"<p>In gewerblichen K\u00fcchen gibt es normalerweise mehrere Dunstabzugshauben, die f\u00fcr verschiedene Zwecke unterschiedlich funktionieren k\u00f6nnen, zum Beispiel f\u00fcr Kochherde, zum D\u00e4mpfen, f\u00fcr Geschirrsp\u00fcler usw. Eine Frischluftversorgungseinheit kann zus\u00e4tzlich Frischluft einbringen.<\/p>\n<p>Merkmale:<\/p>\n<ul>\n<li>Materialien: Konstruktion aus rostfreiem Stahl 100%, Stahl 304, Stahl 201, Stahl 430 zur Auswahl.<\/li>\n<li>Funktion: Beseitigung von Fett und sch\u00e4dlichem Rauch und Einblasen von Frischluft<\/li>\n<li>Lieferumfang: 1. Haube 2. Filter 3. LED-Leuchten (L\u00fcfter nicht im Lieferumfang enthalten)<\/li>\n<li>Filter: Normalerweise sind Prallfilter die gebr\u00e4uchlichsten. Das vom Filter abgesaugte Fett wird in einer Fettwanne gesammelt. Es stehen verschiedene Filter zur Auswahl.<\/li>\n<li>Haubenstruktur: integrale<\/li>\n<li>Gr\u00f6\u00dfe: L\u00e4nge kann angepasst werden, H\u00f6he normalerweise 50 cm, Tiefe normalerweise 90 cm oder 100 cm.<\/li>\n<\/ul>\n<p>&nbsp;<\/p>","protected":false},"excerpt":{"rendered":"<p>Diese gewerbliche Dunstabzugshaube verf\u00fcgt \u00fcber Filter, LED-Leuchten und Ventilatoren f\u00fcr Frischluft. Die Gr\u00f6\u00dfe kann individuell angepasst werden.<\/p>","protected":false},"featured_media":2398,"comment_status":"closed","ping_status":"closed","template":"","meta":{"_seopress_robots_primary_cat":"none","_seopress_titles_title":"","_seopress_titles_desc":"","_seopress_robots_index":""},"product_cat":[35],"product_tag":[86],"_links":{"self":[{"href":"https:\/\/acenoxkitchenequipment.com\/de\/wp-json\/wp\/v2\/product\/2395"}],"collection":[{"href":"https:\/\/acenoxkitchenequipment.com\/de\/wp-json\/wp\/v2\/product"}],"about":[{"href":"https:\/\/acenoxkitchenequipment.com\/de\/wp-json\/wp\/v2\/types\/product"}],"replies":[{"embeddable":true,"href":"https:\/\/acenoxkitchenequipment.com\/de\/wp-json\/wp\/v2\/comments?post=2395"}],"version-history":[{"count":0,"href":"https:\/\/acenoxkitchenequipment.com\/de\/wp-json\/wp\/v2\/product\/2395\/revisions"}],"wp:featuredmedia":[{"embeddable":true,"href":"https:\/\/acenoxkitchenequipment.com\/de\/wp-json\/wp\/v2\/media\/2398"}],"wp:attachment":[{"href":"https:\/\/acenoxkitchenequipment.com\/de\/wp-json\/wp\/v2\/media?parent=2395"}],"wp:term":[{"taxonomy":"product_cat","embeddable":true,"href":"https:\/\/acenoxkitchenequipment.com\/de\/wp-json\/wp\/v2\/product_cat?post=2395"},{"taxonomy":"product_tag","embeddable":true,"href":"https:\/\/acenoxkitchenequipment.com\/de\/wp-json\/wp\/v2\/product_tag?post=2395"}],"curies":[{"name":"wp","href":"https:\/\/api.w.org\/{rel}","templated":true}]}}