{"id":1559,"date":"2022-08-09T15:38:36","date_gmt":"2022-08-09T07:38:36","guid":{"rendered":"http:\/\/acenoxkitchenequipment.com\/?post_type=product&#038;p=1559"},"modified":"2024-07-03T20:42:14","modified_gmt":"2024-07-03T12:42:14","slug":"curved-refrigerated-cake-display","status":"publish","type":"product","link":"https:\/\/acenoxkitchenequipment.com\/de\/produkt\/curved-refrigerated-cake-display\/","title":{"rendered":"Gebogene gek\u00fchlte Kuchenvitrine"},"content":{"rendered":"<h3><span class=\"zRhise\"><span class=\"PkjLuf\" title=\"Lieferant f\u00fcr kommerzielle Kuchendisplays aus gebogenem Glas\">Lieferant f\u00fcr kommerzielle Tortenauslagen aus Glas:<\/span><\/span><\/h3>\n<ul>\n<li><strong>Gebogene Gl\u00e4ser:<\/strong><\/li>\n<\/ul>\n<p>Die gebogene gek\u00fchlte Kuchenvitrine bietet einen umfassenden und direkten Blick auf die Desserts und Kuchen in der Vitrine. Die Besucher haben einen vollst\u00e4ndigen Blick auf die Vitrine, ohne dass physische Barrieren vorhanden sind. Die gebogenen Gl\u00e4ser sind elegant und optisch ansprechend.<\/p>\n<ul>\n<li><strong>Geh\u00e4rtetes Glas<\/strong><\/li>\n<\/ul>\n<ul>\n<li><strong>Temperatur: <\/strong><\/li>\n<\/ul>\n<p>Wir legen die Temperatur auf +2 \u00b0C bis +8 \u00b0C fest. Die Maschine arbeitet und h\u00e4lt die Temperatur in diesem Bereich konstant, was ideal ist, um Kuchen, Sahne und andere Desserts frisch und mit gutem Geschmack aufzubewahren.<\/p>\n<ul>\n<li><strong>Low-E-Antibeschlagbrille<\/strong><\/li>\n<\/ul>\n<p>Wir verwenden Low-E-Gl\u00e4ser und Hei\u00dfluftgebl\u00e4se, um ein Beschlagen zu verhindern, was in den meisten F\u00e4llen m\u00f6glich ist. Die Kosten sind viel niedriger als bei Heizdrahtgl\u00e4sern<\/p>\n<p>Es ist wichtig zu beachten, dass die Entscheidung zwischen einer gebogenen oder rechtwinkligen Kuchenauslage letztendlich von Faktoren wie den spezifischen Designvorlieben, dem verf\u00fcgbaren Platz und der Gesamt\u00e4sthetik der B\u00e4ckerei oder des Ladens abh\u00e4ngt.<\/p>\n<p>Als erfahrener Hersteller bieten wir eine individuelle Gestaltung der Materialien, Farben, aber auch Formen, Strukturen etc. an.<\/p>\n<p>&nbsp;<\/p>\n<p>Anwendbare Umgebung: Umgebungstemperatur besser unter 35 \u00b0C<\/p>\n<p>&nbsp;<\/p>\n<p>&nbsp;<\/p>\n<p>&nbsp;<\/p>\n<p>&nbsp;<\/p>\n<p>&nbsp;<\/p>\n<p>&nbsp;<\/p>\n<p>&nbsp;<\/p>","protected":false},"excerpt":{"rendered":"<ul>\n<li>Gek\u00fchlte Tortenvitrine mit gew\u00f6lbter Frontscheibe<\/li>\n<li>Hervorragende Energieeinsparung und Isolierung<\/li>\n<li>Es wird Ihre Desserts und Kuchen nicht trocken machen, die Feuchtigkeit bleibt im Inneren des Beh\u00e4lters<\/li>\n<li>Termperd-Brille, st\u00e4rker und sicherer<\/li>\n<\/ul>","protected":false},"featured_media":0,"comment_status":"closed","ping_status":"closed","template":"","meta":{"_seopress_robots_primary_cat":"none"},"product_cat":[59],"product_tag":[182],"_links":{"self":[{"href":"https:\/\/acenoxkitchenequipment.com\/de\/wp-json\/wp\/v2\/product\/1559"}],"collection":[{"href":"https:\/\/acenoxkitchenequipment.com\/de\/wp-json\/wp\/v2\/product"}],"about":[{"href":"https:\/\/acenoxkitchenequipment.com\/de\/wp-json\/wp\/v2\/types\/product"}],"replies":[{"embeddable":true,"href":"https:\/\/acenoxkitchenequipment.com\/de\/wp-json\/wp\/v2\/comments?post=1559"}],"version-history":[{"count":0,"href":"https:\/\/acenoxkitchenequipment.com\/de\/wp-json\/wp\/v2\/product\/1559\/revisions"}],"wp:attachment":[{"href":"https:\/\/acenoxkitchenequipment.com\/de\/wp-json\/wp\/v2\/media?parent=1559"}],"wp:term":[{"taxonomy":"product_cat","embeddable":true,"href":"https:\/\/acenoxkitchenequipment.com\/de\/wp-json\/wp\/v2\/product_cat?post=1559"},{"taxonomy":"product_tag","embeddable":true,"href":"https:\/\/acenoxkitchenequipment.com\/de\/wp-json\/wp\/v2\/product_tag?post=1559"}],"curies":[{"name":"wp","href":"https:\/\/api.w.org\/{rel}","templated":true}]}}