{"id":1471,"date":"2022-04-26T16:55:39","date_gmt":"2022-04-26T08:55:39","guid":{"rendered":"http:\/\/acenoxkitchenequipment.com\/?post_type=product&#038;p=1471"},"modified":"2023-06-04T12:12:48","modified_gmt":"2023-06-04T04:12:48","slug":"hand-wash-sink","status":"publish","type":"product","link":"https:\/\/acenoxkitchenequipment.com\/de\/produkt\/hand-wash-sink\/","title":{"rendered":"Kommerzielles freih\u00e4ndiges Waschbecken"},"content":{"rendered":"<p>Dieses freih\u00e4ndige Waschbecken nimmt sehr wenig Platz ein. Die wandmontierte Struktur ist sehr stabil und einfach zu installieren.<\/p>\n<p>Es ist sehr beliebt und wird in verschiedenen Bereichen h\u00e4ufig verwendet. Komplett aus Edelstahl, verschiedene Beckenformen k\u00f6nnen ausgew\u00e4hlt werden, die Gr\u00f6\u00dfe wird individuell angepasst.<\/p>\n<p><strong><b>Merkmale:<\/b><\/strong><\/p>\n<p>Dies ist ein per Knie bedienbares Handwaschbecken f\u00fcr den gewerblichen Gebrauch, freih\u00e4ndiges Arbeiten.<\/p>\n<p>Die Sp\u00fclbecken sind modular aufgebaut, ohne Schwei\u00dfnarben, gutes Aussehen.<\/p>\n<p><strong><b>Spezifikation:<\/b><\/strong><br \/>\nMaterial: Edelstahl 304 f\u00fcr Premium-Wahl, Edelstahl 201 Stahl f\u00fcr allgemeine Wahl<br \/>\nAbmessung (L\/B\/H): 400 * 400 * 240 mm<br \/>\nOperation: Knieoperation<\/p>\n<p><strong><b>Verpackung enthalten:<\/b><\/strong><br \/>\n1x Sp\u00fcle<br \/>\n1x Schlauch<br \/>\n1x Abfluss und 1\u00d7 Abflussrohr<br \/>\n1x Siphon<br \/>\n1x mechanisches Mischventil<\/p>\n<p><strong><b>Optionen: <\/b><\/strong><\/p>\n<p>1x Wasserhahn<br \/>\n1x Seifenspender<\/p>\n<p><strong>Mindestbestellmenge<\/strong><\/p>\n<p>Die Mindestbestellmenge betr\u00e4gt 5 St\u00fcck pro Gr\u00f6\u00dfe<\/p>\n<p>Damit Sie unsere Qualit\u00e4t pr\u00fcfen k\u00f6nnen, steht Ihnen ein Muster zum Gro\u00dfhandelspreis zur Verf\u00fcgung!<\/p>","protected":false},"excerpt":{"rendered":"<p>Dieses freih\u00e4ndige Waschbecken nimmt sehr wenig Platz ein. Die wandmontierte Struktur ist sehr stabil und einfach zu installieren. Es ist sehr beliebt und wird in verschiedenen Bereichen h\u00e4ufig verwendet. Komplett aus Edelstahl, verschiedene Beckenformen k\u00f6nnen gew\u00e4hlt werden, die Gr\u00f6\u00dfe wird individuell angepasst.<\/p>","protected":false},"featured_media":5420,"comment_status":"closed","ping_status":"closed","template":"","meta":{"_seopress_robots_primary_cat":"none","_seopress_titles_title":"","_seopress_titles_desc":"This hands free sink takes up very little space. Wall mounted structure is very solid and easy to install.","_seopress_robots_index":""},"product_cat":[53],"product_tag":[149],"_links":{"self":[{"href":"https:\/\/acenoxkitchenequipment.com\/de\/wp-json\/wp\/v2\/product\/1471"}],"collection":[{"href":"https:\/\/acenoxkitchenequipment.com\/de\/wp-json\/wp\/v2\/product"}],"about":[{"href":"https:\/\/acenoxkitchenequipment.com\/de\/wp-json\/wp\/v2\/types\/product"}],"replies":[{"embeddable":true,"href":"https:\/\/acenoxkitchenequipment.com\/de\/wp-json\/wp\/v2\/comments?post=1471"}],"version-history":[{"count":0,"href":"https:\/\/acenoxkitchenequipment.com\/de\/wp-json\/wp\/v2\/product\/1471\/revisions"}],"wp:featuredmedia":[{"embeddable":true,"href":"https:\/\/acenoxkitchenequipment.com\/de\/wp-json\/wp\/v2\/media\/5420"}],"wp:attachment":[{"href":"https:\/\/acenoxkitchenequipment.com\/de\/wp-json\/wp\/v2\/media?parent=1471"}],"wp:term":[{"taxonomy":"product_cat","embeddable":true,"href":"https:\/\/acenoxkitchenequipment.com\/de\/wp-json\/wp\/v2\/product_cat?post=1471"},{"taxonomy":"product_tag","embeddable":true,"href":"https:\/\/acenoxkitchenequipment.com\/de\/wp-json\/wp\/v2\/product_tag?post=1471"}],"curies":[{"name":"wp","href":"https:\/\/api.w.org\/{rel}","templated":true}]}}