{"id":1465,"date":"2022-04-26T14:20:52","date_gmt":"2022-04-26T06:20:52","guid":{"rendered":"http:\/\/acenoxkitchenequipment.com\/?post_type=product&#038;p=1465"},"modified":"2023-06-02T12:07:48","modified_gmt":"2023-06-02T04:07:48","slug":"stainless-steel-industrial-sink","status":"publish","type":"product","link":"https:\/\/acenoxkitchenequipment.com\/de\/produkt\/stainless-steel-industrial-sink\/","title":{"rendered":"Industriesp\u00fcle aus Edelstahl"},"content":{"rendered":"<p><strong><b>Merkmale:<\/b><\/strong><\/p>\n<p>Industriesp\u00fclen unterscheiden sich von Haushaltssp\u00fclen dadurch, dass sie in der Regel gr\u00f6\u00dfer, robuster und langlebiger sind.<\/p>\n<p>Es kann in einigen Werkst\u00e4tten von Fabriken und Reinigungsr\u00e4umen von Krankenh\u00e4usern verwendet werden, am h\u00e4ufigsten wird es jedoch in Gro\u00dfk\u00fcchen von Restaurants, Hotels, Schulen oder Superm\u00e4rkten usw. eingesetzt.<\/p>\n<p>Dieses Modell verf\u00fcgt \u00fcber ein einfaches Design ohne Unterregal oder zus\u00e4tzliche Platten, ist daher sehr g\u00fcnstig und wird von den Kunden h\u00e4ufig gew\u00e4hlt.<\/p>\n<p>Nach der Anzahl der Sp\u00fclbecken unterscheidet man zwischen Einzelbecken-, Doppelbecken- und Dreibeckensp\u00fclen sowie danach, ob sie mit einer Abtropffl\u00e4che ausgestattet sind.<\/p>\n<ul>\n<li><strong>Arbeitsplatte:<\/strong> Normalerweise ist eine Dicke von 0,8 mm oder 1,0 mm die bessere Wahl<\/li>\n<li><strong>Sp\u00fclbecken:<\/strong> Gr\u00f6\u00dfe ist 500 \u00d7 400 \u00d7 250 mm\/500 \u00d7 500 \u00d7 250 mm, hochwertige rostfreie Materialien, modulare Schalen, sauberes und ordentliches Polieren der Innenseite, leicht zu pflegen, sch\u00f6nes Aussehen.<\/li>\n<li><strong>Unterboden: N\/M<\/strong><\/li>\n<li><strong>Spritzschutz:<\/strong> 100mm hoch<\/li>\n<li><strong>Beine:<\/strong> Runde Beine mit verstellbaren F\u00fc\u00dfen<\/li>\n<\/ul>\n<p><strong>Mindestbestellmenge<\/strong><\/p>\n<p>Die Mindestbestellmenge betr\u00e4gt 5 St\u00fcck pro Gr\u00f6\u00dfe<\/p>","protected":false},"excerpt":{"rendered":"<p>Dies ist eine Industriesp\u00fcle f\u00fcr den Einsatz in Gro\u00dfk\u00fcchen. Sie hat ein schlichtes Design ohne Unterboden oder zus\u00e4tzliche Platten. Sondergr\u00f6\u00dfen sind erh\u00e4ltlich.<\/p>","protected":false},"featured_media":5421,"comment_status":"closed","ping_status":"closed","template":"","meta":{"_seopress_robots_primary_cat":"none","_seopress_titles_title":"","_seopress_titles_desc":"industrial sink for commercial kitchen use, it comes with a simple design without undershelf or extra sheets, economic and widely chosed by customers.","_seopress_robots_index":""},"product_cat":[53],"product_tag":[148],"_links":{"self":[{"href":"https:\/\/acenoxkitchenequipment.com\/de\/wp-json\/wp\/v2\/product\/1465"}],"collection":[{"href":"https:\/\/acenoxkitchenequipment.com\/de\/wp-json\/wp\/v2\/product"}],"about":[{"href":"https:\/\/acenoxkitchenequipment.com\/de\/wp-json\/wp\/v2\/types\/product"}],"replies":[{"embeddable":true,"href":"https:\/\/acenoxkitchenequipment.com\/de\/wp-json\/wp\/v2\/comments?post=1465"}],"version-history":[{"count":0,"href":"https:\/\/acenoxkitchenequipment.com\/de\/wp-json\/wp\/v2\/product\/1465\/revisions"}],"wp:featuredmedia":[{"embeddable":true,"href":"https:\/\/acenoxkitchenequipment.com\/de\/wp-json\/wp\/v2\/media\/5421"}],"wp:attachment":[{"href":"https:\/\/acenoxkitchenequipment.com\/de\/wp-json\/wp\/v2\/media?parent=1465"}],"wp:term":[{"taxonomy":"product_cat","embeddable":true,"href":"https:\/\/acenoxkitchenequipment.com\/de\/wp-json\/wp\/v2\/product_cat?post=1465"},{"taxonomy":"product_tag","embeddable":true,"href":"https:\/\/acenoxkitchenequipment.com\/de\/wp-json\/wp\/v2\/product_tag?post=1465"}],"curies":[{"name":"wp","href":"https:\/\/api.w.org\/{rel}","templated":true}]}}