{"id":1460,"date":"2022-04-20T17:12:54","date_gmt":"2022-04-20T09:12:54","guid":{"rendered":"http:\/\/acenoxkitchenequipment.com\/?post_type=product&#038;p=1460"},"modified":"2023-06-02T15:16:46","modified_gmt":"2023-06-02T07:16:46","slug":"stainless-steel-table-with-sink","status":"publish","type":"product","link":"https:\/\/acenoxkitchenequipment.com\/de\/produkt\/stainless-steel-table-with-sink\/","title":{"rendered":"Edelstahltisch mit Sp\u00fcle"},"content":{"rendered":"<p>Es verf\u00fcgt \u00fcber eine Abtropffl\u00e4che und ein Unterregal, das Unterregal kann abgenommen werden.<\/p>\n<p>Es sind Stahl 304 oder Stahl 201 verf\u00fcgbar.<\/p>\n<p><strong><b>Merkmale:<\/b><\/strong><\/p>\n<ul>\n<li>Dieser Edelstahltisch ist links oder rechts mit einem Sp\u00fclbecken ausgestattet, das sich bequem zum H\u00e4ndewaschen oder Reinigen von Sachen eignet.<\/li>\n<li>Au\u00dferdem verf\u00fcgt er \u00fcber eine Unterablage, die zum Abstellen von T\u00f6pfen und Pfannen genutzt werden kann.<\/li>\n<li>Die Abtropffl\u00e4che ist flach gestaltet, Sie k\u00f6nnen darauf Teller vorbereiten oder abstellen oder Geschirr sp\u00fclen.<\/li>\n<li>Die Beine sind rund, Durchmesser 38 mm oder 42 mm ist die richtige Wahl.<\/li>\n<li>Nicht zusammengebaute Struktur, kleines und flaches Paket, spart viel Lieferkosten und Versandfracht<\/li>\n<li>Die Struktur ist sehr stabil. F\u00fcr die Montage aller Teile verwenden wir Hochleistungsbeschl\u00e4ge. Die Festigkeit ist die gleiche wie bei geschwei\u00dften Teilen.<\/li>\n<li>Schalen k\u00f6nnen aus Modulen gefertigt oder geschwei\u00dft sein; wir k\u00f6nnen beide Arten liefern.<\/li>\n<li>Einzelbecken, Doppelbecken oder Dreifachbecken, um unterschiedlichen Anforderungen an die Gr\u00f6\u00dfe gerecht zu werden<\/li>\n<\/ul>\n<p>&nbsp;<\/p>","protected":false},"excerpt":{"rendered":"<p>Dieser Edelstahltisch verf\u00fcgt \u00fcber ein Sp\u00fclbecken links oder rechts, das sich zum H\u00e4ndewaschen oder Reinigen von Gegenst\u00e4nden eignet. 304 Stahl oder 201 Stahl sind alle verf\u00fcgbar<\/p>","protected":false},"featured_media":5419,"comment_status":"closed","ping_status":"closed","template":"","meta":{"_seopress_robots_primary_cat":"none","_seopress_titles_title":"Stainless Steel Table With Sink %%sep%%China Manufacturer %%sep%%Acenox","_seopress_titles_desc":"This stainless steel table comes with an sink bowl in left or right, which is convenient to wash hands or cleaning stuff. 304 steel or 201 steel are all avaliable","_seopress_robots_index":""},"product_cat":[53],"product_tag":[153],"_links":{"self":[{"href":"https:\/\/acenoxkitchenequipment.com\/de\/wp-json\/wp\/v2\/product\/1460"}],"collection":[{"href":"https:\/\/acenoxkitchenequipment.com\/de\/wp-json\/wp\/v2\/product"}],"about":[{"href":"https:\/\/acenoxkitchenequipment.com\/de\/wp-json\/wp\/v2\/types\/product"}],"replies":[{"embeddable":true,"href":"https:\/\/acenoxkitchenequipment.com\/de\/wp-json\/wp\/v2\/comments?post=1460"}],"version-history":[{"count":0,"href":"https:\/\/acenoxkitchenequipment.com\/de\/wp-json\/wp\/v2\/product\/1460\/revisions"}],"wp:featuredmedia":[{"embeddable":true,"href":"https:\/\/acenoxkitchenequipment.com\/de\/wp-json\/wp\/v2\/media\/5419"}],"wp:attachment":[{"href":"https:\/\/acenoxkitchenequipment.com\/de\/wp-json\/wp\/v2\/media?parent=1460"}],"wp:term":[{"taxonomy":"product_cat","embeddable":true,"href":"https:\/\/acenoxkitchenequipment.com\/de\/wp-json\/wp\/v2\/product_cat?post=1460"},{"taxonomy":"product_tag","embeddable":true,"href":"https:\/\/acenoxkitchenequipment.com\/de\/wp-json\/wp\/v2\/product_tag?post=1460"}],"curies":[{"name":"wp","href":"https:\/\/api.w.org\/{rel}","templated":true}]}}