{"id":10532,"date":"2024-09-13T11:40:12","date_gmt":"2024-09-13T03:40:12","guid":{"rendered":"https:\/\/acenoxkitchenequipment.com\/?post_type=product&#038;p=10532"},"modified":"2024-09-13T13:24:26","modified_gmt":"2024-09-13T05:24:26","slug":"hot-food-display","status":"publish","type":"product","link":"https:\/\/acenoxkitchenequipment.com\/de\/produkt\/hot-food-display\/","title":{"rendered":"Hot Food Display"},"content":{"rendered":"<h3>Features of Hot Food Display<\/h3>\n<ul>\n<li>What is Hot Food Display<\/li>\n<\/ul>\n<p>A hot food display is used to showcase and keep food items warm in various settings such as restaurants, bakeries, cafes, delis, and buffets. It is a commercial hot food display, these displays are designed to maintain the temperature at 30\u2103~ 60\u2103 based on different food like <b>sandwiches, pizzas, pastries, and pies<\/b>.<\/p>\n<ul>\n<li>Geh\u00e4rtetes Glas<\/li>\n<\/ul>\n<p>Geh\u00e4rtetes Glas ist viel st\u00e4rker als normales Glas. Geh\u00e4rtetes Glas h\u00e4lt h\u00f6heren Temperaturen stand als normales Glas. Dadurch eignet es sich f\u00fcr Anwendungen wie Ofent\u00fcren, Herdplatten und Glas-Speisenw\u00e4rmerdisplays.<\/p>\n<ul>\n<li>30\u2103~70\u2103<\/li>\n<\/ul>\n<p>Dieses Warmhaltedisplay h\u00e4lt Speisen bei Temperaturen von 30 \u00b0C bis 60 \u00b0C warm. Die langlebigen, hochwertigen elektrischen Heizelemente haben eine lange Lebensdauer von \u00fcber 5 Jahren und k\u00f6nnen problemlos ausgetauscht werden. Wir bieten<\/p>\n<ul>\n<li>Langlebige Qualit\u00e4t<\/li>\n<\/ul>\n<p>Es ist nicht wie bei den anderen Lebensmitteldisplays mit schlechter Qualit\u00e4t, die nach ein paar Mal nicht mehr funktionieren. Wir k\u00f6nnen eine 1-j\u00e4hrige Qualit\u00e4tsgarantie garantieren, mit Ausnahme der Gl\u00e4ser (Gl\u00e4ser gehen kaputt, wenn Sie mit schweren Werkzeugen darauf schlagen). Egal, wie oft Sie es einschalten, egal, die LED-Leuchten oder die Heizfunktion funktionieren. Allerdings kann niemand perfekte 100%-Produkte garantieren. Sobald Teile besch\u00e4digt sind, stellen wir innerhalb der Garantiezeit kostenlose Ersatzteile zur Verf\u00fcgung.<\/p>\n<ul>\n<li>Komplett aus Edelstahl gefertigte Regale bieten<\/li>\n<\/ul>\n<p>Die gesamte Fertigung erfolgt aus rostfreiem Stahl und entspricht den Lebensmittelhygienestandards.<\/p>\n<p>&nbsp;<\/p>\n<h3>Photos Of Hot Food Display:<\/h3>\n<p><img fetchpriority=\"high\" decoding=\"async\" class=\"alignnone  wp-image-10534\" src=\"https:\/\/acenoxkitchenequipment.com\/wp-content\/uploads\/2024\/09\/shelf-of-the-hot-food-display.webp\" alt=\"hot food display\" width=\"699\" height=\"524\" srcset=\"https:\/\/acenoxkitchenequipment.com\/wp-content\/uploads\/2024\/09\/shelf-of-the-hot-food-display.webp 800w, https:\/\/acenoxkitchenequipment.com\/wp-content\/uploads\/2024\/09\/shelf-of-the-hot-food-display-300x225.webp 300w, https:\/\/acenoxkitchenequipment.com\/wp-content\/uploads\/2024\/09\/shelf-of-the-hot-food-display-768x576.webp 768w, https:\/\/acenoxkitchenequipment.com\/wp-content\/uploads\/2024\/09\/shelf-of-the-hot-food-display-16x12.webp 16w, https:\/\/acenoxkitchenequipment.com\/wp-content\/uploads\/2024\/09\/shelf-of-the-hot-food-display-600x450.webp 600w\" sizes=\"(max-width: 699px) 100vw, 699px\" \/><\/p>\n<p><img decoding=\"async\" class=\"alignnone  wp-image-10535\" src=\"https:\/\/acenoxkitchenequipment.com\/wp-content\/uploads\/2024\/09\/commercial-hot-food-display.webp\" alt=\"hot food display\" width=\"698\" height=\"523\" srcset=\"https:\/\/acenoxkitchenequipment.com\/wp-content\/uploads\/2024\/09\/commercial-hot-food-display.webp 800w, https:\/\/acenoxkitchenequipment.com\/wp-content\/uploads\/2024\/09\/commercial-hot-food-display-300x225.webp 300w, https:\/\/acenoxkitchenequipment.com\/wp-content\/uploads\/2024\/09\/commercial-hot-food-display-768x576.webp 768w, https:\/\/acenoxkitchenequipment.com\/wp-content\/uploads\/2024\/09\/commercial-hot-food-display-16x12.webp 16w, https:\/\/acenoxkitchenequipment.com\/wp-content\/uploads\/2024\/09\/commercial-hot-food-display-600x450.webp 600w\" sizes=\"(max-width: 698px) 100vw, 698px\" \/><\/p>\n<p>&nbsp;<\/p>\n<p>&nbsp;<\/p>","protected":false},"excerpt":{"rendered":"<p>Three stainless steel wire shelves, strong and large display volume<\/p>","protected":false},"featured_media":10536,"comment_status":"closed","ping_status":"closed","template":"","meta":{"_seopress_robots_primary_cat":"none","_seopress_titles_title":"Hot Food Display For Pastry For Sale %%sep%%Heavy-duty Stainless","_seopress_titles_desc":"Hot Food Display for Sale, $ 2100.00 for 900mm wide on sale, Get a bottom price from direct manufacturer based at Melbourne,Australia,18 months warranty!","_seopress_robots_index":""},"product_cat":[59],"product_tag":[],"_links":{"self":[{"href":"https:\/\/acenoxkitchenequipment.com\/de\/wp-json\/wp\/v2\/product\/10532"}],"collection":[{"href":"https:\/\/acenoxkitchenequipment.com\/de\/wp-json\/wp\/v2\/product"}],"about":[{"href":"https:\/\/acenoxkitchenequipment.com\/de\/wp-json\/wp\/v2\/types\/product"}],"replies":[{"embeddable":true,"href":"https:\/\/acenoxkitchenequipment.com\/de\/wp-json\/wp\/v2\/comments?post=10532"}],"version-history":[{"count":0,"href":"https:\/\/acenoxkitchenequipment.com\/de\/wp-json\/wp\/v2\/product\/10532\/revisions"}],"wp:featuredmedia":[{"embeddable":true,"href":"https:\/\/acenoxkitchenequipment.com\/de\/wp-json\/wp\/v2\/media\/10536"}],"wp:attachment":[{"href":"https:\/\/acenoxkitchenequipment.com\/de\/wp-json\/wp\/v2\/media?parent=10532"}],"wp:term":[{"taxonomy":"product_cat","embeddable":true,"href":"https:\/\/acenoxkitchenequipment.com\/de\/wp-json\/wp\/v2\/product_cat?post=10532"},{"taxonomy":"product_tag","embeddable":true,"href":"https:\/\/acenoxkitchenequipment.com\/de\/wp-json\/wp\/v2\/product_tag?post=10532"}],"curies":[{"name":"wp","href":"https:\/\/api.w.org\/{rel}","templated":true}]}}