{"id":10497,"date":"2024-08-13T20:03:59","date_gmt":"2024-08-13T12:03:59","guid":{"rendered":"https:\/\/acenoxkitchenequipment.com\/?post_type=product&#038;p=10497"},"modified":"2024-08-13T20:50:11","modified_gmt":"2024-08-13T12:50:11","slug":"commerial-fridge-upright-supplier","status":"publish","type":"product","link":"https:\/\/acenoxkitchenequipment.com\/de\/produkt\/commerial-fridge-upright-supplier\/","title":{"rendered":"Kommerzieller K\u00fchlschrank, aufrecht"},"content":{"rendered":"<h3>Kommerzieller K\u00fchlschrank, aufrecht<\/h3>\n<p>Gefrierschr\u00e4nke mit einer T\u00fcr sind unverzichtbar f\u00fcr die Lagerung von Zutaten, verschiedenen Eissorten, Gelato und gefrorenen Leckereien. Ihre kompakte Gr\u00f6\u00dfe eignet sich f\u00fcr kleinere Betriebe mit begrenztem Platzangebot.<\/p>\n<p><strong>Merkmale:<\/strong><\/p>\n<ul>\n<li>Durch die Verwendung hochwertiger Edelstahlbleche ist das Design \u00e4sthetisch ansprechend, luxuri\u00f6s und verk\u00f6rpert umweltfreundliches Industriedesign.<\/li>\n<li>Mit vorgeformtem Innenfutter, das eine einfache und gr\u00fcndliche Reinigung gew\u00e4hrleistet.<\/li>\n<li>Die gesamte Einheit besteht aus einer hochdichten Cyclopentan-Schaumstoffisolierung mit einer Dicke von 5\u20136 cm f\u00fcr h\u00f6here Energieeffizienz und Umweltfreundlichkeit.<\/li>\n<li>Ausgestattet mit einem digitalen Temperaturregler von Italian Elf und einem hochwertigen Markenkompressor.<\/li>\n<li>Dreidimensionale 360-Grad-Luftzirkulation ohne tote Winkel.<\/li>\n<li>Automatische selbstschlie\u00dfende T\u00fcr.<\/li>\n<li>Durch die Verwendung von Vollkupferstahlrohren ist sichergestellt, dass es nicht zu Leckagen kommt.<\/li>\n<li>Integrierte Rollen mit verstellbaren F\u00fc\u00dfen f\u00fcr einfache Mobilit\u00e4t.<\/li>\n<\/ul>\n<h3>Spezifikationen f\u00fcr den gewerblichen K\u00fchlschrank mit einer T\u00fcr<\/h3>\n<p>&nbsp;<\/p>","protected":false},"excerpt":{"rendered":"<p>Bel\u00fcftete K\u00fchlung; Einzelt\u00fcr, benutzerdefinierte Kompressormarke und benutzerdefinierte Konfiguration f\u00fcr gewerbliche Gro\u00dfhandelsk\u00fchlschr\u00e4nke<\/p>","protected":false},"featured_media":8965,"comment_status":"open","ping_status":"closed","template":"","meta":{"_seopress_robots_primary_cat":"none","_seopress_titles_title":"Commerial Fridge Upright %%sep%%Upright Chiller Manufacturer","_seopress_titles_desc":"Commerial Fridge Upright Model for sale, single door, double door large commercial fridges for restaurants, supermarkets, and more. ","_seopress_robots_index":""},"product_cat":[242],"product_tag":[],"_links":{"self":[{"href":"https:\/\/acenoxkitchenequipment.com\/de\/wp-json\/wp\/v2\/product\/10497"}],"collection":[{"href":"https:\/\/acenoxkitchenequipment.com\/de\/wp-json\/wp\/v2\/product"}],"about":[{"href":"https:\/\/acenoxkitchenequipment.com\/de\/wp-json\/wp\/v2\/types\/product"}],"replies":[{"embeddable":true,"href":"https:\/\/acenoxkitchenequipment.com\/de\/wp-json\/wp\/v2\/comments?post=10497"}],"version-history":[{"count":0,"href":"https:\/\/acenoxkitchenequipment.com\/de\/wp-json\/wp\/v2\/product\/10497\/revisions"}],"wp:featuredmedia":[{"embeddable":true,"href":"https:\/\/acenoxkitchenequipment.com\/de\/wp-json\/wp\/v2\/media\/8965"}],"wp:attachment":[{"href":"https:\/\/acenoxkitchenequipment.com\/de\/wp-json\/wp\/v2\/media?parent=10497"}],"wp:term":[{"taxonomy":"product_cat","embeddable":true,"href":"https:\/\/acenoxkitchenequipment.com\/de\/wp-json\/wp\/v2\/product_cat?post=10497"},{"taxonomy":"product_tag","embeddable":true,"href":"https:\/\/acenoxkitchenequipment.com\/de\/wp-json\/wp\/v2\/product_tag?post=10497"}],"curies":[{"name":"wp","href":"https:\/\/api.w.org\/{rel}","templated":true}]}}