{"id":10050,"date":"2024-07-27T22:46:53","date_gmt":"2024-07-27T14:46:53","guid":{"rendered":"https:\/\/acenoxkitchenequipment.com\/?post_type=product&#038;p=10050"},"modified":"2024-07-28T15:33:35","modified_gmt":"2024-07-28T07:33:35","slug":"commercial-reach-in-refrigerator","status":"publish","type":"product","link":"https:\/\/acenoxkitchenequipment.com\/de\/produkt\/commercial-reach-in-refrigerator\/","title":{"rendered":"Kommerzieller K\u00fchlschrank mit integrierter Reichweite"},"content":{"rendered":"<h3>Kommerzieller K\u00fchlschrank mit integrierter Reichweite<br \/>\n<img decoding=\"async\" class=\"size-full wp-image-10046 alignright\" src=\"https:\/\/acenoxkitchenequipment.com\/wp-content\/uploads\/2024\/07\/etl.png\" alt=\"commerial fridge\" width=\"177\" height=\"186\" srcset=\"https:\/\/acenoxkitchenequipment.com\/wp-content\/uploads\/2024\/07\/etl.png 177w, https:\/\/acenoxkitchenequipment.com\/wp-content\/uploads\/2024\/07\/etl-11x12.png 11w\" sizes=\"(max-width: 177px) 100vw, 177px\" \/><\/h3>\n<div class=\"q-click-wrapper qu-display--block qu-tapHighlight--white qu-cursor--pointer qu-hover--textDecoration--underline ClickWrapper___StyledClickWrapperBox-zoqi4f-0 iyYUZT\" tabindex=\"0\">\n<div class=\"q-flex qu-flexDirection--row\">\n<div class=\"q-inline qu-flexWrap--wrap\">\n<div class=\"QuestionTitle___StyledText-exj38m-0 chNUqN puppeteer_test_question_title\"><span class=\"q-box qu-userSelect--text\">K\u00fchlelemente befinden sich unten im K\u00fchlschrank<\/span><\/div>\n<\/div>\n<\/div>\n<\/div>\n<p>Dies ist ein gewerblicher K\u00fchlschrank mit einer T\u00fcr f\u00fcr gewerbliche Zwecke. Aufgrund seiner geringen Gr\u00f6\u00dfe ist er die ideale Wahl f\u00fcr kleine gewerbliche K\u00fcchen.<\/p>\n<p><strong>Merkmale:<\/strong><\/p>\n<ul>\n<li>Wenn Sie sich diesen leisten k\u00f6nnen, empfehlen wir Ihnen einen Secop-Kompressor. Der Secop-Kompressor aus Deutschland ist eine bekannte und renommierte Marke mit 60-j\u00e4hriger Geschichte.<\/li>\n<li>Fingerabdruckfreier Edelstahl sorgt f\u00fcr eine saubere Oberfl\u00e4che, was f\u00fcr die Hygiene wichtig ist. Er sorgt daf\u00fcr, dass der K\u00fchlschrank glatt und gut verarbeitet aussieht.<\/li>\n<li>Drei selbstschlie\u00dfende T\u00fcren<\/li>\n<li>Kompressoroptionen: Cubigel\/ Embraco\/ Secop<\/li>\n<li>Option 1 der Arbeitsbedingungen: \u226432\u2103, Luftfeuchtigkeit\u226465%<\/li>\n<li>Option 2 der Arbeitsbedingungen: \u226438\u2103, Luftfeuchtigkeit\u226465%<\/li>\n<\/ul>\n<h3>Spezifikationen f\u00fcr gewerbliche K\u00fchlschr\u00e4nke<\/h3>\n<p>&nbsp;<\/p>\n<h3>Fotos von gewerblichen K\u00fchlschr\u00e4nken<\/h3>\n<p><img fetchpriority=\"high\" decoding=\"async\" class=\"alignnone wp-image-10049\" src=\"https:\/\/acenoxkitchenequipment.com\/wp-content\/uploads\/2024\/02\/digital-controller-of-reach-in-refrigerators.webp\" alt=\"single door commerial fridge\" width=\"727\" height=\"546\" srcset=\"https:\/\/acenoxkitchenequipment.com\/wp-content\/uploads\/2024\/02\/digital-controller-of-reach-in-refrigerators.webp 1000w, https:\/\/acenoxkitchenequipment.com\/wp-content\/uploads\/2024\/02\/digital-controller-of-reach-in-refrigerators-300x225.webp 300w, https:\/\/acenoxkitchenequipment.com\/wp-content\/uploads\/2024\/02\/digital-controller-of-reach-in-refrigerators-768x576.webp 768w, https:\/\/acenoxkitchenequipment.com\/wp-content\/uploads\/2024\/02\/digital-controller-of-reach-in-refrigerators-16x12.webp 16w, https:\/\/acenoxkitchenequipment.com\/wp-content\/uploads\/2024\/02\/digital-controller-of-reach-in-refrigerators-600x450.webp 600w\" sizes=\"(max-width: 727px) 100vw, 727px\" \/><\/p>\n<p><img decoding=\"async\" class=\"alignnone wp-image-9754\" src=\"https:\/\/acenoxkitchenequipment.com\/wp-content\/uploads\/2024\/07\/reach-in-refrigerators.webp\" alt=\"reach in refrigerator\" width=\"728\" height=\"546\" srcset=\"https:\/\/acenoxkitchenequipment.com\/wp-content\/uploads\/2024\/07\/reach-in-refrigerators.webp 900w, https:\/\/acenoxkitchenequipment.com\/wp-content\/uploads\/2024\/07\/reach-in-refrigerators-300x225.webp 300w, https:\/\/acenoxkitchenequipment.com\/wp-content\/uploads\/2024\/07\/reach-in-refrigerators-768x576.webp 768w, https:\/\/acenoxkitchenequipment.com\/wp-content\/uploads\/2024\/07\/reach-in-refrigerators-16x12.webp 16w, https:\/\/acenoxkitchenequipment.com\/wp-content\/uploads\/2024\/07\/reach-in-refrigerators-600x450.webp 600w\" sizes=\"(max-width: 728px) 100vw, 728px\" \/><\/p>\n<h3>Anpassung der kommerziellen Reichweite im K\u00fchlschrank<\/h3>\n<h3>FAQ<\/h3>\n<p>&nbsp;<\/p>\n<p>&nbsp;<\/p>\n<p>&nbsp;<\/p>\n<p>&nbsp;<\/p>\n<p>&nbsp;<\/p>\n<p>&nbsp;<\/p>","protected":false},"excerpt":{"rendered":"<p>Bel\u00fcftete K\u00fchlung; drei T\u00fcren, spezielle Kompressormarke und individuelle Konfiguration f\u00fcr gewerbliche Gro\u00dfhandelsk\u00fchlschr\u00e4nke, Premium-Handwerk aus renommierter Fabrik.<\/p>","protected":false},"featured_media":10051,"comment_status":"open","ping_status":"closed","template":"","meta":{"_seopress_robots_primary_cat":"none","_seopress_titles_title":"Commercial Reach In Refrigerator %%sep%% Custom Design Available","_seopress_titles_desc":"Buy Commercial Reach In Refrigerator at wholesale price from us online, ETL certificated, temperature 33\u2109~ 41\u2109, customization is available.","_seopress_robots_index":""},"product_cat":[242],"product_tag":[293],"_links":{"self":[{"href":"https:\/\/acenoxkitchenequipment.com\/de\/wp-json\/wp\/v2\/product\/10050"}],"collection":[{"href":"https:\/\/acenoxkitchenequipment.com\/de\/wp-json\/wp\/v2\/product"}],"about":[{"href":"https:\/\/acenoxkitchenequipment.com\/de\/wp-json\/wp\/v2\/types\/product"}],"replies":[{"embeddable":true,"href":"https:\/\/acenoxkitchenequipment.com\/de\/wp-json\/wp\/v2\/comments?post=10050"}],"version-history":[{"count":0,"href":"https:\/\/acenoxkitchenequipment.com\/de\/wp-json\/wp\/v2\/product\/10050\/revisions"}],"wp:featuredmedia":[{"embeddable":true,"href":"https:\/\/acenoxkitchenequipment.com\/de\/wp-json\/wp\/v2\/media\/10051"}],"wp:attachment":[{"href":"https:\/\/acenoxkitchenequipment.com\/de\/wp-json\/wp\/v2\/media?parent=10050"}],"wp:term":[{"taxonomy":"product_cat","embeddable":true,"href":"https:\/\/acenoxkitchenequipment.com\/de\/wp-json\/wp\/v2\/product_cat?post=10050"},{"taxonomy":"product_tag","embeddable":true,"href":"https:\/\/acenoxkitchenequipment.com\/de\/wp-json\/wp\/v2\/product_tag?post=10050"}],"curies":[{"name":"wp","href":"https:\/\/api.w.org\/{rel}","templated":true}]}}