{"id":10021,"date":"2024-07-25T15:22:43","date_gmt":"2024-07-25T07:22:43","guid":{"rendered":"https:\/\/acenoxkitchenequipment.com\/?post_type=product&#038;p=10021"},"modified":"2024-07-30T00:07:29","modified_gmt":"2024-07-29T16:07:29","slug":"cake-fridge","status":"publish","type":"product","link":"https:\/\/acenoxkitchenequipment.com\/de\/produkt\/cake-fridge\/","title":{"rendered":"Kuchenk\u00fchlschrank Modernes Design"},"content":{"rendered":"<h3>Merkmale des Kuchenk\u00fchlschranks<\/h3>\n<ul>\n<li><strong>Randloser Kuchenk\u00fchlschrank mit modernem Design<\/strong><\/li>\n<\/ul>\n<p>Nahtlose Glasverbindungen erm\u00f6glichen eine ungehinderte Sicht auf die Kuchen aus allen Winkeln und machen die Pr\u00e4sentation \u00e4u\u00dferst attraktiv. Durch weniger Hindernisse kann das Licht effektiver in der Pr\u00e4sentation verteilt werden, wodurch die Kuchen wundersch\u00f6n hervorgehoben werden.<\/p>\n<ul>\n<li><strong>Anpassen des installierten Luftbefeuchters<\/strong><\/li>\n<\/ul>\n<div class=\"JlqpRe\"><span class=\"JCzEY tNxQIb\"><span class=\"CSkcDe\">Wie kann verhindert werden, dass Kuchen in der K\u00fchlvitrine austrocknet? Bei K\u00fchlvitrine-Kuchen handelt es sich um Umluftk\u00fchlungen mit Ventilatoren zur Luftzirkulation. Wenn die K\u00fchlschrankabdichtung nicht optimal ist, k\u00f6nnen Kuchen und Geb\u00e4ck nach l\u00e4ngerem Ausblasen austrocknen.<\/span><\/span><\/div>\n<div>Wir haben in dieser Kuchenk\u00fchlvitrine einen Luftbefeuchter eingebaut, um zu verhindern, dass Kuchen und Desserts austrocknen. Sie m\u00fcssen sich nie wieder Sorgen um das Austrocknen machen!<\/div>\n<ul>\n<li><strong>Zwei oder drei Edelstahlregale zur Auswahl<\/strong><\/li>\n<\/ul>\n<p>Die Anzahl der Regale und ihre H\u00f6he k\u00f6nnen individuell angepasst werden.<\/p>\n<ul>\n<li><strong>Brille mit Antibeschlagsystem<\/strong><\/li>\n<\/ul>\n<p>Drei Seiten der Gl\u00e4ser haben eine Heizfunktion, die immer die perfekte Anzeige gew\u00e4hrleistet<\/p>\n<h3>Spezifikationen des Kuchenk\u00fchlschranks:<\/h3>\n<h3>Fotos vom Kuchenk\u00fchlschrank:<\/h3>\n<p><img fetchpriority=\"high\" decoding=\"async\" class=\"alignnone  wp-image-10074\" src=\"https:\/\/acenoxkitchenequipment.com\/wp-content\/uploads\/2024\/07\/New-design-cake-fridge.webp\" alt=\"cake fridge modern design\" width=\"647\" height=\"448\" srcset=\"https:\/\/acenoxkitchenequipment.com\/wp-content\/uploads\/2024\/07\/New-design-cake-fridge.webp 679w, https:\/\/acenoxkitchenequipment.com\/wp-content\/uploads\/2024\/07\/New-design-cake-fridge-300x208.webp 300w, https:\/\/acenoxkitchenequipment.com\/wp-content\/uploads\/2024\/07\/New-design-cake-fridge-18x12.webp 18w, https:\/\/acenoxkitchenequipment.com\/wp-content\/uploads\/2024\/07\/New-design-cake-fridge-600x415.webp 600w\" sizes=\"(max-width: 647px) 100vw, 647px\" \/><\/p>\n<p><img decoding=\"async\" class=\"alignnone  wp-image-10075\" src=\"https:\/\/acenoxkitchenequipment.com\/wp-content\/uploads\/2024\/07\/New-design-cake-fridge-2.webp\" alt=\"cake fridge modern design\" width=\"650\" height=\"448\" srcset=\"https:\/\/acenoxkitchenequipment.com\/wp-content\/uploads\/2024\/07\/New-design-cake-fridge-2.webp 680w, https:\/\/acenoxkitchenequipment.com\/wp-content\/uploads\/2024\/07\/New-design-cake-fridge-2-300x207.webp 300w, https:\/\/acenoxkitchenequipment.com\/wp-content\/uploads\/2024\/07\/New-design-cake-fridge-2-18x12.webp 18w, https:\/\/acenoxkitchenequipment.com\/wp-content\/uploads\/2024\/07\/New-design-cake-fridge-2-600x414.webp 600w\" sizes=\"(max-width: 650px) 100vw, 650px\" \/><\/p>\n<p><img decoding=\"async\" class=\"alignnone wp-image-10063\" src=\"https:\/\/acenoxkitchenequipment.com\/wp-content\/uploads\/2024\/07\/modern-cake-displays.webp\" alt=\"modern cake fridge\" width=\"651\" height=\"488\" srcset=\"https:\/\/acenoxkitchenequipment.com\/wp-content\/uploads\/2024\/07\/modern-cake-displays.webp 800w, https:\/\/acenoxkitchenequipment.com\/wp-content\/uploads\/2024\/07\/modern-cake-displays-300x225.webp 300w, https:\/\/acenoxkitchenequipment.com\/wp-content\/uploads\/2024\/07\/modern-cake-displays-768x576.webp 768w, https:\/\/acenoxkitchenequipment.com\/wp-content\/uploads\/2024\/07\/modern-cake-displays-16x12.webp 16w, https:\/\/acenoxkitchenequipment.com\/wp-content\/uploads\/2024\/07\/modern-cake-displays-600x450.webp 600w\" sizes=\"(max-width: 651px) 100vw, 651px\" \/><\/p>\n<p><img loading=\"lazy\" decoding=\"async\" class=\"alignnone wp-image-10066\" src=\"https:\/\/acenoxkitchenequipment.com\/wp-content\/uploads\/2024\/07\/pastry-cake-fridge.webp\" alt=\"cake fridge modern design\" width=\"655\" height=\"489\" srcset=\"https:\/\/acenoxkitchenequipment.com\/wp-content\/uploads\/2024\/07\/pastry-cake-fridge.webp 752w, https:\/\/acenoxkitchenequipment.com\/wp-content\/uploads\/2024\/07\/pastry-cake-fridge-300x224.webp 300w, https:\/\/acenoxkitchenequipment.com\/wp-content\/uploads\/2024\/07\/pastry-cake-fridge-16x12.webp 16w, https:\/\/acenoxkitchenequipment.com\/wp-content\/uploads\/2024\/07\/pastry-cake-fridge-600x448.webp 600w\" sizes=\"(max-width: 655px) 100vw, 655px\" \/><\/p>\n<p>&nbsp;<\/p>\n<p><img loading=\"lazy\" decoding=\"async\" class=\"wp-image-10064\" src=\"https:\/\/acenoxkitchenequipment.com\/wp-content\/uploads\/2024\/07\/cake-fridge-for-bakery.webp\" alt=\"cake fridge\" width=\"701\" height=\"701\" srcset=\"https:\/\/acenoxkitchenequipment.com\/wp-content\/uploads\/2024\/07\/cake-fridge-for-bakery.webp 800w, https:\/\/acenoxkitchenequipment.com\/wp-content\/uploads\/2024\/07\/cake-fridge-for-bakery-300x300.webp 300w, https:\/\/acenoxkitchenequipment.com\/wp-content\/uploads\/2024\/07\/cake-fridge-for-bakery-150x150.webp 150w, https:\/\/acenoxkitchenequipment.com\/wp-content\/uploads\/2024\/07\/cake-fridge-for-bakery-768x768.webp 768w, https:\/\/acenoxkitchenequipment.com\/wp-content\/uploads\/2024\/07\/cake-fridge-for-bakery-12x12.webp 12w, https:\/\/acenoxkitchenequipment.com\/wp-content\/uploads\/2024\/07\/cake-fridge-for-bakery-600x600.webp 600w, https:\/\/acenoxkitchenequipment.com\/wp-content\/uploads\/2024\/07\/cake-fridge-for-bakery-100x100.webp 100w\" sizes=\"(max-width: 701px) 100vw, 701px\" \/><\/p>\n<p>&nbsp;<\/p>\n<p>&nbsp;<\/p>\n<p>&nbsp;<\/p>","protected":false},"excerpt":{"rendered":"<ul>\n<li>Moderne \u00c4sthetik<\/li>\n<li>Supertransparente Brille mit perfekter Sicht<\/li>\n<li>Helles und lebendiges Display<\/li>\n<li>Atemberaubende und effektive Erg\u00e4nzung f\u00fcr eine B\u00e4ckerei oder ein Caf\u00e9<\/li>\n<\/ul>","protected":false},"featured_media":10060,"comment_status":"closed","ping_status":"closed","template":"","meta":{"_seopress_robots_primary_cat":"none","_seopress_titles_title":"Cake Fridge Display %%sep%%Sleek and Modern Design","_seopress_titles_desc":"Buy our lastest design of cake fridge and glass display fridge for your coffee shop or pastry store, we provide wholesale price with one year&#039;s qualiity guarantee","_seopress_robots_index":""},"product_cat":[59],"product_tag":[295],"_links":{"self":[{"href":"https:\/\/acenoxkitchenequipment.com\/de\/wp-json\/wp\/v2\/product\/10021"}],"collection":[{"href":"https:\/\/acenoxkitchenequipment.com\/de\/wp-json\/wp\/v2\/product"}],"about":[{"href":"https:\/\/acenoxkitchenequipment.com\/de\/wp-json\/wp\/v2\/types\/product"}],"replies":[{"embeddable":true,"href":"https:\/\/acenoxkitchenequipment.com\/de\/wp-json\/wp\/v2\/comments?post=10021"}],"version-history":[{"count":0,"href":"https:\/\/acenoxkitchenequipment.com\/de\/wp-json\/wp\/v2\/product\/10021\/revisions"}],"wp:featuredmedia":[{"embeddable":true,"href":"https:\/\/acenoxkitchenequipment.com\/de\/wp-json\/wp\/v2\/media\/10060"}],"wp:attachment":[{"href":"https:\/\/acenoxkitchenequipment.com\/de\/wp-json\/wp\/v2\/media?parent=10021"}],"wp:term":[{"taxonomy":"product_cat","embeddable":true,"href":"https:\/\/acenoxkitchenequipment.com\/de\/wp-json\/wp\/v2\/product_cat?post=10021"},{"taxonomy":"product_tag","embeddable":true,"href":"https:\/\/acenoxkitchenequipment.com\/de\/wp-json\/wp\/v2\/product_tag?post=10021"}],"curies":[{"name":"wp","href":"https:\/\/api.w.org\/{rel}","templated":true}]}}