{"id":10011,"date":"2024-07-22T14:45:16","date_gmt":"2024-07-22T06:45:16","guid":{"rendered":"https:\/\/acenoxkitchenequipment.com\/?post_type=product&#038;p=10011"},"modified":"2024-07-25T21:35:04","modified_gmt":"2024-07-25T13:35:04","slug":"food-warmer-display","status":"publish","type":"product","link":"https:\/\/acenoxkitchenequipment.com\/de\/produkt\/food-warmer-display\/","title":{"rendered":"Speisenw\u00e4rmer-Ausstellungstheke"},"content":{"rendered":"<h3>Merkmale der Speisenw\u00e4rmer-Ausstellungstheke<\/h3>\n<ul>\n<li>Was ist ein Speisenw\u00e4rmer-Display?<\/li>\n<\/ul>\n<p>Ein Speisenw\u00e4rmer dient zum Pr\u00e4sentieren und Warmhalten von Speisen in verschiedenen Umgebungen wie Restaurants, B\u00e4ckereien, Caf\u00e9s, Feinkostl\u00e4den und Buffets. Diese Displays sind so konzipiert, dass sie die Temperatur je nach Speisen bei 30 \u00b0C bis 60 \u00b0C halten.<\/p>\n<ul>\n<li>Geh\u00e4rtetes Glas<\/li>\n<\/ul>\n<p>Geh\u00e4rtetes Glas ist viel st\u00e4rker als normales Glas. Geh\u00e4rtetes Glas h\u00e4lt h\u00f6heren Temperaturen stand als normales Glas. Dadurch eignet es sich f\u00fcr Anwendungen wie Ofent\u00fcren, Herdplatten und Glas-Speisenw\u00e4rmerdisplays.<\/p>\n<ul>\n<li>30\u2103~60\u2103<\/li>\n<\/ul>\n<p>Dieses Warmhaltedisplay h\u00e4lt Speisen bei Temperaturen von 30 \u00b0C bis 60 \u00b0C warm. Die langlebigen, hochwertigen elektrischen Heizelemente haben eine lange Lebensdauer von \u00fcber 5 Jahren und k\u00f6nnen problemlos ausgetauscht werden. Wir bieten<\/p>\n<ul>\n<li>Langlebige Qualit\u00e4t<\/li>\n<\/ul>\n<p>Es ist nicht wie bei den anderen Lebensmitteldisplays mit schlechter Qualit\u00e4t, die nach ein paar Mal nicht mehr funktionieren. Wir k\u00f6nnen eine 1-j\u00e4hrige Qualit\u00e4tsgarantie garantieren, mit Ausnahme der Gl\u00e4ser (Gl\u00e4ser gehen kaputt, wenn Sie mit schweren Werkzeugen darauf schlagen). Egal, wie oft Sie es einschalten, egal, die LED-Leuchten oder die Heizfunktion funktionieren. Allerdings kann niemand perfekte 100%-Produkte garantieren. Sobald Teile besch\u00e4digt sind, stellen wir innerhalb der Garantiezeit kostenlose Ersatzteile zur Verf\u00fcgung.<\/p>\n<ul>\n<li>Komplett aus Edelstahl gefertigte Regale bieten<\/li>\n<\/ul>\n<p>Die gesamte Fertigung erfolgt aus rostfreiem Stahl und entspricht den Lebensmittelhygienestandards.<\/p>\n<p>&nbsp;<\/p>\n<h3>Fotos der Speisenw\u00e4rmer-Ausstellung:<\/h3>\n<figure id=\"attachment_10019\" aria-describedby=\"caption-attachment-10019\" style=\"width: 800px\" class=\"wp-caption alignnone\"><img fetchpriority=\"high\" decoding=\"async\" class=\"size-full wp-image-10019\" src=\"https:\/\/acenoxkitchenequipment.com\/wp-content\/uploads\/2024\/07\/application-of-food-warmer-display.webp\" alt=\"food warmer display countertop\" width=\"800\" height=\"800\" srcset=\"https:\/\/acenoxkitchenequipment.com\/wp-content\/uploads\/2024\/07\/application-of-food-warmer-display.webp 800w, https:\/\/acenoxkitchenequipment.com\/wp-content\/uploads\/2024\/07\/application-of-food-warmer-display-300x300.webp 300w, https:\/\/acenoxkitchenequipment.com\/wp-content\/uploads\/2024\/07\/application-of-food-warmer-display-150x150.webp 150w, https:\/\/acenoxkitchenequipment.com\/wp-content\/uploads\/2024\/07\/application-of-food-warmer-display-768x768.webp 768w, https:\/\/acenoxkitchenequipment.com\/wp-content\/uploads\/2024\/07\/application-of-food-warmer-display-12x12.webp 12w, https:\/\/acenoxkitchenequipment.com\/wp-content\/uploads\/2024\/07\/application-of-food-warmer-display-600x600.webp 600w, https:\/\/acenoxkitchenequipment.com\/wp-content\/uploads\/2024\/07\/application-of-food-warmer-display-100x100.webp 100w\" sizes=\"(max-width: 800px) 100vw, 800px\" \/><figcaption id=\"caption-attachment-10019\" class=\"wp-caption-text\">Speisenw\u00e4rmer-Ausstellungstheke<\/figcaption><\/figure>\n<p>&nbsp;<\/p>\n<p>&nbsp;<\/p>\n<p>&nbsp;<\/p>","protected":false},"excerpt":{"rendered":"<p>Solide und sichere Konstruktion sorgt f\u00fcr eine lange Lebensdauer des Displays, 1 Jahr Qualit\u00e4tsgarantie<\/p>","protected":false},"featured_media":10018,"comment_status":"closed","ping_status":"closed","template":"","meta":{"_seopress_robots_primary_cat":"none","_seopress_titles_title":"Food Warmer Display Showcase Countertop Type","_seopress_titles_desc":"Made of tempered glasses and stainless steel, this food warmer display showcase can be widely placed on counters to get impulse sales, it keeps food warm at 30\u2103~60\u2103","_seopress_robots_index":""},"product_cat":[59],"product_tag":[287],"_links":{"self":[{"href":"https:\/\/acenoxkitchenequipment.com\/de\/wp-json\/wp\/v2\/product\/10011"}],"collection":[{"href":"https:\/\/acenoxkitchenequipment.com\/de\/wp-json\/wp\/v2\/product"}],"about":[{"href":"https:\/\/acenoxkitchenequipment.com\/de\/wp-json\/wp\/v2\/types\/product"}],"replies":[{"embeddable":true,"href":"https:\/\/acenoxkitchenequipment.com\/de\/wp-json\/wp\/v2\/comments?post=10011"}],"version-history":[{"count":0,"href":"https:\/\/acenoxkitchenequipment.com\/de\/wp-json\/wp\/v2\/product\/10011\/revisions"}],"wp:featuredmedia":[{"embeddable":true,"href":"https:\/\/acenoxkitchenequipment.com\/de\/wp-json\/wp\/v2\/media\/10018"}],"wp:attachment":[{"href":"https:\/\/acenoxkitchenequipment.com\/de\/wp-json\/wp\/v2\/media?parent=10011"}],"wp:term":[{"taxonomy":"product_cat","embeddable":true,"href":"https:\/\/acenoxkitchenequipment.com\/de\/wp-json\/wp\/v2\/product_cat?post=10011"},{"taxonomy":"product_tag","embeddable":true,"href":"https:\/\/acenoxkitchenequipment.com\/de\/wp-json\/wp\/v2\/product_tag?post=10011"}],"curies":[{"name":"wp","href":"https:\/\/api.w.org\/{rel}","templated":true}]}}