{"id":40,"date":"2021-07-12T11:05:10","date_gmt":"2021-07-12T03:05:10","guid":{"rendered":"http:\/\/acenoxkitchenequipment.com\/?page_id=40"},"modified":"2024-07-21T00:03:57","modified_gmt":"2024-07-20T16:03:57","slug":"product","status":"publish","type":"page","link":"https:\/\/acenoxkitchenequipment.com\/de\/product\/","title":{"rendered":"Produkt"},"content":{"rendered":"<div data-elementor-type=\"wp-page\" data-elementor-id=\"40\" class=\"elementor elementor-40\" data-elementor-post-type=\"page\">\n\t\t\t\t\t\t<section class=\"elementor-section elementor-top-section elementor-element elementor-element-txplns6 elementor-section-height-min-height elementor-section-boxed elementor-section-height-default elementor-section-items-middle\" data-id=\"txplns6\" data-element_type=\"section\" data-settings=\"{&quot;background_background&quot;:&quot;classic&quot;}\">\n\t\t\t\t\t\t\t<div class=\"elementor-background-overlay\"><\/div>\n\t\t\t\t\t\t\t<div class=\"elementor-container elementor-column-gap-no\">\n\t\t\t\t\t<div class=\"elementor-column elementor-col-100 elementor-top-column elementor-element elementor-element-4c6db26\" data-id=\"4c6db26\" data-element_type=\"column\">\n\t\t\t<div class=\"elementor-widget-wrap elementor-element-populated\">\n\t\t\t\t\t\t<div class=\"elementor-element elementor-element-558ce53 elementor-widget__width-initial elementor-widget elementor-widget-heading\" data-id=\"558ce53\" data-element_type=\"widget\" data-widget_type=\"heading.default\">\n\t\t\t\t<div class=\"elementor-widget-container\">\n\t\t\t<h1 class=\"elementor-heading-title elementor-size-default\">Hersteller von gewerblichen K\u00fchlger\u00e4ten<\/h1>\t\t<\/div>\n\t\t\t\t<\/div>\n\t\t\t\t<div class=\"elementor-element elementor-element-b6c2875 elementor-widget elementor-widget-text-editor\" data-id=\"b6c2875\" data-element_type=\"widget\" data-widget_type=\"text-editor.default\">\n\t\t\t\t<div class=\"elementor-widget-container\">\n\t\t\t\t\t\t\t<p>E-Mail: info@acenoxkitchenequipment.com<\/p>\t\t\t\t\t\t<\/div>\n\t\t\t\t<\/div>\n\t\t\t\t\t<\/div>\n\t\t<\/div>\n\t\t\t\t\t<\/div>\n\t\t<\/section>\n\t\t\t\t<section class=\"elementor-section elementor-top-section elementor-element elementor-element-5f2ceb2 elementor-section-boxed elementor-section-height-default elementor-section-height-default\" data-id=\"5f2ceb2\" data-element_type=\"section\">\n\t\t\t\t\t\t<div class=\"elementor-container elementor-column-gap-default\">\n\t\t\t\t\t<div class=\"elementor-column elementor-col-100 elementor-top-column elementor-element elementor-element-c4a9d41\" data-id=\"c4a9d41\" data-element_type=\"column\">\n\t\t\t<div class=\"elementor-widget-wrap elementor-element-populated\">\n\t\t\t\t\t\t<div class=\"elementor-element elementor-element-1637f027 elementor-widget elementor-widget-heading\" data-id=\"1637f027\" data-element_type=\"widget\" data-widget_type=\"heading.default\">\n\t\t\t\t<div class=\"elementor-widget-container\">\n\t\t\t<h2 class=\"elementor-heading-title elementor-size-default\">Was wir definieren Unsere Produkte<\/h2>\t\t<\/div>\n\t\t\t\t<\/div>\n\t\t\t\t<section class=\"elementor-section elementor-inner-section elementor-element elementor-element-695ca6f elementor-section-boxed elementor-section-height-default elementor-section-height-default\" data-id=\"695ca6f\" data-element_type=\"section\">\n\t\t\t\t\t\t<div class=\"elementor-container elementor-column-gap-default\">\n\t\t\t\t\t<div class=\"elementor-column elementor-col-33 elementor-inner-column elementor-element elementor-element-7fc9116\" data-id=\"7fc9116\" data-element_type=\"column\">\n\t\t\t<div class=\"elementor-widget-wrap elementor-element-populated\">\n\t\t\t\t\t\t<div class=\"elementor-element elementor-element-400d28e elementor-grid-1 elementor-grid-tablet-3 elementor-grid-mobile-2 elementor-products-grid elementor-wc-products elementor-widget elementor-widget-wc-categories\" data-id=\"400d28e\" data-element_type=\"widget\" data-widget_type=\"wc-categories.default\">\n\t\t\t\t<div class=\"elementor-widget-container\">\n\t\t\t<div class=\"woocommerce columns-1\"><ul class=\"products elementor-grid columns-1\">\n<li class=\"product-category product first\">\n\t<\/li>\n<\/ul>\n<\/div>\t\t<\/div>\n\t\t\t\t<\/div>\n\t\t\t\t\t<\/div>\n\t\t<\/div>\n\t\t\t\t<div class=\"elementor-column elementor-col-33 elementor-inner-column elementor-element elementor-element-0860004\" data-id=\"0860004\" data-element_type=\"column\">\n\t\t\t<div class=\"elementor-widget-wrap elementor-element-populated\">\n\t\t\t\t\t\t<div class=\"elementor-element elementor-element-80d8f31 elementor-grid-1 elementor-grid-tablet-3 elementor-grid-mobile-2 elementor-products-grid elementor-wc-products elementor-widget elementor-widget-wc-categories\" data-id=\"80d8f31\" data-element_type=\"widget\" data-widget_type=\"wc-categories.default\">\n\t\t\t\t<div class=\"elementor-widget-container\">\n\t\t\t<div class=\"woocommerce columns-1\"><ul class=\"products elementor-grid columns-1\">\n<li class=\"product-category product first\">\n\t<\/li>\n<\/ul>\n<\/div>\t\t<\/div>\n\t\t\t\t<\/div>\n\t\t\t\t\t<\/div>\n\t\t<\/div>\n\t\t\t\t<div class=\"elementor-column elementor-col-33 elementor-inner-column elementor-element elementor-element-dbaa85b\" data-id=\"dbaa85b\" data-element_type=\"column\">\n\t\t\t<div class=\"elementor-widget-wrap elementor-element-populated\">\n\t\t\t\t\t\t<div class=\"elementor-element elementor-element-0fe3434 elementor-grid-1 elementor-grid-tablet-3 elementor-grid-mobile-2 elementor-products-grid elementor-wc-products elementor-widget elementor-widget-wc-categories\" data-id=\"0fe3434\" data-element_type=\"widget\" data-widget_type=\"wc-categories.default\">\n\t\t\t\t<div class=\"elementor-widget-container\">\n\t\t\t<div class=\"woocommerce columns-1\"><ul class=\"products elementor-grid columns-1\">\n<li class=\"product-category product first\">\n\t<\/li>\n<\/ul>\n<\/div>\t\t<\/div>\n\t\t\t\t<\/div>\n\t\t\t\t\t<\/div>\n\t\t<\/div>\n\t\t\t\t\t<\/div>\n\t\t<\/section>\n\t\t\t\t\t<\/div>\n\t\t<\/div>\n\t\t\t\t\t<\/div>\n\t\t<\/section>\n\t\t\t\t<section class=\"elementor-section elementor-top-section elementor-element elementor-element-616f0f16 elementor-section-boxed elementor-section-height-default elementor-section-height-default\" data-id=\"616f0f16\" data-element_type=\"section\">\n\t\t\t\t\t\t<div class=\"elementor-container elementor-column-gap-default\">\n\t\t\t\t\t<div class=\"elementor-column elementor-col-100 elementor-top-column elementor-element elementor-element-4bed1488\" data-id=\"4bed1488\" data-element_type=\"column\">\n\t\t\t<div class=\"elementor-widget-wrap elementor-element-populated\">\n\t\t\t\t\t\t<div class=\"elementor-element elementor-element-4eaed742 elementor-widget elementor-widget-spacer\" data-id=\"4eaed742\" data-element_type=\"widget\" data-widget_type=\"spacer.default\">\n\t\t\t\t<div class=\"elementor-widget-container\">\n\t\t\t\t\t<div class=\"elementor-spacer\">\n\t\t\t<div class=\"elementor-spacer-inner\"><\/div>\n\t\t<\/div>\n\t\t\t\t<\/div>\n\t\t\t\t<\/div>\n\t\t\t\t<div class=\"elementor-element elementor-element-3f88ffd1 elementor-widget elementor-widget-heading\" data-id=\"3f88ffd1\" data-element_type=\"widget\" data-widget_type=\"heading.default\">\n\t\t\t\t<div class=\"elementor-widget-container\">\n\t\t\t<h2 class=\"elementor-heading-title elementor-size-default\">Kommerzielle K\u00fchlger\u00e4te<\/h2>\t\t<\/div>\n\t\t\t\t<\/div>\n\t\t\t\t<div class=\"elementor-element elementor-element-12c35836 elementor-widget elementor-widget-spacer\" data-id=\"12c35836\" data-element_type=\"widget\" data-widget_type=\"spacer.default\">\n\t\t\t\t<div class=\"elementor-widget-container\">\n\t\t\t\t\t<div class=\"elementor-spacer\">\n\t\t\t<div class=\"elementor-spacer-inner\"><\/div>\n\t\t<\/div>\n\t\t\t\t<\/div>\n\t\t\t\t<\/div>\n\t\t\t\t<div class=\"elementor-element elementor-element-40b6f55e elementor-widget elementor-widget-text-editor\" data-id=\"40b6f55e\" data-element_type=\"widget\" data-widget_type=\"text-editor.default\">\n\t\t\t\t<div class=\"elementor-widget-container\">\n\t\t\t\t\t\t\t<p>Wir konzentrieren uns haupts\u00e4chlich auf die Herstellung von Edelstahl-Fertigungsger\u00e4ten und gewerblichen K\u00fchlger\u00e4ten.<\/p><p>Kommerzielle K\u00fchlger\u00e4te sind Gefrier- oder K\u00fchlger\u00e4te f\u00fcr den gewerblichen Einsatz. Sie dienen der kalten Lagerung in Unternehmen, in denen Lebensmittel gek\u00fchlt oder konserviert werden m\u00fcssen, wie z. B. in Superm\u00e4rkten, Restaurants und Gastronomiebetrieben.<\/p><ul><li><h3><span data-preserver-spaces=\"true\">Arten der gewerblichen K\u00fchlung\u00a0<\/span><\/h3><\/li><\/ul><p><span data-preserver-spaces=\"true\">Gewerbliche K\u00fchlschr\u00e4nke werden in unterschiedlichen Gr\u00f6\u00dfen und Konfigurationen hergestellt und es gibt auch verschiedene Typen. Die beste Option f\u00fcr Ihren Betrieb h\u00e4ngt davon ab, welche Ihren Anforderungen entspricht.\u00a0<\/span><\/p><p>Dies sind die in verschiedenen Betrieben am h\u00e4ufigsten verwendeten gewerblichen K\u00fchlger\u00e4te:<\/p><ol><li><h5><strong>K\u00fchl- und Gefrierschr\u00e4nke<\/strong><\/h5><\/li><\/ol><p>Sie werden h\u00e4ufig in Gro\u00dfk\u00fcchen, Lebensmittelgesch\u00e4ften und Convenience Stores verwendet.<\/p><h5><strong>\u00a0 \u00a0 2. Begehbare K\u00fchl- und Gefrierschr\u00e4nke<\/strong><\/h5><p>Begehbare Gefrierschr\u00e4nke sind g\u00e4ngige K\u00fchlger\u00e4te, die in Restaurants und Superm\u00e4rkten zu finden sind. Diese Art der K\u00fchlung ist ideal f\u00fcr Unternehmen, in denen gro\u00dfe Mengen an Lebensmitteln aufbewahrt werden, da die Gefrierschr\u00e4nke viel Platz bieten.\u00a0<\/p><h5><strong>\u00a0 \u00a03. K\u00fchlvitrinen<\/strong><\/h5><p><span data-preserver-spaces=\"true\">Wenn Ihr Unternehmen Lebensmittel oder Geb\u00e4ck k\u00fchlen und pr\u00e4sentieren muss, reichen K\u00fchlvitrinen m\u00f6glicherweise aus.\u00a0<\/span><a class=\"editor-rtfLink\" href=\"https:\/\/acenoxkitchenequipment.com\/de\/produkt-kategorie\/commercial-display-refrigerator\/\" target=\"_blank\" rel=\"noopener\"><span data-preserver-spaces=\"true\">Schauk\u00e4sten<\/span><\/a><span data-preserver-spaces=\"true\">\u00a0bieten die M\u00f6glichkeit zur Pr\u00e4sentation und Konservierung von Lebensmitteln.\u00a0<\/span><\/p><p><span data-preserver-spaces=\"true\">Ein herausragendes Merkmal von\u00a0<\/span><span data-preserver-spaces=\"true\">Vitrinen sind ihre Glast\u00fcren<\/span><span data-preserver-spaces=\"true\">, die den Kunden Einblick gew\u00e4hren. Au\u00dferdem werden einige Vitrinenmodelle ohne T\u00fcren geliefert.<\/span><\/p><h5><span data-preserver-spaces=\"true\">\u00a0 \u00a0 4. Getr\u00e4nkek\u00fchler<\/span><\/h5><p><span data-preserver-spaces=\"true\">Wie der Name schon sagt, sind Getr\u00e4nkek\u00fchler speziell f\u00fcr Getr\u00e4nke gedacht. Sie halten Getr\u00e4nke in einem voreingestellten Temperaturbereich k\u00fchl. Kommerzielle Getr\u00e4nkek\u00fchler sind je nach den Anforderungen Ihres Unternehmens in verschiedenen Gr\u00f6\u00dfen und Konfigurationen erh\u00e4ltlich. Sie k\u00f6nnen beispielsweise eine Tischversion bestellen, aber auch in eine gro\u00dfe Einheit mit viel Platz zur Lagerung vieler Getr\u00e4nke investieren.\u00a0<\/span><\/p><h5><strong><span data-preserver-spaces=\"true\">\u00a0 \u00a0 5. Eismaschinen: <\/span><\/strong><\/h5><p><span data-preserver-spaces=\"true\">\u00a0Diese Maschinen produzieren und lagern Eis f\u00fcr verschiedene Zwecke, beispielsweise zum K\u00fchlen von Getr\u00e4nken oder zum Pr\u00e4sentieren von Meeresfr\u00fcchten und Obst und Gem\u00fcse. Sie sind in verschiedenen Gr\u00f6\u00dfen und Ausf\u00fchrungen erh\u00e4ltlich, darunter modulare Modelle sowie Modelle zum Unterbauen und Aufstellen auf der Arbeitsplatte.<\/span><\/p><h5><span data-preserver-spaces=\"true\">\u00a0 \u00a0 6. K\u00fchlger\u00e4te f\u00fcr Superm\u00e4rkte<\/span><\/h5><p><span data-preserver-spaces=\"true\">\u00a0<\/span><span data-preserver-spaces=\"true\">Dazu z\u00e4hlen vor allem offene Vitrinen, Gefrierinseln und Gefriertruhen in gro\u00dfen Gr\u00f6\u00dfen.<\/span><\/p><h5><span data-preserver-spaces=\"true\">\u00a0 \u00a0 7. <\/span><span data-preserver-spaces=\"true\">Kommerzielle Bark\u00fchler<\/span><\/h5><p><span data-preserver-spaces=\"true\">Backbar-K\u00fchler sind spezielle K\u00fchleinheiten, die h\u00e4ufig in der Gastronomie, insbesondere in Bars und Restaurants, verwendet werden. Sie sind f\u00fcr den Backbar-Bereich konzipiert, der sich normalerweise hinter der Bartheke befindet.<\/span><\/p><h1>\u00a0<\/h1>\t\t\t\t\t\t<\/div>\n\t\t\t\t<\/div>\n\t\t\t\t<div class=\"elementor-element elementor-element-3b752f5f elementor-widget elementor-widget-spacer\" data-id=\"3b752f5f\" data-element_type=\"widget\" data-widget_type=\"spacer.default\">\n\t\t\t\t<div class=\"elementor-widget-container\">\n\t\t\t\t\t<div class=\"elementor-spacer\">\n\t\t\t<div class=\"elementor-spacer-inner\"><\/div>\n\t\t<\/div>\n\t\t\t\t<\/div>\n\t\t\t\t<\/div>\n\t\t\t\t\t<\/div>\n\t\t<\/div>\n\t\t\t\t\t<\/div>\n\t\t<\/section>\n\t\t\t\t<section class=\"elementor-section elementor-top-section elementor-element elementor-element-b628a4f elementor-section-boxed elementor-section-height-default elementor-section-height-default\" data-id=\"b628a4f\" data-element_type=\"section\">\n\t\t\t\t\t\t<div class=\"elementor-container elementor-column-gap-default\">\n\t\t\t\t\t<div class=\"elementor-column elementor-col-100 elementor-top-column elementor-element elementor-element-25e7bbf\" data-id=\"25e7bbf\" data-element_type=\"column\">\n\t\t\t<div class=\"elementor-widget-wrap elementor-element-populated\">\n\t\t\t\t\t\t\t<\/div>\n\t\t<\/div>\n\t\t\t\t\t<\/div>\n\t\t<\/section>\n\t\t\t\t<section class=\"elementor-section elementor-top-section elementor-element elementor-element-49f1a703 elementor-section-boxed elementor-section-height-default elementor-section-height-default\" data-id=\"49f1a703\" data-element_type=\"section\">\n\t\t\t\t\t\t<div class=\"elementor-container elementor-column-gap-default\">\n\t\t\t\t\t<div class=\"elementor-column elementor-col-50 elementor-top-column elementor-element elementor-element-3b11d41c\" data-id=\"3b11d41c\" data-element_type=\"column\">\n\t\t\t<div class=\"elementor-widget-wrap elementor-element-populated\">\n\t\t\t\t\t\t<div class=\"elementor-element elementor-element-24074632 elementor-widget elementor-widget-heading\" data-id=\"24074632\" data-element_type=\"widget\" data-widget_type=\"heading.default\">\n\t\t\t\t<div class=\"elementor-widget-container\">\n\t\t\t<h5 class=\"elementor-heading-title elementor-size-default\">Wir m\u00f6chten mit Ihnen zusammenarbeiten\n<\/h5>\t\t<\/div>\n\t\t\t\t<\/div>\n\t\t\t\t<div class=\"elementor-element elementor-element-554f80f6 elementor-widget elementor-widget-text-editor\" data-id=\"554f80f6\" data-element_type=\"widget\" data-widget_type=\"text-editor.default\">\n\t\t\t\t<div class=\"elementor-widget-container\">\n\t\t\t\t\t\t\t<p>Senden Sie uns eine Nachricht, wenn Sie Fragen haben oder ein Angebot anfordern. Unsere Experten werden Ihnen innerhalb von 24 Stunden antworten.<\/p>\t\t\t\t\t\t<\/div>\n\t\t\t\t<\/div>\n\t\t\t\t<div class=\"elementor-element elementor-element-7d4d920d elementor-icon-list--layout-traditional elementor-list-item-link-full_width elementor-widget elementor-widget-icon-list\" data-id=\"7d4d920d\" data-element_type=\"widget\" data-widget_type=\"icon-list.default\">\n\t\t\t\t<div class=\"elementor-widget-container\">\n\t\t\t\t\t<ul class=\"elementor-icon-list-items\">\n\t\t\t\t\t\t\t<li class=\"elementor-icon-list-item\">\n\t\t\t\t\t\t\t\t\t\t\t<span class=\"elementor-icon-list-icon\">\n\t\t\t\t\t\t\t<i aria-hidden=\"true\" class=\"fas fa-phone-square-alt\"><\/i>\t\t\t\t\t\t<\/span>\n\t\t\t\t\t\t\t\t\t\t<span class=\"elementor-icon-list-text\">+86 13053321900<\/span>\n\t\t\t\t\t\t\t\t\t<\/li>\n\t\t\t\t\t\t\t\t<li class=\"elementor-icon-list-item\">\n\t\t\t\t\t\t\t\t\t\t\t<span class=\"elementor-icon-list-icon\">\n\t\t\t\t\t\t\t<i aria-hidden=\"true\" class=\"fas fa-mail-bulk\"><\/i>\t\t\t\t\t\t<\/span>\n\t\t\t\t\t\t\t\t\t\t<span class=\"elementor-icon-list-text\">info@acenoxkitchenequipment.com<\/span>\n\t\t\t\t\t\t\t\t\t<\/li>\n\t\t\t\t\t\t<\/ul>\n\t\t\t\t<\/div>\n\t\t\t\t<\/div>\n\t\t\t\t\t<\/div>\n\t\t<\/div>\n\t\t\t\t<div class=\"elementor-column elementor-col-50 elementor-top-column elementor-element elementor-element-34f0bf09\" data-id=\"34f0bf09\" data-element_type=\"column\" data-settings=\"{&quot;background_background&quot;:&quot;classic&quot;}\">\n\t\t\t<div class=\"elementor-widget-wrap elementor-element-populated\">\n\t\t\t\t\t\t<div class=\"elementor-element elementor-element-7d0d29d4 elementor-button-align-center elementor-widget elementor-widget-form\" data-id=\"7d0d29d4\" data-element_type=\"widget\" data-settings=\"{&quot;step_next_label&quot;:&quot;\\u4e0b\\u4e00\\u4e2a&quot;,&quot;step_previous_label&quot;:&quot;\\u4e0a\\u4e00\\u4e2a&quot;,&quot;button_width&quot;:&quot;100&quot;,&quot;step_type&quot;:&quot;number_text&quot;,&quot;step_icon_shape&quot;:&quot;circle&quot;}\" data-widget_type=\"form.default\">\n\t\t\t\t<div class=\"elementor-widget-container\">\n\t\t\t\t\t<form class=\"elementor-form\" method=\"post\" name=\"\u65b0\u8868\u5355\" action=\"\">\n\t\t\t<input type=\"hidden\" name=\"post_id\" value=\"40\"\/>\n\t\t\t<input type=\"hidden\" name=\"form_id\" value=\"7d0d29d4\"\/>\n\t\t\t<input type=\"hidden\" name=\"referer_title\" value=\"\" \/>\n\n\t\t\t\n\t\t\t<div class=\"elementor-form-fields-wrapper elementor-labels-above\">\n\t\t\t\t\t\t\t\t<div class=\"elementor-field-type-text elementor-field-group elementor-column elementor-field-group-name elementor-col-100\">\n\t\t\t\t\t\t\t\t\t\t\t\t<label for=\"form-field-name\" class=\"elementor-field-label\">\n\t\t\t\t\t\t\t\tName\t\t\t\t\t\t\t<\/label>\n\t\t\t\t\t\t\t\t\t\t\t\t\t\t<input size=\"1\" type=\"text\" name=\"form_fields[name]\" id=\"form-field-name\" class=\"elementor-field elementor-size-sm  elementor-field-textual\">\n\t\t\t\t\t\t\t\t\t\t\t<\/div>\n\t\t\t\t\t\t\t\t<div class=\"elementor-field-type-email elementor-field-group elementor-column elementor-field-group-email elementor-col-100 elementor-field-required\">\n\t\t\t\t\t\t\t\t\t\t\t\t<label for=\"form-field-email\" class=\"elementor-field-label\">\n\t\t\t\t\t\t\t\tEmail\t\t\t\t\t\t\t<\/label>\n\t\t\t\t\t\t\t\t\t\t\t\t\t\t<input size=\"1\" type=\"email\" name=\"form_fields[email]\" id=\"form-field-email\" class=\"elementor-field elementor-size-sm  elementor-field-textual\" required=\"required\" aria-required=\"true\">\n\t\t\t\t\t\t\t\t\t\t\t<\/div>\n\t\t\t\t\t\t\t\t<div class=\"elementor-field-type-textarea elementor-field-group elementor-column elementor-field-group-message elementor-col-100\">\n\t\t\t\t\t\t\t\t\t\t\t\t<label for=\"form-field-message\" class=\"elementor-field-label\">\n\t\t\t\t\t\t\t\tNachricht\t\t\t\t\t\t\t<\/label>\n\t\t\t\t\t\t<textarea class=\"elementor-field-textual elementor-field  elementor-size-sm\" name=\"form_fields[message]\" id=\"form-field-message\" rows=\"4\"><\/textarea>\t\t\t\t<\/div>\n\t\t\t\t\t\t\t\t<div class=\"elementor-field-group elementor-column elementor-field-type-submit elementor-col-100 e-form__buttons\">\n\t\t\t\t\t<button class=\"elementor-button elementor-size-sm\" type=\"submit\">\n\t\t\t\t\t\t<span class=\"elementor-button-content-wrapper\">\n\t\t\t\t\t\t\t\t\t\t\t\t\t\t\t\t\t\t\t\t\t\t<span class=\"elementor-button-text\">Nachricht abschicken<\/span>\n\t\t\t\t\t\t\t\t\t\t\t\t\t<\/span>\n\t\t\t\t\t<\/button>\n\t\t\t\t<\/div>\n\t\t\t<\/div>\n\t\t<input type=\"hidden\" name=\"trp-form-language\" value=\"de\"\/><\/form>\n\t\t\t\t<\/div>\n\t\t\t\t<\/div>\n\t\t\t\t\t<\/div>\n\t\t<\/div>\n\t\t\t\t\t<\/div>\n\t\t<\/section>\n\t\t\t\t<\/div>","protected":false},"excerpt":{"rendered":"<p>Commercial Refrigeration Equipment Manufacturer Email: info@acenoxkitchenequipment.com What We Define Our Products Commercial Refrigeration Equipment We mainly focus on producing Stainless Steel Fabrication Equipment and Commercial Refrigeration Equipment. Commercial refrigeration equipment is a freezer or cooler used in commercial settings. It is for cold storage in businesses where food chilling or preservation is necessary, such as [&hellip;]<\/p>","protected":false},"author":1,"featured_media":0,"parent":0,"menu_order":0,"comment_status":"closed","ping_status":"closed","template":"","meta":{"_seopress_robots_primary_cat":"","_seopress_titles_title":"Product - Commercial Refrigeration Equipment Manufacturer and Supplier","_seopress_titles_desc":"Commercial Refrigeration Equipment, Cake Display Fridges, Refrigerated Display cases, Commercial Refrigerators and Freezers Mnaufacturer and Supplier in China","_seopress_robots_index":""},"_links":{"self":[{"href":"https:\/\/acenoxkitchenequipment.com\/de\/wp-json\/wp\/v2\/pages\/40"}],"collection":[{"href":"https:\/\/acenoxkitchenequipment.com\/de\/wp-json\/wp\/v2\/pages"}],"about":[{"href":"https:\/\/acenoxkitchenequipment.com\/de\/wp-json\/wp\/v2\/types\/page"}],"author":[{"embeddable":true,"href":"https:\/\/acenoxkitchenequipment.com\/de\/wp-json\/wp\/v2\/users\/1"}],"replies":[{"embeddable":true,"href":"https:\/\/acenoxkitchenequipment.com\/de\/wp-json\/wp\/v2\/comments?post=40"}],"version-history":[{"count":0,"href":"https:\/\/acenoxkitchenequipment.com\/de\/wp-json\/wp\/v2\/pages\/40\/revisions"}],"wp:attachment":[{"href":"https:\/\/acenoxkitchenequipment.com\/de\/wp-json\/wp\/v2\/media?parent=40"}],"curies":[{"name":"wp","href":"https:\/\/api.w.org\/{rel}","templated":true}]}}